{"id":27185,"date":"2017-10-16T15:18:16","date_gmt":"2017-10-16T15:18:16","guid":{"rendered":"http:\/\/laherramienta.com\/?page_id=27185"},"modified":"2024-07-31T11:13:35","modified_gmt":"2024-07-31T11:13:35","slug":"qui-sommes-nous","status":"publish","type":"page","link":"https:\/\/www.laherramienta.com\/fr\/qui-sommes-nous\/","title":{"rendered":"Qui Sommes Nous"},"content":{"rendered":"<div class=\"wpb-content-wrapper\"><p>[vc_row css_animation=\u00a0\u00bbfadeInLeft\u00a0\u00bb][vc_column]<div class=\"clearboth\"><\/div><div id=\"thegem-divider-69f32dfed0ca1\" class=\"gem-divider   gem-divider-style-2\" style=\"border-color: #445673;\" ><\/div>[vc_empty_space height=\u00a0\u00bb10px\u00a0\u00bb][\/vc_column][\/vc_row][vc_row][vc_column width=\u00a0\u00bb1\/2&Prime;][vc_single_image image=\u00a0\u00bb29874&Prime; img_size=\u00a0\u00bbfull\u00a0\u00bb][vc_empty_space height=\u00a0\u00bb10px\u00a0\u00bb][vc_column_text]<\/p>\n<h3 style=\"text-align: left;\"><span style=\"color: #445673;\">Qui Sommes Nous<\/span><\/h3>\n<p>[\/vc_column_text][vc_column_text]Dans <strong>La Herramienta Industrial<\/strong> nous sommes leaders dans la fabrication et la distribution de produits industriels dans le monde entier, avec clients finaux sur les trois continents: Am\u00e9rique, Afrique et Europe. Nous sommes sp\u00e9cialis\u00e9s en machinerie et fourniture industrielle pour des grands secteurs industriels.<\/p>\n<p>Plus de 80 ans d&rsquo;exp\u00e9rience et des centaines de clients industriels satisfaits garantissent notre savoir-faire. La vitesse, le professionnalisme, un large catalogue et une logistique int\u00e9grale, en collaboration avec la haute sp\u00e9cialisation de notre \u00e9quipe, c\u2019est sont les caract\u00e9ristiques qui d\u00e9finissent mieux <strong>La Herramienta Industrial.<\/strong> Nous travaillons avec des marques leaders et nous offrons \u00e0 nos clients un service sp\u00e9cialis\u00e9 qui suit notre philosophie: la vitesse, le professionnalisme et la qualit\u00e9 de service.[\/vc_column_text][vc_empty_space height=\u00a0\u00bb10px\u00a0\u00bb][\/vc_column][vc_column width=\u00a0\u00bb1\/2&Prime; css_animation=\u00a0\u00bbnone\u00a0\u00bb][vc_empty_space height=\u00a0\u00bb10px\u00a0\u00bb][vc_empty_space height=\u00a0\u00bb10px\u00a0\u00bb][vc_column_text]<\/p>\n<h5><span style=\"color: #445673;\">Nos \u00e9l\u00e9ments cl\u00e9s<\/span><\/h5>\n<p>[\/vc_column_text][vc_empty_space height=\u00a0\u00bb10px\u00a0\u00bb][vc_column_text]Il est essentiel de r\u00e9pondre efficacement aux exigences convenues avec les clients d\u2019une fa\u00e7on efficace et efficiente. Les clients sont la raison d\u2019\u00eatre de notre entreprise, ils nous consid\u00e8rent donc plus que de simples fournisseurs.[\/vc_column_text]<div class=\"diagram-item\"><div class=\"diagram-wrapper style-2\"><div class=\"lazy-loading lazy-loading-not-hide\" data-ll-item-delay=\"0\" > <div class=\"digram-line-box lazy-loading-item\" data-ll-effect=\"action\" data-ll-action-func=\"thegem_start_line_digram\"> <div class=\"skill-element\"> <div class=\"skill-title\">Vitesse <\/div> <div class=\"clearfix\"> <div style=\"color:#00bcd4\" class=\"skill-amount\">0%<\/div> <div class=\"skill-line\"><div data-amount=\"100\" style=\"width: 0; background: #00bcd4;\"><\/div><\/div> <\/div> <\/div> <div class=\"skill-element\"> <div class=\"skill-title\">Professionnalisme <\/div> <div class=\"clearfix\"> <div style=\"color:#31b69f\" class=\"skill-amount\">0%<\/div> <div class=\"skill-line\"><div data-amount=\"100\" style=\"width: 0; background: #31b69f;\"><\/div><\/div> <\/div> <\/div> <div class=\"skill-element\"> <div class=\"skill-title\">Sp\u00e9cialisation <\/div> <div class=\"clearfix\"> <div style=\"color:#7e74d3\" class=\"skill-amount\">0%<\/div> <div class=\"skill-line\"><div data-amount=\"100\" style=\"width: 0; background: #7e74d3;\"><\/div><\/div> <\/div> <\/div> <\/div> <\/div><\/div><\/div>[vc_empty_space height=\u00a0\u00bb10px\u00a0\u00bb]<div   class=\"gem-quote gem-quote-style-2\" ><blockquote  ><strong>Nos \u00e9l\u00e9ments cl\u00e9s: Qualit\u00e9 et un grand service.<br \/>\n<\/strong><\/blockquote><\/div>[\/vc_column][\/vc_row][vc_row css_animation=\u00a0\u00bbfadeInLeft\u00a0\u00bb css=\u00a0\u00bb.vc_custom_1508945520542{margin-top: -50px !important;}\u00a0\u00bb][vc_column]<div class=\"clearboth\"><\/div><div id=\"thegem-divider-69f32dfed1301\" class=\"gem-divider   gem-divider-style-2\" style=\"border-color: #445673;\" ><\/div>[vc_empty_space height=\u00a0\u00bb15px\u00a0\u00bb][\/vc_column][\/vc_row][vc_row][vc_column width=\u00a0\u00bb1\/3&Prime;][vc_empty_space][vc_single_image image=\u00a0\u00bb25639&Prime; img_size=\u00a0\u00bbfull\u00a0\u00bb css_animation=\u00a0\u00bbfadeIn\u00a0\u00bb][vc_empty_space][vc_single_image image=\u00a0\u00bb25640&Prime; img_size=\u00a0\u00bbfull\u00a0\u00bb css_animation=\u00a0\u00bbfadeIn\u00a0\u00bb][\/vc_column][vc_column width=\u00a0\u00bb2\/3&Prime;][vc_column_text]<\/p>\n<h6><span style=\"color: #445673;\">Mission<\/span><\/h6>\n<p>Fournir des solutions integrals \u00e0 l&rsquo;industrie avec le maximum quality standard d\u2019\u00e9quipement er technologie en garantissant la s\u00e9curit\u00e9 des personnes.<\/p>\n<h6><span style=\"color: #445673;\">Vision<\/span><\/h6>\n<p>\u00catre l\u2019entreprise qui fournit un avantage concurrentiel \u00e0 nos clients comme partenaire commercial de confiance.<\/p>\n<h6><span style=\"color: #445673;\">Valeurs<\/span><\/h6>\n<p>Innovation: Nous nous adaptons au changement pour garantir notre competitivit\u00e9 au pr\u00e9sent et \u00e0 l\u2019avenir. Responsabilit\u00e9: Nous promouvons la sant\u00e9 et la s\u00e9curit\u00e9 des personnes. Excellence: Nous cherchons l\u2019am\u00e9lioration continue comme alli\u00e9s strat\u00e9giques de nos clients et fournisseurs. Respect: Nous encourageons les relations personnelles bas\u00e9es aux confiances et le respect mutuel.[\/vc_column_text][\/vc_column][\/vc_row][vc_row][vc_column][vc_empty_space][\/vc_column][\/vc_row]<\/p>\n<\/div>","protected":false},"excerpt":{"rendered":"<p>[vc_row css_animation=\u00a0\u00bbfadeInLeft\u00a0\u00bb][vc_column][vc_empty_space height=\u00a0\u00bb10px\u00a0\u00bb][\/vc_column][\/vc_row][vc_row][vc_column width=\u00a0\u00bb1\/2&Prime;][vc_single_image image=\u00a0\u00bb29874&Prime; img_size=\u00a0\u00bbfull\u00a0\u00bb][vc_empty_space height=\u00a0\u00bb10px\u00a0\u00bb][vc_column_text] Qui Sommes Nous [\/vc_column_text][vc_column_text]Dans La Herramienta Industrial nous sommes leaders dans la fabrication et la distribution de produits industriels dans le monde entier,&#8230;<\/p>\n","protected":false},"author":9,"featured_media":0,"parent":0,"menu_order":1,"comment_status":"closed","ping_status":"closed","template":"","meta":{"footnotes":""},"class_list":["post-27185","page","type-page","status-publish"],"yoast_head":"<!-- This site is optimized with the Yoast SEO plugin v25.1 - https:\/\/yoast.com\/wordpress\/plugins\/seo\/ -->\n<title>Qui Sommes Nous - La Herramienta Industrial<\/title>\n<meta name=\"robots\" content=\"index, follow, max-snippet:-1, max-image-preview:large, max-video-preview:-1\" \/>\n<link rel=\"canonical\" href=\"https:\/\/www.laherramienta.com\/fr\/qui-sommes-nous\/\" \/>\n<meta property=\"og:locale\" content=\"fr_FR\" \/>\n<meta property=\"og:type\" content=\"article\" \/>\n<meta property=\"og:title\" content=\"Qui Sommes Nous - La Herramienta Industrial\" \/>\n<meta property=\"og:description\" content=\"[vc_row css_animation=\u00a0\u00bbfadeInLeft\u00a0\u00bb][vc_column][vc_empty_space height=\u00a0\u00bb10px\u00a0\u00bb][\/vc_column][\/vc_row][vc_row][vc_column width=\u00a0\u00bb1\/2&Prime;][vc_single_image image=\u00a0\u00bb29874&Prime; img_size=\u00a0\u00bbfull\u00a0\u00bb][vc_empty_space height=\u00a0\u00bb10px\u00a0\u00bb][vc_column_text] Qui Sommes Nous [\/vc_column_text][vc_column_text]Dans La Herramienta Industrial nous sommes leaders dans la fabrication et la distribution de produits industriels dans le monde entier,...\" \/>\n<meta property=\"og:url\" content=\"https:\/\/www.laherramienta.com\/fr\/qui-sommes-nous\/\" \/>\n<meta property=\"og:site_name\" content=\"La Herramienta Industrial\" \/>\n<meta property=\"article:modified_time\" content=\"2024-07-31T11:13:35+00:00\" \/>\n<meta name=\"twitter:card\" content=\"summary_large_image\" \/>\n<meta name=\"twitter:label1\" content=\"Dur\u00e9e de lecture estim\u00e9e\" \/>\n\t<meta name=\"twitter:data1\" content=\"2 minutes\" \/>\n<script type=\"application\/ld+json\" class=\"yoast-schema-graph\">{\"@context\":\"https:\/\/schema.org\",\"@graph\":[{\"@type\":\"WebPage\",\"@id\":\"https:\/\/www.laherramienta.com\/fr\/qui-sommes-nous\/\",\"url\":\"https:\/\/www.laherramienta.com\/fr\/qui-sommes-nous\/\",\"name\":\"Qui Sommes Nous - La Herramienta Industrial\",\"isPartOf\":{\"@id\":\"https:\/\/www.laherramienta.com\/#website\"},\"datePublished\":\"2017-10-16T15:18:16+00:00\",\"dateModified\":\"2024-07-31T11:13:35+00:00\",\"breadcrumb\":{\"@id\":\"https:\/\/www.laherramienta.com\/fr\/qui-sommes-nous\/#breadcrumb\"},\"inLanguage\":\"fr-FR\",\"potentialAction\":[{\"@type\":\"ReadAction\",\"target\":[\"https:\/\/www.laherramienta.com\/fr\/qui-sommes-nous\/\"]}]},{\"@type\":\"BreadcrumbList\",\"@id\":\"https:\/\/www.laherramienta.com\/fr\/qui-sommes-nous\/#breadcrumb\",\"itemListElement\":[{\"@type\":\"ListItem\",\"position\":1,\"name\":\"Portada\",\"item\":\"https:\/\/www.laherramienta.com\/fr\/\"},{\"@type\":\"ListItem\",\"position\":2,\"name\":\"Qui Sommes Nous\"}]},{\"@type\":\"WebSite\",\"@id\":\"https:\/\/www.laherramienta.com\/#website\",\"url\":\"https:\/\/www.laherramienta.com\/\",\"name\":\"La Herramienta Industrial\",\"description\":\"Maquinaria, grandes equipos y suministro industrial.\",\"publisher\":{\"@id\":\"https:\/\/www.laherramienta.com\/#organization\"},\"potentialAction\":[{\"@type\":\"SearchAction\",\"target\":{\"@type\":\"EntryPoint\",\"urlTemplate\":\"https:\/\/www.laherramienta.com\/?s={search_term_string}\"},\"query-input\":{\"@type\":\"PropertyValueSpecification\",\"valueRequired\":true,\"valueName\":\"search_term_string\"}}],\"inLanguage\":\"fr-FR\"},{\"@type\":\"Organization\",\"@id\":\"https:\/\/www.laherramienta.com\/#organization\",\"name\":\"La Herramienta Industrial\",\"url\":\"https:\/\/www.laherramienta.com\/\",\"logo\":{\"@type\":\"ImageObject\",\"inLanguage\":\"fr-FR\",\"@id\":\"https:\/\/www.laherramienta.com\/#\/schema\/logo\/image\/\",\"url\":\"https:\/\/www.laherramienta.com\/wp-content\/uploads\/2016\/03\/gslhi-150-1-e1491298698248.png\",\"contentUrl\":\"https:\/\/www.laherramienta.com\/wp-content\/uploads\/2016\/03\/gslhi-150-1-e1491298698248.png\",\"width\":100,\"height\":100,\"caption\":\"La Herramienta Industrial\"},\"image\":{\"@id\":\"https:\/\/www.laherramienta.com\/#\/schema\/logo\/image\/\"}}]}<\/script>\n<!-- \/ Yoast SEO plugin. -->","yoast_head_json":{"title":"Qui Sommes Nous - La Herramienta Industrial","robots":{"index":"index","follow":"follow","max-snippet":"max-snippet:-1","max-image-preview":"max-image-preview:large","max-video-preview":"max-video-preview:-1"},"canonical":"https:\/\/www.laherramienta.com\/fr\/qui-sommes-nous\/","og_locale":"fr_FR","og_type":"article","og_title":"Qui Sommes Nous - La Herramienta Industrial","og_description":"[vc_row css_animation=\u00a0\u00bbfadeInLeft\u00a0\u00bb][vc_column][vc_empty_space height=\u00a0\u00bb10px\u00a0\u00bb][\/vc_column][\/vc_row][vc_row][vc_column width=\u00a0\u00bb1\/2&Prime;][vc_single_image image=\u00a0\u00bb29874&Prime; img_size=\u00a0\u00bbfull\u00a0\u00bb][vc_empty_space height=\u00a0\u00bb10px\u00a0\u00bb][vc_column_text] Qui Sommes Nous [\/vc_column_text][vc_column_text]Dans La Herramienta Industrial nous sommes leaders dans la fabrication et la distribution de produits industriels dans le monde entier,...","og_url":"https:\/\/www.laherramienta.com\/fr\/qui-sommes-nous\/","og_site_name":"La Herramienta Industrial","article_modified_time":"2024-07-31T11:13:35+00:00","twitter_card":"summary_large_image","twitter_misc":{"Dur\u00e9e de lecture estim\u00e9e":"2 minutes"},"schema":{"@context":"https:\/\/schema.org","@graph":[{"@type":"WebPage","@id":"https:\/\/www.laherramienta.com\/fr\/qui-sommes-nous\/","url":"https:\/\/www.laherramienta.com\/fr\/qui-sommes-nous\/","name":"Qui Sommes Nous - La Herramienta Industrial","isPartOf":{"@id":"https:\/\/www.laherramienta.com\/#website"},"datePublished":"2017-10-16T15:18:16+00:00","dateModified":"2024-07-31T11:13:35+00:00","breadcrumb":{"@id":"https:\/\/www.laherramienta.com\/fr\/qui-sommes-nous\/#breadcrumb"},"inLanguage":"fr-FR","potentialAction":[{"@type":"ReadAction","target":["https:\/\/www.laherramienta.com\/fr\/qui-sommes-nous\/"]}]},{"@type":"BreadcrumbList","@id":"https:\/\/www.laherramienta.com\/fr\/qui-sommes-nous\/#breadcrumb","itemListElement":[{"@type":"ListItem","position":1,"name":"Portada","item":"https:\/\/www.laherramienta.com\/fr\/"},{"@type":"ListItem","position":2,"name":"Qui Sommes Nous"}]},{"@type":"WebSite","@id":"https:\/\/www.laherramienta.com\/#website","url":"https:\/\/www.laherramienta.com\/","name":"La Herramienta Industrial","description":"Maquinaria, grandes equipos y suministro industrial.","publisher":{"@id":"https:\/\/www.laherramienta.com\/#organization"},"potentialAction":[{"@type":"SearchAction","target":{"@type":"EntryPoint","urlTemplate":"https:\/\/www.laherramienta.com\/?s={search_term_string}"},"query-input":{"@type":"PropertyValueSpecification","valueRequired":true,"valueName":"search_term_string"}}],"inLanguage":"fr-FR"},{"@type":"Organization","@id":"https:\/\/www.laherramienta.com\/#organization","name":"La Herramienta Industrial","url":"https:\/\/www.laherramienta.com\/","logo":{"@type":"ImageObject","inLanguage":"fr-FR","@id":"https:\/\/www.laherramienta.com\/#\/schema\/logo\/image\/","url":"https:\/\/www.laherramienta.com\/wp-content\/uploads\/2016\/03\/gslhi-150-1-e1491298698248.png","contentUrl":"https:\/\/www.laherramienta.com\/wp-content\/uploads\/2016\/03\/gslhi-150-1-e1491298698248.png","width":100,"height":100,"caption":"La Herramienta Industrial"},"image":{"@id":"https:\/\/www.laherramienta.com\/#\/schema\/logo\/image\/"}}]}},"_links":{"self":[{"href":"https:\/\/www.laherramienta.com\/fr\/wp-json\/wp\/v2\/pages\/27185","targetHints":{"allow":["GET"]}}],"collection":[{"href":"https:\/\/www.laherramienta.com\/fr\/wp-json\/wp\/v2\/pages"}],"about":[{"href":"https:\/\/www.laherramienta.com\/fr\/wp-json\/wp\/v2\/types\/page"}],"author":[{"embeddable":true,"href":"https:\/\/www.laherramienta.com\/fr\/wp-json\/wp\/v2\/users\/9"}],"replies":[{"embeddable":true,"href":"https:\/\/www.laherramienta.com\/fr\/wp-json\/wp\/v2\/comments?post=27185"}],"version-history":[{"count":5,"href":"https:\/\/www.laherramienta.com\/fr\/wp-json\/wp\/v2\/pages\/27185\/revisions"}],"predecessor-version":[{"id":29877,"href":"https:\/\/www.laherramienta.com\/fr\/wp-json\/wp\/v2\/pages\/27185\/revisions\/29877"}],"wp:attachment":[{"href":"https:\/\/www.laherramienta.com\/fr\/wp-json\/wp\/v2\/media?parent=27185"}],"curies":[{"name":"wp","href":"https:\/\/api.w.org\/{rel}","templated":true}]}}