{"id":27192,"date":"2017-10-23T14:49:06","date_gmt":"2017-10-23T14:49:06","guid":{"rendered":"http:\/\/laherramienta.com\/?page_id=27192"},"modified":"2022-01-19T08:56:57","modified_gmt":"2022-01-19T08:56:57","slug":"fournisseurs","status":"publish","type":"page","link":"https:\/\/www.laherramienta.com\/fr\/fournisseurs\/","title":{"rendered":"Fournisseurs"},"content":{"rendered":"<div class=\"wpb-content-wrapper\"><p>[vc_row css_animation=\u00a0\u00bbfadeInLeft\u00a0\u00bb][vc_column]<div class=\"clearboth\"><\/div><div id=\"thegem-divider-69ded2b59b6d7\" class=\"gem-divider   gem-divider-style-2\" style=\"border-color: #445673;\" ><\/div>[vc_empty_space height=\u00a0\u00bb10px\u00a0\u00bb][\/vc_column][\/vc_row][vc_row][vc_column width=\u00a0\u00bb1\/2&Prime;][vc_single_image image=\u00a0\u00bb24720&Prime; img_size=\u00a0\u00bbfull\u00a0\u00bb][vc_empty_space height=\u00a0\u00bb10px\u00a0\u00bb][vc_column_text]<\/p>\n<h2><span style=\"color: #445673;\">Fournisseurs<\/span><\/h2>\n<p>[\/vc_column_text][vc_column_text]Dans <strong>La Herramienta Industrial<\/strong>, nous travaillons avec les meilleurs fabricants dans le monde entier de toute sp\u00e9cialit\u00e9. Nos fournisseurs sont situ\u00e9s en Europe (Espagne, Allemagne, France &#8230;), aux Etats-Unis, Australie, Canada, Afrique du Sud, etc.<\/p>\n<p>Toujours avec l\u2019objetif d\u2019offrir \u00e0 nos clients la qualit\u00e9 m\u00e1ximum et le meilleur service, avec un haut degr\u00e9 de sp\u00e9cialisation. Les entreprises de notre groupe disposent d\u2019un large r\u00e9seau d\u2019alliances qui leur permettent de maintenir un avantage concurrentiel dans le d\u00e9veloppement de solutions r\u00e9pondant aux besoins de nos clients.[\/vc_column_text][\/vc_column][vc_column width=\u00a0\u00bb1\/2&Prime;][vc_empty_space height=\u00a0\u00bb10px\u00a0\u00bb][vc_column_text]<\/p>\n<h5><span style=\"color: #445673;\">Nous les choisissons pour:<\/span><\/h5>\n<p>[\/vc_column_text][vc_empty_space height=\u00a0\u00bb10px\u00a0\u00bb]<div class=\"diagram-item\"><div class=\"diagram-wrapper style-2\"><div class=\"lazy-loading lazy-loading-not-hide\" data-ll-item-delay=\"0\" > <div class=\"digram-line-box lazy-loading-item\" data-ll-effect=\"action\" data-ll-action-func=\"thegem_start_line_digram\"> <div class=\"skill-element\"> <div class=\"skill-title\">Qualit\u00e9 <\/div> <div class=\"clearfix\"> <div style=\"color:#00bcd4\" class=\"skill-amount\">0%<\/div> <div class=\"skill-line\"><div data-amount=\"100\" style=\"width: 0; background: #00bcd4;\"><\/div><\/div> <\/div> <\/div> <div class=\"skill-element\"> <div class=\"skill-title\">Disponibilit\u00e9 <\/div> <div class=\"clearfix\"> <div style=\"color:#31b69f\" class=\"skill-amount\">0%<\/div> <div class=\"skill-line\"><div data-amount=\"98\" style=\"width: 0; background: #31b69f;\"><\/div><\/div> <\/div> <\/div> <div class=\"skill-element\"> <div class=\"skill-title\">Garantie <\/div> <div class=\"clearfix\"> <div style=\"color:#7e74d3\" class=\"skill-amount\">0%<\/div> <div class=\"skill-line\"><div data-amount=\"100\" style=\"width: 0; background: #7e74d3;\"><\/div><\/div> <\/div> <\/div> <\/div> <\/div><\/div><\/div>[vc_empty_space height=\u00a0\u00bb15px\u00a0\u00bb]<div class=\"clearboth\"><\/div><div id=\"thegem-divider-69ded2b59bbab\" class=\"gem-divider   gem-divider-style-2\" style=\"border-color: #445673;\" ><\/div>[vc_empty_space height=\u00a0\u00bb30px\u00a0\u00bb][vc_column_text]Nous avons des accords pr\u00e9f\u00e9rentiels avec plus de 200 partenaires dans les diff\u00e9rents domaines du monde industriel, ce qui nous permet d\u2019offrir le plus grand nombre d\u2019alternatives, et aussi une solution globale qui arrive n\u2019importe o\u00f9.<\/p>\n<p>Tous nos fournisseurs sont leaders dans leur domaine et sont enti\u00e8rement certifi\u00e9s. Nous avons des accords avec les diff\u00e9rentes entreprises de logistique, aussi terrestres que maritimes ou a\u00e9riennes. Cela nous permet lui garantir la r\u00e9ception de vottre commande dans quelque lieu du monde et avec un d\u00e9lai de livraison conforme \u00e0 vous besoins.[\/vc_column_text][\/vc_column][\/vc_row][vc_row css_animation=\u00a0\u00bbfadeInLeft\u00a0\u00bb][vc_column css=\u00a0\u00bb.vc_custom_1508835359925{margin-top: -50px !important;}\u00a0\u00bb][vc_empty_space height=\u00a0\u00bb40px\u00a0\u00bb]<div class=\"clearboth\"><\/div><div id=\"thegem-divider-69ded2b59bbd0\" class=\"gem-divider   gem-divider-style-2\" style=\"border-color: #445673;\" ><\/div>[vc_empty_space height=\u00a0\u00bb15px\u00a0\u00bb][\/vc_column][\/vc_row][vc_row][vc_column css=\u00a0\u00bb.vc_custom_1508835359925{margin-top: -50px !important;}\u00a0\u00bb][vc_empty_space height=\u00a0\u00bb40px\u00a0\u00bb][vc_column_text]<\/p>\n<h5 style=\"text-align: left;\"><span style=\"color: #445673;\">Certains de nos fournisseurs<\/span><\/h5>\n<p>[\/vc_column_text][vc_empty_space height=\u00a0\u00bb10px\u00a0\u00bb]<div class=\"preloader\"><div class=\"preloader-spin\"><\/div><\/div><div class=\"gem-clients gem-clients-type-carousel-grid \" data-autoscroll=\"0\"><div class=\"gem-clients-slide\"><div class=\"gem-clients-slide-inner clearfix\"> <div id=\"post-23831\" class=\"gem-client-item post-23831 thegem_client type-thegem_client status-publish has-post-thumbnail\" style=\"width: 16.666666666667%;\" > <a href=\"http:\/\/www.3m.com.es\" target=\"_blank\" class=\"gscale\"> <img width=\"200\" height=\"200\" src=\"https:\/\/www.laherramienta.com\/wp-content\/uploads\/2016\/04\/3m.png\" class=\"img-responsive wp-post-image\" alt=\"3m\" \/>\t<\/a> <\/div> <div id=\"post-25152\" class=\"gem-client-item post-25152 thegem_client type-thegem_client status-publish has-post-thumbnail\" style=\"width: 16.666666666667%;\" > <span href=\"#\" target=\"_self\" class=\"gscale\"> <img width=\"200\" height=\"200\" src=\"https:\/\/www.laherramienta.com\/wp-content\/uploads\/2017\/10\/adepi.png\" class=\"img-responsive wp-post-image\" alt=\"adeepi\" \/>\t<\/span> <\/div> <div id=\"post-25154\" class=\"gem-client-item post-25154 thegem_client type-thegem_client status-publish has-post-thumbnail\" style=\"width: 16.666666666667%;\" > <span href=\"#\" target=\"_self\" class=\"gscale\"> <img width=\"200\" height=\"200\" src=\"https:\/\/www.laherramienta.com\/wp-content\/uploads\/2017\/10\/ansell.png\" class=\"img-responsive wp-post-image\" alt=\"ansell\" \/>\t<\/span> <\/div> <div id=\"post-25156\" class=\"gem-client-item post-25156 thegem_client type-thegem_client status-publish has-post-thumbnail\" style=\"width: 16.666666666667%;\" > <span href=\"#\" target=\"_self\" class=\"gscale\"> <img width=\"200\" height=\"200\" src=\"https:\/\/www.laherramienta.com\/wp-content\/uploads\/2017\/10\/bellota.png\" class=\"img-responsive wp-post-image\" alt=\"bellota\" \/>\t<\/span> <\/div> <div id=\"post-25158\" class=\"gem-client-item post-25158 thegem_client type-thegem_client status-publish has-post-thumbnail\" style=\"width: 16.666666666667%;\" > <span href=\"#\" target=\"_self\" class=\"gscale\"> <img width=\"200\" height=\"200\" src=\"https:\/\/www.laherramienta.com\/wp-content\/uploads\/2017\/10\/bosch.png\" class=\"img-responsive wp-post-image\" alt=\"bosch\" \/>\t<\/span> <\/div> <div id=\"post-25160\" class=\"gem-client-item post-25160 thegem_client type-thegem_client status-publish has-post-thumbnail\" style=\"width: 16.666666666667%;\" > <span href=\"#\" target=\"_self\" class=\"gscale\"> <img width=\"200\" height=\"200\" src=\"https:\/\/www.laherramienta.com\/wp-content\/uploads\/2017\/10\/drager.png\" class=\"img-responsive wp-post-image\" alt=\"drager\" \/>\t<\/span> <\/div> <div id=\"post-25162\" class=\"gem-client-item post-25162 thegem_client type-thegem_client status-publish has-post-thumbnail\" style=\"width: 16.666666666667%;\" > <span href=\"#\" target=\"_self\" class=\"gscale\"> <img width=\"200\" height=\"200\" src=\"https:\/\/www.laherramienta.com\/wp-content\/uploads\/2017\/10\/dupont.png\" class=\"img-responsive wp-post-image\" alt=\"dupont\" \/>\t<\/span> <\/div> <div id=\"post-25164\" class=\"gem-client-item post-25164 thegem_client type-thegem_client status-publish has-post-thumbnail\" style=\"width: 16.666666666667%;\" > <span href=\"#\" target=\"_self\" class=\"gscale\"> <img width=\"200\" height=\"200\" src=\"https:\/\/www.laherramienta.com\/wp-content\/uploads\/2017\/10\/facom.png\" class=\"img-responsive wp-post-image\" alt=\"facom\" \/>\t<\/span> <\/div> <div id=\"post-25166\" class=\"gem-client-item post-25166 thegem_client type-thegem_client status-publish has-post-thumbnail\" style=\"width: 16.666666666667%;\" > <span href=\"#\" target=\"_self\" class=\"gscale\"> <img width=\"200\" height=\"200\" src=\"https:\/\/www.laherramienta.com\/wp-content\/uploads\/2017\/10\/format.png\" class=\"img-responsive wp-post-image\" alt=\"format\" \/>\t<\/span> <\/div> <div id=\"post-25168\" class=\"gem-client-item post-25168 thegem_client type-thegem_client status-publish has-post-thumbnail\" style=\"width: 16.666666666667%;\" > <span href=\"#\" target=\"_self\" class=\"gscale\"> <img width=\"200\" height=\"200\" src=\"https:\/\/www.laherramienta.com\/wp-content\/uploads\/2017\/10\/gedore.png\" class=\"img-responsive wp-post-image\" alt=\"gedore\" \/>\t<\/span> <\/div> <div id=\"post-25170\" class=\"gem-client-item post-25170 thegem_client type-thegem_client status-publish has-post-thumbnail\" style=\"width: 16.666666666667%;\" > <span href=\"#\" target=\"_self\" class=\"gscale\"> <img width=\"200\" height=\"200\" src=\"https:\/\/www.laherramienta.com\/wp-content\/uploads\/2017\/10\/guhring.png\" class=\"img-responsive wp-post-image\" alt=\"guhring\" \/>\t<\/span> <\/div> <div id=\"post-25172\" class=\"gem-client-item post-25172 thegem_client type-thegem_client status-publish has-post-thumbnail\" style=\"width: 16.666666666667%;\" > <span href=\"#\" target=\"_self\" class=\"gscale\"> <img width=\"200\" height=\"200\" src=\"https:\/\/www.laherramienta.com\/wp-content\/uploads\/2017\/10\/indutex.png\" class=\"img-responsive wp-post-image\" alt=\"indutex\" \/>\t<\/span> <\/div> <div id=\"post-25173\" class=\"gem-client-item post-25173 thegem_client type-thegem_client status-publish has-post-thumbnail\" style=\"width: 16.666666666667%;\" > <span href=\"#\" target=\"_self\" class=\"gscale\"> <img width=\"200\" height=\"200\" src=\"https:\/\/www.laherramienta.com\/wp-content\/uploads\/2017\/10\/ingersoll.png\" class=\"img-responsive wp-post-image\" alt=\"ingersoll\" \/>\t<\/span> <\/div> <div id=\"post-25175\" class=\"gem-client-item post-25175 thegem_client type-thegem_client status-publish has-post-thumbnail\" style=\"width: 16.666666666667%;\" > <span href=\"#\" target=\"_self\" class=\"gscale\"> <img width=\"200\" height=\"200\" src=\"https:\/\/www.laherramienta.com\/wp-content\/uploads\/2017\/10\/loctite.png\" class=\"img-responsive wp-post-image\" alt=\"loctite\" \/>\t<\/span> <\/div> <div id=\"post-25177\" class=\"gem-client-item post-25177 thegem_client type-thegem_client status-publish has-post-thumbnail\" style=\"width: 16.666666666667%;\" > <span href=\"#\" target=\"_self\" class=\"gscale\"> <img width=\"200\" height=\"200\" src=\"https:\/\/www.laherramienta.com\/wp-content\/uploads\/2017\/10\/metabo.png\" class=\"img-responsive wp-post-image\" alt=\"metabo\" \/>\t<\/span> <\/div> <div id=\"post-25179\" class=\"gem-client-item post-25179 thegem_client type-thegem_client status-publish has-post-thumbnail\" style=\"width: 16.666666666667%;\" > <span href=\"#\" target=\"_self\" class=\"gscale\"> <img width=\"200\" height=\"200\" src=\"https:\/\/www.laherramienta.com\/wp-content\/uploads\/2017\/10\/uvex.png\" class=\"img-responsive wp-post-image\" alt=\"uvex\" \/>\t<\/span> <\/div> <div id=\"post-25181\" class=\"gem-client-item post-25181 thegem_client type-thegem_client status-publish has-post-thumbnail\" style=\"width: 16.666666666667%;\" > <span href=\"#\" target=\"_self\" class=\"gscale\"> <img width=\"200\" height=\"200\" src=\"https:\/\/www.laherramienta.com\/wp-content\/uploads\/2017\/10\/wika.png\" class=\"img-responsive wp-post-image\" alt=\"wika\" \/>\t<\/span> <\/div><\/div><\/div><\/div>[\/vc_column][\/vc_row][vc_row css_animation=\u00a0\u00bbfadeInLeft\u00a0\u00bb][vc_column css_animation=\u00a0\u00bbappear\u00a0\u00bb]<div   class=\"gem-quote gem-quote-style-2\" ><blockquote  ><strong>Qualit\u00e9, support et fabrication europ\u00e9enne et occidentale \u00e0 votre port\u00e9e.<\/strong><\/blockquote><\/div>[\/vc_column][\/vc_row][vc_row][vc_column css=\u00a0\u00bb.vc_custom_1508835359925{margin-top: -50px !important;}\u00a0\u00bb]<div class=\"clearboth\"><\/div><div id=\"thegem-divider-69ded2b59f2cf\" class=\"gem-divider   gem-divider-style-2\" style=\"border-color: #445673;\" ><\/div>[vc_empty_space height=\u00a0\u00bb10px\u00a0\u00bb][\/vc_column][\/vc_row][vc_row css=\u00a0\u00bb.vc_custom_1508772041782{margin-top: -20px !important;}\u00a0\u00bb][vc_column width=\u00a0\u00bb1\/3&Prime;][vc_single_image image=\u00a0\u00bb25889&Prime; img_size=\u00a0\u00bbfull\u00a0\u00bb css_animation=\u00a0\u00bbfadeInLeft\u00a0\u00bb][vc_empty_space][vc_single_image image=\u00a0\u00bb25890&Prime; img_size=\u00a0\u00bbfull\u00a0\u00bb css_animation=\u00a0\u00bbfadeInLeft\u00a0\u00bb][\/vc_column][vc_column width=\u00a0\u00bb2\/3&Prime;][vc_empty_space height=\u00a0\u00bb15px\u00a0\u00bb][vc_column_text]<\/p>\n<h4>Logistique<\/h4>\n<p>[\/vc_column_text][vc_column_text]Nous disposons d\u2019un large r\u00e9seau d\u2019entreprises de soutien logistique, ce qui nous permettons de fournir des services logistiques globaux. Les commandes sont transport\u00e9es par air, mer et terre. \u00c0 partir de la confirmation de la commande, notre \u00e9quipe multilingue vous conseillera personnellement. Le personnel sp\u00e9cialis\u00e9 vous garantit la bonne manutention des marchandises.<\/p>\n<p>Si vous avez besoin, nous nous occupons aussi du transport r\u00e9gulier entre notre entrep\u00f4t et votre centre de production (porte \u00e0 porte). Naturellement, nous synchronisons des horaires et d\u00e9veloppons un concept individuel pour vous qui s\u2019adapte aux conditions locales, telles comme l\u2019accessibilit\u00e9, les distances, le climat, etc. Nous sommes certifi\u00e9s avec la norme ISO 9001:2008.[\/vc_column_text][\/vc_column][\/vc_row][vc_row full_width=\u00a0\u00bbstretch_row_content\u00a0\u00bb][vc_column][vc_separator][vc_column_text]<\/p>\n<p style=\"text-align: center;\"><small>Toutes les marques et les logos des produits pr\u00e9sent\u00e9s sur ce site appartiennent \u00e0 leurs propri\u00e9taires respectifs. \u00c0 ce titre, ils sont reconnus par l&rsquo;outil industriel et sont utilis\u00e9s sur ce site des fins d\u00e9claratives seulement.<\/small><\/p>\n<p>[\/vc_column_text][\/vc_column][\/vc_row]<\/p>\n<\/div>","protected":false},"excerpt":{"rendered":"<p>[vc_row css_animation=\u00a0\u00bbfadeInLeft\u00a0\u00bb][vc_column][vc_empty_space height=\u00a0\u00bb10px\u00a0\u00bb][\/vc_column][\/vc_row][vc_row][vc_column width=\u00a0\u00bb1\/2&Prime;][vc_single_image image=\u00a0\u00bb24720&Prime; img_size=\u00a0\u00bbfull\u00a0\u00bb][vc_empty_space height=\u00a0\u00bb10px\u00a0\u00bb][vc_column_text] Fournisseurs [\/vc_column_text][vc_column_text]Dans La Herramienta Industrial, nous travaillons avec les meilleurs fabricants dans le monde entier de toute sp\u00e9cialit\u00e9. Nos fournisseurs sont situ\u00e9s en&#8230;<\/p>\n","protected":false},"author":9,"featured_media":0,"parent":0,"menu_order":1,"comment_status":"closed","ping_status":"closed","template":"","meta":{"footnotes":""},"class_list":["post-27192","page","type-page","status-publish"],"yoast_head":"<!-- This site is optimized with the Yoast SEO plugin v25.1 - https:\/\/yoast.com\/wordpress\/plugins\/seo\/ -->\n<title>Fournisseurs - La Herramienta Industrial<\/title>\n<meta name=\"robots\" content=\"index, follow, max-snippet:-1, max-image-preview:large, max-video-preview:-1\" \/>\n<link rel=\"canonical\" href=\"https:\/\/www.laherramienta.com\/fr\/fournisseurs\/\" \/>\n<meta property=\"og:locale\" content=\"fr_FR\" \/>\n<meta property=\"og:type\" content=\"article\" \/>\n<meta property=\"og:title\" content=\"Fournisseurs - La Herramienta Industrial\" \/>\n<meta property=\"og:description\" content=\"[vc_row css_animation=\u00a0\u00bbfadeInLeft\u00a0\u00bb][vc_column][vc_empty_space height=\u00a0\u00bb10px\u00a0\u00bb][\/vc_column][\/vc_row][vc_row][vc_column width=\u00a0\u00bb1\/2&Prime;][vc_single_image image=\u00a0\u00bb24720&Prime; img_size=\u00a0\u00bbfull\u00a0\u00bb][vc_empty_space height=\u00a0\u00bb10px\u00a0\u00bb][vc_column_text] Fournisseurs [\/vc_column_text][vc_column_text]Dans La Herramienta Industrial, nous travaillons avec les meilleurs fabricants dans le monde entier de toute sp\u00e9cialit\u00e9. Nos fournisseurs sont situ\u00e9s en...\" \/>\n<meta property=\"og:url\" content=\"https:\/\/www.laherramienta.com\/fr\/fournisseurs\/\" \/>\n<meta property=\"og:site_name\" content=\"La Herramienta Industrial\" \/>\n<meta property=\"article:modified_time\" content=\"2022-01-19T08:56:57+00:00\" \/>\n<meta name=\"twitter:card\" content=\"summary_large_image\" \/>\n<meta name=\"twitter:label1\" content=\"Dur\u00e9e de lecture estim\u00e9e\" \/>\n\t<meta name=\"twitter:data1\" content=\"3 minutes\" \/>\n<script type=\"application\/ld+json\" class=\"yoast-schema-graph\">{\"@context\":\"https:\/\/schema.org\",\"@graph\":[{\"@type\":\"WebPage\",\"@id\":\"https:\/\/www.laherramienta.com\/fr\/fournisseurs\/\",\"url\":\"https:\/\/www.laherramienta.com\/fr\/fournisseurs\/\",\"name\":\"Fournisseurs - La Herramienta Industrial\",\"isPartOf\":{\"@id\":\"https:\/\/www.laherramienta.com\/#website\"},\"datePublished\":\"2017-10-23T14:49:06+00:00\",\"dateModified\":\"2022-01-19T08:56:57+00:00\",\"breadcrumb\":{\"@id\":\"https:\/\/www.laherramienta.com\/fr\/fournisseurs\/#breadcrumb\"},\"inLanguage\":\"fr-FR\",\"potentialAction\":[{\"@type\":\"ReadAction\",\"target\":[\"https:\/\/www.laherramienta.com\/fr\/fournisseurs\/\"]}]},{\"@type\":\"BreadcrumbList\",\"@id\":\"https:\/\/www.laherramienta.com\/fr\/fournisseurs\/#breadcrumb\",\"itemListElement\":[{\"@type\":\"ListItem\",\"position\":1,\"name\":\"Portada\",\"item\":\"https:\/\/www.laherramienta.com\/fr\/\"},{\"@type\":\"ListItem\",\"position\":2,\"name\":\"Fournisseurs\"}]},{\"@type\":\"WebSite\",\"@id\":\"https:\/\/www.laherramienta.com\/#website\",\"url\":\"https:\/\/www.laherramienta.com\/\",\"name\":\"La Herramienta Industrial\",\"description\":\"Maquinaria, grandes equipos y suministro industrial.\",\"publisher\":{\"@id\":\"https:\/\/www.laherramienta.com\/#organization\"},\"potentialAction\":[{\"@type\":\"SearchAction\",\"target\":{\"@type\":\"EntryPoint\",\"urlTemplate\":\"https:\/\/www.laherramienta.com\/?s={search_term_string}\"},\"query-input\":{\"@type\":\"PropertyValueSpecification\",\"valueRequired\":true,\"valueName\":\"search_term_string\"}}],\"inLanguage\":\"fr-FR\"},{\"@type\":\"Organization\",\"@id\":\"https:\/\/www.laherramienta.com\/#organization\",\"name\":\"La Herramienta Industrial\",\"url\":\"https:\/\/www.laherramienta.com\/\",\"logo\":{\"@type\":\"ImageObject\",\"inLanguage\":\"fr-FR\",\"@id\":\"https:\/\/www.laherramienta.com\/#\/schema\/logo\/image\/\",\"url\":\"https:\/\/www.laherramienta.com\/wp-content\/uploads\/2016\/03\/gslhi-150-1-e1491298698248.png\",\"contentUrl\":\"https:\/\/www.laherramienta.com\/wp-content\/uploads\/2016\/03\/gslhi-150-1-e1491298698248.png\",\"width\":100,\"height\":100,\"caption\":\"La Herramienta Industrial\"},\"image\":{\"@id\":\"https:\/\/www.laherramienta.com\/#\/schema\/logo\/image\/\"}}]}<\/script>\n<!-- \/ Yoast SEO plugin. -->","yoast_head_json":{"title":"Fournisseurs - La Herramienta Industrial","robots":{"index":"index","follow":"follow","max-snippet":"max-snippet:-1","max-image-preview":"max-image-preview:large","max-video-preview":"max-video-preview:-1"},"canonical":"https:\/\/www.laherramienta.com\/fr\/fournisseurs\/","og_locale":"fr_FR","og_type":"article","og_title":"Fournisseurs - La Herramienta Industrial","og_description":"[vc_row css_animation=\u00a0\u00bbfadeInLeft\u00a0\u00bb][vc_column][vc_empty_space height=\u00a0\u00bb10px\u00a0\u00bb][\/vc_column][\/vc_row][vc_row][vc_column width=\u00a0\u00bb1\/2&Prime;][vc_single_image image=\u00a0\u00bb24720&Prime; img_size=\u00a0\u00bbfull\u00a0\u00bb][vc_empty_space height=\u00a0\u00bb10px\u00a0\u00bb][vc_column_text] Fournisseurs [\/vc_column_text][vc_column_text]Dans La Herramienta Industrial, nous travaillons avec les meilleurs fabricants dans le monde entier de toute sp\u00e9cialit\u00e9. Nos fournisseurs sont situ\u00e9s en...","og_url":"https:\/\/www.laherramienta.com\/fr\/fournisseurs\/","og_site_name":"La Herramienta Industrial","article_modified_time":"2022-01-19T08:56:57+00:00","twitter_card":"summary_large_image","twitter_misc":{"Dur\u00e9e de lecture estim\u00e9e":"3 minutes"},"schema":{"@context":"https:\/\/schema.org","@graph":[{"@type":"WebPage","@id":"https:\/\/www.laherramienta.com\/fr\/fournisseurs\/","url":"https:\/\/www.laherramienta.com\/fr\/fournisseurs\/","name":"Fournisseurs - La Herramienta Industrial","isPartOf":{"@id":"https:\/\/www.laherramienta.com\/#website"},"datePublished":"2017-10-23T14:49:06+00:00","dateModified":"2022-01-19T08:56:57+00:00","breadcrumb":{"@id":"https:\/\/www.laherramienta.com\/fr\/fournisseurs\/#breadcrumb"},"inLanguage":"fr-FR","potentialAction":[{"@type":"ReadAction","target":["https:\/\/www.laherramienta.com\/fr\/fournisseurs\/"]}]},{"@type":"BreadcrumbList","@id":"https:\/\/www.laherramienta.com\/fr\/fournisseurs\/#breadcrumb","itemListElement":[{"@type":"ListItem","position":1,"name":"Portada","item":"https:\/\/www.laherramienta.com\/fr\/"},{"@type":"ListItem","position":2,"name":"Fournisseurs"}]},{"@type":"WebSite","@id":"https:\/\/www.laherramienta.com\/#website","url":"https:\/\/www.laherramienta.com\/","name":"La Herramienta Industrial","description":"Maquinaria, grandes equipos y suministro industrial.","publisher":{"@id":"https:\/\/www.laherramienta.com\/#organization"},"potentialAction":[{"@type":"SearchAction","target":{"@type":"EntryPoint","urlTemplate":"https:\/\/www.laherramienta.com\/?s={search_term_string}"},"query-input":{"@type":"PropertyValueSpecification","valueRequired":true,"valueName":"search_term_string"}}],"inLanguage":"fr-FR"},{"@type":"Organization","@id":"https:\/\/www.laherramienta.com\/#organization","name":"La Herramienta Industrial","url":"https:\/\/www.laherramienta.com\/","logo":{"@type":"ImageObject","inLanguage":"fr-FR","@id":"https:\/\/www.laherramienta.com\/#\/schema\/logo\/image\/","url":"https:\/\/www.laherramienta.com\/wp-content\/uploads\/2016\/03\/gslhi-150-1-e1491298698248.png","contentUrl":"https:\/\/www.laherramienta.com\/wp-content\/uploads\/2016\/03\/gslhi-150-1-e1491298698248.png","width":100,"height":100,"caption":"La Herramienta Industrial"},"image":{"@id":"https:\/\/www.laherramienta.com\/#\/schema\/logo\/image\/"}}]}},"_links":{"self":[{"href":"https:\/\/www.laherramienta.com\/fr\/wp-json\/wp\/v2\/pages\/27192","targetHints":{"allow":["GET"]}}],"collection":[{"href":"https:\/\/www.laherramienta.com\/fr\/wp-json\/wp\/v2\/pages"}],"about":[{"href":"https:\/\/www.laherramienta.com\/fr\/wp-json\/wp\/v2\/types\/page"}],"author":[{"embeddable":true,"href":"https:\/\/www.laherramienta.com\/fr\/wp-json\/wp\/v2\/users\/9"}],"replies":[{"embeddable":true,"href":"https:\/\/www.laherramienta.com\/fr\/wp-json\/wp\/v2\/comments?post=27192"}],"version-history":[{"count":6,"href":"https:\/\/www.laherramienta.com\/fr\/wp-json\/wp\/v2\/pages\/27192\/revisions"}],"predecessor-version":[{"id":29055,"href":"https:\/\/www.laherramienta.com\/fr\/wp-json\/wp\/v2\/pages\/27192\/revisions\/29055"}],"wp:attachment":[{"href":"https:\/\/www.laherramienta.com\/fr\/wp-json\/wp\/v2\/media?parent=27192"}],"curies":[{"name":"wp","href":"https:\/\/api.w.org\/{rel}","templated":true}]}}