{"id":27212,"date":"2016-02-04T20:11:20","date_gmt":"2016-02-04T20:11:20","guid":{"rendered":"http:\/\/laherramienta.com\/?page_id=27212"},"modified":"2026-04-06T12:31:33","modified_gmt":"2026-04-06T12:31:33","slug":"politique-confidentialite-et-cookies","status":"publish","type":"page","link":"https:\/\/www.laherramienta.com\/fr\/politique-confidentialite-et-cookies\/","title":{"rendered":"Confidentialit\u00e9 et Cookies"},"content":{"rendered":"<div class=\"wpb-content-wrapper\"><p>[vc_row][vc_column][vc_column_text css=\u00a0\u00bb\u00a0\u00bb]<strong>RESPONSABLE DU TRAITEMENT DE VOS DONN\u00c9ES<\/strong><\/p>\n<p style=\"padding-left: 40px;\">SILGEST DIRECCI\u00d3N EMPRESARIAL, S.L.<br \/>\nESB-34174268<br \/>\n16, rue de Sevilla. 34004-Palencia. Espagne<br \/>\n+34 979 166 000<br \/>\nrgpd@gruposilgest.com<\/p>\n<p>Chez SILGEST DIRECCI\u00d3N EMPRESARIAL, S.L., nous sommes soucieux de la confidentialit\u00e9 et de la transparence, c\u2019est pourquoi nous avons \u00e9tabli une politique de confidentialit\u00e9 conform\u00e9ment \u00e0 la Loi organique espagnole 3\/2018, du 5 d\u00e9cembre, sur la protection des donn\u00e9es personnelles et la garantie des droits num\u00e9riques.<\/p>\n<p>Les seules donn\u00e9es personnelles auxquelles Silgest Direcci\u00f3n Empresarial S.L. aura acc\u00e8s seront celles que l\u2019utilisateur fournira volontairement. En ce sens, il est n\u00e9cessaire que l\u2019utilisateur sache que pour l\u2019enregistrement dans certains produits\/services offerts par le web, des donn\u00e9es personnelles lui seront demand\u00e9es. Dans les cas et pour les donn\u00e9es o\u00f9 cela est express\u00e9ment indiqu\u00e9 \u00e0 l\u2019utilisateur\/client, s\u2019il ne les fournit pas, il ne pourra pas acc\u00e9der ou utiliser les services et contenus vis\u00e9s. Les donn\u00e9es volontaires sont collect\u00e9es par Silgest Direcci\u00f3n Empresarial S.L. dans le but indiqu\u00e9 dans la clause de protection des donn\u00e9es ci-dessous. Les politiques de confidentialit\u00e9 de chacune des entreprises de Silgest Direcci\u00f3n Empresarial S.L. sont incluses dans les avis l\u00e9gaux correspondants de leurs propres sites web.<\/p>\n<p>Conform\u00e9ment \u00e0 la r\u00e9glementation en vigueur, Silgest Direcci\u00f3n Empresarial S.L. a adopt\u00e9 les mesures techniques et organisationnelles n\u00e9cessaires pour maintenir le niveau de s\u00e9curit\u00e9 requis pour les donn\u00e9es personnelles trait\u00e9es. Il est \u00e9galement dot\u00e9 des m\u00e9canismes pr\u00e9cis \u00e0 sa port\u00e9e pour \u00e9viter, dans la mesure du possible, les acc\u00e8s non autoris\u00e9s, le vol, les modifications illicites et la perte de donn\u00e9es.<\/p>\n<p>Toutefois, si vous publiez en ligne des informations personnelles accessibles au public, il est possible que vous receviez des messages non sollicit\u00e9s d\u2019autres personnes et que vos donn\u00e9es soient donc connues de tiers.<\/p>\n<p>Pour toutes ces raisons, nous vous recommandons de faire preuve de la plus grande diligence en la mati\u00e8re et d\u2019utiliser tous les outils de s\u00e9curit\u00e9 \u00e0 votre disposition, et Silgest Direcci\u00f3n Empresarial S.L. ne sera pas responsable du vol, de la modification ou de la perte de donn\u00e9es illicites.<\/p>\n<p>L\u2019utilisateur a reconnu par la loi les droits d\u2019acc\u00e8s, de rectification, d\u2019annulation et d\u2019opposition, dans son cas, en ce qui concerne ses donn\u00e9es personnelles, pouvant exercer ces droits par \u00e9crit dirig\u00e9 \u00e0 l\u2019adresse qui figure dans la Clause de Protection des Donn\u00e9es qui est recueillie ult\u00e9rieurement.<\/p>\n<p><strong>CLAUSE DE PROTECTION DES DONN\u00c9ES<\/strong><\/p>\n<ul>\n<li>L\u2019utilisateur, s\u2019il s\u2019agit d\u2019une personne physique, est inform\u00e9 que ses donn\u00e9es personnelles, auxquelles Silgest Direcci\u00f3n Empresarial S.L. a acc\u00e8s suite aux consultations, transactions, op\u00e9rations et services qui ont lieu par tout moyen, ou aux traitements informatiques concernant les donn\u00e9es d\u00e9j\u00e0 enregistr\u00e9es, sont incorpor\u00e9es au fichier correspondant de Silgest Direcci\u00f3n Empresarial S.L., autorisant cette derni\u00e8re \u00e0 traiter celles qui sont n\u00e9cessaires \u00e0 leur utilisation en relation avec le d\u00e9veloppement de l\u2019op\u00e9ration ou du service convenu qui sera obligatoire.<\/li>\n<li>De m\u00eame, vous autorisez express\u00e9ment Silgest Direcci\u00f3n Empresarial S.L. \u00e0 utiliser vos donn\u00e9es pour le d\u00e9veloppement d\u2019actions commerciales (par courrier, t\u00e9l\u00e9phone, fax, SMS, e-mail et tout autre moyen t\u00e9l\u00e9matique), qu\u2019elles soient de nature g\u00e9n\u00e9rale ou adapt\u00e9es \u00e0 vos caract\u00e9ristiques personnelles, et votre autorisation restera valable, m\u00eame apr\u00e8s la fin de votre relation, tant qu\u2019elle ne sera pas r\u00e9voqu\u00e9e.<\/li>\n<li>De m\u00eame, l\u2019utilisateur autorise la communication ou la cession des donn\u00e9es mentionn\u00e9es aux Soci\u00e9t\u00e9s appartenant \u00e0 Silgest Direcci\u00f3n Empresarial S.L. avec le m\u00eame objet indiqu\u00e9 dans les sections pr\u00e9c\u00e9dentes, en leur \u00e9tendant l\u2019autorisation expresse pour l\u2019utilisation du courrier postal, du t\u00e9l\u00e9phone, du fax, du SMS, du courrier \u00e9lectronique et de tout moyen t\u00e9l\u00e9matique. Les parties int\u00e9ress\u00e9es sont inform\u00e9es que cette cession intervient au m\u00eame moment au profit des soci\u00e9t\u00e9s dont la raison sociale et le si\u00e8ge social sont indiqu\u00e9s ci-dessous.<\/li>\n<li>L\u2019utilisateur est inform\u00e9 de ses droits d\u2019opposition, d\u2019acc\u00e8s, de rectification et d\u2019annulation de ses donn\u00e9es personnelles, conform\u00e9ment aux dispositions de la loi, et peut exercer ces droits par \u00e9crit en envoyant une lettre accompagn\u00e9e d\u2019une copie de sa carte d\u2019identit\u00e9 au service client\u00e8le, responsable du fichier Silgest Direcci\u00f3n Empresarial S.L., dont le si\u00e8ge social est situ\u00e9 \u00e0 cet effet \u00e0 C\/ Sevilla P-16, 34004 Palencia Espa\u00f1a.<\/li>\n<li>Conform\u00e9ment aux dispositions de la loi organique sur la protection des donn\u00e9es \u00e0 caract\u00e8re personnel, voici la liste des entreprises de Silgest Direcci\u00f3n Empresarial S.L. auxquelles le transfert de donn\u00e9es \u00e0 caract\u00e8re personnel est effectu\u00e9 :<\/li>\n<\/ul>\n<p style=\"padding-left: 60px;\"><em>&#8211; La Herramienta Industrial S.L. Adresse : C\/ Pirita 67, 47012 \u2013 Valladolid.<\/em><br \/>\n<em>&#8211; Pertesa Iberia S.L. \u201cPERTESA\u201d Adresse : C\/ Pirita 67, 47012 \u2013 Valladolid.<\/em><br \/>\n<em>&#8211; Format Herramientas S.L. (La Herramienta Express) Adresse : C\/ M\u00e1laga 4, 34004 \u2013 Palencia.<\/em><\/p>\n<p>[\/vc_column_text][vc_empty_space height=\u00a0\u00bb20px\u00a0\u00bb][vc_empty_space height=\u00a0\u00bb20px\u00a0\u00bb][vc_column_text css=\u00a0\u00bb\u00a0\u00bb]<\/p>\n<h2>LA POLITIQUE EN MATI\u00c8RE DE COOKIES<\/h2>\n<p>[\/vc_column_text][vc_empty_space height=\u00a0\u00bb20px\u00a0\u00bb][vc_column_text css=\u00a0\u00bb\u00a0\u00bb]Chez <strong>LA HERRAMIENTA INDUSTRIAL<\/strong>, nous utilisons des cookies dans le but de vous offrir un meilleur service et une meilleure exp\u00e9rience de navigation. Nous souhaitons vous informer de mani\u00e8re claire et pr\u00e9cise sur les cookies que nous utilisons, en pr\u00e9cisant ci-dessous ce qu\u2019est un cookie, \u00e0 quoi il sert, quels types de cookies nous utilisons, quel est leur objectif et comment vous pouvez les configurer ou les d\u00e9sactiver si vous le souhaitez.<\/p>\n<p><b>QU\u2019EST-CE QU\u2019UN COOKIE ET \u00c0 QUOI SERT-IL ?<\/b><\/p>\n<p>Un \u00ab Cookie \u00bb est un petit fichier qui est stock\u00e9 dans l\u2019ordinateur, la tablette, le smartphone ou tout autre appareil de l\u2019utilisateur et qui contient des informations sur la navigation.<\/p>\n<p>L\u2019ensemble des \u00ab cookies \u00bb de tous nos utilisateurs nous aide \u00e0 am\u00e9liorer la qualit\u00e9 de notre site web, en nous permettant de contr\u00f4ler quelles pages sont utiles, lesquelles ne le sont pas et lesquelles sont susceptibles d\u2019\u00eatre am\u00e9lior\u00e9es.<\/p>\n<p>Les cookies sont essentiels au fonctionnement de l\u2019internet, offrant d\u2019innombrables avantages dans la fourniture de services interactifs, facilitant la navigation et la convivialit\u00e9 de notre site web.<\/p>\n<p>En aucun cas, les cookies ne peuvent endommager votre ordinateur. Au contraire, le fait qu\u2019ils soient actifs nous aide \u00e0 identifier et \u00e0 r\u00e9soudre les erreurs.<\/p>\n<p><b>QUELS TYPES DE COOKIES UTILISONS-NOUS ?<\/b><\/p>\n<p><b>En fonction de l\u2019entit\u00e9 qui le g\u00e8re :<\/b><\/p>\n<ul>\n<li><b>Les cookies propres :<\/b> Sils sont envoy\u00e9s \u00e0 votre ordinateur \u00e0 partir de nos propres ordinateurs ou domaines et \u00e0 partir desquels nous fournissons le service que vous demandez.<\/li>\n<li><b>Cookies tiers :<\/b> Les cookies sont envoy\u00e9s sur votre ordinateur \u00e0 partir d\u2019un ordinateur ou d\u2019un domaine qui n\u2019est pas g\u00e9r\u00e9 par nous, mais par une autre entit\u00e9 collaboratrice. Par exemple, ceux utilis\u00e9s par les r\u00e9seaux sociaux, ou par des contenus externes tels que Google Maps.<\/li>\n<\/ul>\n<p><b>En fonction de la dur\u00e9e de leur activation :<\/b><\/p>\n<ul>\n<li><b>Cookies de session :<\/b> Il s\u2019agit de cookies temporaires qui restent dans le fichier de cookies de votre navigateur jusqu\u2019\u00e0 ce que vous quittiez le site web, donc aucun n\u2019est enregistr\u00e9 sur le disque dur de votre ordinateur. Les informations obtenues au moyen de ces cookies servent \u00e0 analyser les mod\u00e8les de trafic sur le web. En fin de compte, cela nous permet de fournir une meilleure exp\u00e9rience pour am\u00e9liorer le contenu et faciliter son utilisation.<\/li>\n<li><b>Cookies persistants :<\/b> Ils sont stock\u00e9s sur votre disque dur et sont lus par notre site web \u00e0 chaque nouvelle visite. Un site web permanent a une date d\u2019expiration sp\u00e9cifique. Le cookie cessera de fonctionner apr\u00e8s cette date. Nous utilisons ces cookies, en g\u00e9n\u00e9ral, pour faciliter les services d\u2019achat et d\u2019enregistrement.<\/li>\n<\/ul>\n<p><b>En fonction de leur objectif :<\/b><\/p>\n<ul>\n<li><b>Cookies techniques :<\/b> Ils sont n\u00e9cessaires \u00e0 la navigation et au bon fonctionnement de notre page web. Ils permettent, par exemple, de contr\u00f4ler le trafic et la communication de donn\u00e9es, d\u2019acc\u00e9der \u00e0 certaines parties d\u2019un acc\u00e8s restreint, d\u2019effectuer le processus d\u2019achat d\u2019une commande, d\u2019utiliser des \u00e9l\u00e9ments de s\u00e9curit\u00e9, de stocker du contenu afin de pouvoir diffuser des vid\u00e9os ou de partager du contenu par le biais de r\u00e9seaux sociaux.<\/li>\n<li><b>Cookies de personnalisation :<\/b> Ce sont des cookies qui permettent d\u2019acc\u00e9der au service avec des caract\u00e9ristiques pr\u00e9d\u00e9finies selon une s\u00e9rie de crit\u00e8res, tels que la langue, le type de navigateur utilis\u00e9 pour acc\u00e9der au service, la configuration r\u00e9gionale \u00e0 partir de laquelle on acc\u00e8de au service, etc.<\/li>\n<li><b>Cookies d\u2019analyse :<\/b> ils permettent de quantifier le nombre d\u2019utilisateurs et donc de r\u00e9aliser la mesure et l\u2019analyse statistique de l\u2019utilisation faite par les utilisateurs des services fournis. \u00c0 cette fin, leur navigation sur notre site web est analys\u00e9e afin d\u2019am\u00e9liorer les produits et services que nous offrons.<\/li>\n<li><b>Cookies publicitaires :<\/b> ce sont ceux qui permettent de g\u00e9rer, de la mani\u00e8re la plus efficace possible, les espaces publicitaires qui pourraient \u00eatre inclus dans notre site web.<\/li>\n<li><b>Cookies publicitaires comportementaux :<\/b> Ces cookies stockent des informations sur le comportement des utilisateurs obtenues par une observation continue. Gr\u00e2ce \u00e0 eux, nous pouvons conna\u00eetre les habitudes de navigation sur Internet et vous montrer des publicit\u00e9s en rapport avec votre profil de navigation.<\/li>\n<\/ul>\n<p><b>COMMENT CONFIGURER OU D\u00c9SACTIVER VOS COOKIES ?<\/b><\/p>\n<p>Vous pouvez autoriser, bloquer ou supprimer les cookies install\u00e9s sur votre ordinateur en configurant les options de votre navigateur Internet. Si vous n\u2019autorisez pas l\u2019installation de cookies sur votre navigateur, vous risquez de ne pas pouvoir acc\u00e9der \u00e0 certains services et votre exp\u00e9rience sur notre site pourrait \u00eatre moins satisfaisante.<\/p>\n<p>Dans les liens suivants, vous avez \u00e0 votre disposition toutes les informations pour configurer ou d\u00e9sactiver vos cookies dans chaque navigateur :<\/p>\n<ul>\n<li><a href=\"http:\/\/support.google.com\/chrome\/answer\/95647?hl=es\">Google Chrome<\/a><\/li>\n<li><a href=\"http:\/\/support.mozilla.org\/es\/kb\/habilitar-y-deshabilitar-cookies-que-los-sitios-we\">Mozilla Firefox<\/a><\/li>\n<li><a href=\"http:\/\/windows.microsoft.com\/es-es\/windows-vista\/block-or-allow-cookies\">Internet Explorer<\/a><\/li>\n<li><a href=\"http:\/\/support.apple.com\/kb\/ph5042?viewlocale=es_es\">Safari<\/a><\/li>\n<li><a href=\"http:\/\/support.apple.com\/kb\/ht1677?viewlocale=es_es\">Safari para IOS<\/a> (iPhone y iPad)<\/li>\n<li><a href=\"http:\/\/support.google.com\/chrome\/answer\/2392971?hl=es\">Chrome para Android<\/a><\/li>\n<\/ul>\n<p><b>CONSENTEMENT<\/b><\/p>\n<p>Chez Herramienta Industrial, nous n\u2019enregistrons jamais les donn\u00e9es personnelles de nos utilisateurs, \u00e0 l\u2019exception de l\u2019adresse IP telle que d\u00e9crite ci-dessus, sauf si vous souhaitez vous inscrire, sur une base volontaire, afin d\u2019effectuer des achats de produits et de services que nous mettons \u00e0 votre disposition ou pour recevoir des informations sur les promotions et les contenus qui vous int\u00e9ressent.<\/p>\n<p>En naviguant et en continuant sur notre site web, vous indiquez que vous consentez \u00e0 l\u2019utilisation des cookies susmentionn\u00e9s, et dans les conditions pr\u00e9vues par la pr\u00e9sente politique en mati\u00e8re de cookies.[\/vc_column_text][\/vc_column][\/vc_row]<\/p>\n<\/div>","protected":false},"excerpt":{"rendered":"<p>[vc_row][vc_column][vc_column_text css=\u00a0\u00bb\u00a0\u00bb]RESPONSABLE DU TRAITEMENT DE VOS DONN\u00c9ES SILGEST DIRECCI\u00d3N EMPRESARIAL, S.L. ESB-34174268 16, rue de Sevilla. 34004-Palencia. Espagne +34 979 166 000 rgpd@gruposilgest.com Chez SILGEST DIRECCI\u00d3N EMPRESARIAL, S.L., nous sommes&#8230;<\/p>\n","protected":false},"author":9,"featured_media":0,"parent":0,"menu_order":0,"comment_status":"closed","ping_status":"closed","template":"","meta":{"footnotes":""},"class_list":["post-27212","page","type-page","status-publish"],"yoast_head":"<!-- This site is optimized with the Yoast SEO plugin v25.1 - https:\/\/yoast.com\/wordpress\/plugins\/seo\/ -->\n<title>Confidentialit\u00e9 et Cookies - La Herramienta Industrial<\/title>\n<meta name=\"robots\" content=\"index, follow, max-snippet:-1, max-image-preview:large, max-video-preview:-1\" \/>\n<link rel=\"canonical\" href=\"https:\/\/www.laherramienta.com\/fr\/politique-confidentialite-et-cookies\/\" \/>\n<meta property=\"og:locale\" content=\"fr_FR\" \/>\n<meta property=\"og:type\" content=\"article\" \/>\n<meta property=\"og:title\" content=\"Confidentialit\u00e9 et Cookies - La Herramienta Industrial\" \/>\n<meta property=\"og:description\" content=\"[vc_row][vc_column][vc_column_text css=\u00a0\u00bb\u00a0\u00bb]RESPONSABLE DU TRAITEMENT DE VOS DONN\u00c9ES SILGEST DIRECCI\u00d3N EMPRESARIAL, S.L. ESB-34174268 16, rue de Sevilla. 34004-Palencia. Espagne +34 979 166 000 rgpd@gruposilgest.com Chez SILGEST DIRECCI\u00d3N EMPRESARIAL, S.L., nous sommes...\" \/>\n<meta property=\"og:url\" content=\"https:\/\/www.laherramienta.com\/fr\/politique-confidentialite-et-cookies\/\" \/>\n<meta property=\"og:site_name\" content=\"La Herramienta Industrial\" \/>\n<meta property=\"article:modified_time\" content=\"2026-04-06T12:31:33+00:00\" \/>\n<meta name=\"twitter:card\" content=\"summary_large_image\" \/>\n<meta name=\"twitter:label1\" content=\"Dur\u00e9e de lecture estim\u00e9e\" \/>\n\t<meta name=\"twitter:data1\" content=\"8 minutes\" \/>\n<script type=\"application\/ld+json\" class=\"yoast-schema-graph\">{\"@context\":\"https:\/\/schema.org\",\"@graph\":[{\"@type\":\"WebPage\",\"@id\":\"https:\/\/www.laherramienta.com\/fr\/politique-confidentialite-et-cookies\/\",\"url\":\"https:\/\/www.laherramienta.com\/fr\/politique-confidentialite-et-cookies\/\",\"name\":\"Confidentialit\u00e9 et Cookies - La Herramienta Industrial\",\"isPartOf\":{\"@id\":\"https:\/\/www.laherramienta.com\/#website\"},\"datePublished\":\"2016-02-04T20:11:20+00:00\",\"dateModified\":\"2026-04-06T12:31:33+00:00\",\"breadcrumb\":{\"@id\":\"https:\/\/www.laherramienta.com\/fr\/politique-confidentialite-et-cookies\/#breadcrumb\"},\"inLanguage\":\"fr-FR\",\"potentialAction\":[{\"@type\":\"ReadAction\",\"target\":[\"https:\/\/www.laherramienta.com\/fr\/politique-confidentialite-et-cookies\/\"]}]},{\"@type\":\"BreadcrumbList\",\"@id\":\"https:\/\/www.laherramienta.com\/fr\/politique-confidentialite-et-cookies\/#breadcrumb\",\"itemListElement\":[{\"@type\":\"ListItem\",\"position\":1,\"name\":\"Portada\",\"item\":\"https:\/\/www.laherramienta.com\/fr\/\"},{\"@type\":\"ListItem\",\"position\":2,\"name\":\"Confidentialit\u00e9 et Cookies\"}]},{\"@type\":\"WebSite\",\"@id\":\"https:\/\/www.laherramienta.com\/#website\",\"url\":\"https:\/\/www.laherramienta.com\/\",\"name\":\"La Herramienta Industrial\",\"description\":\"Maquinaria, grandes equipos y suministro industrial.\",\"publisher\":{\"@id\":\"https:\/\/www.laherramienta.com\/#organization\"},\"potentialAction\":[{\"@type\":\"SearchAction\",\"target\":{\"@type\":\"EntryPoint\",\"urlTemplate\":\"https:\/\/www.laherramienta.com\/?s={search_term_string}\"},\"query-input\":{\"@type\":\"PropertyValueSpecification\",\"valueRequired\":true,\"valueName\":\"search_term_string\"}}],\"inLanguage\":\"fr-FR\"},{\"@type\":\"Organization\",\"@id\":\"https:\/\/www.laherramienta.com\/#organization\",\"name\":\"La Herramienta Industrial\",\"url\":\"https:\/\/www.laherramienta.com\/\",\"logo\":{\"@type\":\"ImageObject\",\"inLanguage\":\"fr-FR\",\"@id\":\"https:\/\/www.laherramienta.com\/#\/schema\/logo\/image\/\",\"url\":\"https:\/\/www.laherramienta.com\/wp-content\/uploads\/2016\/03\/gslhi-150-1-e1491298698248.png\",\"contentUrl\":\"https:\/\/www.laherramienta.com\/wp-content\/uploads\/2016\/03\/gslhi-150-1-e1491298698248.png\",\"width\":100,\"height\":100,\"caption\":\"La Herramienta Industrial\"},\"image\":{\"@id\":\"https:\/\/www.laherramienta.com\/#\/schema\/logo\/image\/\"}}]}<\/script>\n<!-- \/ Yoast SEO plugin. -->","yoast_head_json":{"title":"Confidentialit\u00e9 et Cookies - La Herramienta Industrial","robots":{"index":"index","follow":"follow","max-snippet":"max-snippet:-1","max-image-preview":"max-image-preview:large","max-video-preview":"max-video-preview:-1"},"canonical":"https:\/\/www.laherramienta.com\/fr\/politique-confidentialite-et-cookies\/","og_locale":"fr_FR","og_type":"article","og_title":"Confidentialit\u00e9 et Cookies - La Herramienta Industrial","og_description":"[vc_row][vc_column][vc_column_text css=\u00a0\u00bb\u00a0\u00bb]RESPONSABLE DU TRAITEMENT DE VOS DONN\u00c9ES SILGEST DIRECCI\u00d3N EMPRESARIAL, S.L. ESB-34174268 16, rue de Sevilla. 34004-Palencia. Espagne +34 979 166 000 rgpd@gruposilgest.com Chez SILGEST DIRECCI\u00d3N EMPRESARIAL, S.L., nous sommes...","og_url":"https:\/\/www.laherramienta.com\/fr\/politique-confidentialite-et-cookies\/","og_site_name":"La Herramienta Industrial","article_modified_time":"2026-04-06T12:31:33+00:00","twitter_card":"summary_large_image","twitter_misc":{"Dur\u00e9e de lecture estim\u00e9e":"8 minutes"},"schema":{"@context":"https:\/\/schema.org","@graph":[{"@type":"WebPage","@id":"https:\/\/www.laherramienta.com\/fr\/politique-confidentialite-et-cookies\/","url":"https:\/\/www.laherramienta.com\/fr\/politique-confidentialite-et-cookies\/","name":"Confidentialit\u00e9 et Cookies - La Herramienta Industrial","isPartOf":{"@id":"https:\/\/www.laherramienta.com\/#website"},"datePublished":"2016-02-04T20:11:20+00:00","dateModified":"2026-04-06T12:31:33+00:00","breadcrumb":{"@id":"https:\/\/www.laherramienta.com\/fr\/politique-confidentialite-et-cookies\/#breadcrumb"},"inLanguage":"fr-FR","potentialAction":[{"@type":"ReadAction","target":["https:\/\/www.laherramienta.com\/fr\/politique-confidentialite-et-cookies\/"]}]},{"@type":"BreadcrumbList","@id":"https:\/\/www.laherramienta.com\/fr\/politique-confidentialite-et-cookies\/#breadcrumb","itemListElement":[{"@type":"ListItem","position":1,"name":"Portada","item":"https:\/\/www.laherramienta.com\/fr\/"},{"@type":"ListItem","position":2,"name":"Confidentialit\u00e9 et Cookies"}]},{"@type":"WebSite","@id":"https:\/\/www.laherramienta.com\/#website","url":"https:\/\/www.laherramienta.com\/","name":"La Herramienta Industrial","description":"Maquinaria, grandes equipos y suministro industrial.","publisher":{"@id":"https:\/\/www.laherramienta.com\/#organization"},"potentialAction":[{"@type":"SearchAction","target":{"@type":"EntryPoint","urlTemplate":"https:\/\/www.laherramienta.com\/?s={search_term_string}"},"query-input":{"@type":"PropertyValueSpecification","valueRequired":true,"valueName":"search_term_string"}}],"inLanguage":"fr-FR"},{"@type":"Organization","@id":"https:\/\/www.laherramienta.com\/#organization","name":"La Herramienta Industrial","url":"https:\/\/www.laherramienta.com\/","logo":{"@type":"ImageObject","inLanguage":"fr-FR","@id":"https:\/\/www.laherramienta.com\/#\/schema\/logo\/image\/","url":"https:\/\/www.laherramienta.com\/wp-content\/uploads\/2016\/03\/gslhi-150-1-e1491298698248.png","contentUrl":"https:\/\/www.laherramienta.com\/wp-content\/uploads\/2016\/03\/gslhi-150-1-e1491298698248.png","width":100,"height":100,"caption":"La Herramienta Industrial"},"image":{"@id":"https:\/\/www.laherramienta.com\/#\/schema\/logo\/image\/"}}]}},"_links":{"self":[{"href":"https:\/\/www.laherramienta.com\/fr\/wp-json\/wp\/v2\/pages\/27212","targetHints":{"allow":["GET"]}}],"collection":[{"href":"https:\/\/www.laherramienta.com\/fr\/wp-json\/wp\/v2\/pages"}],"about":[{"href":"https:\/\/www.laherramienta.com\/fr\/wp-json\/wp\/v2\/types\/page"}],"author":[{"embeddable":true,"href":"https:\/\/www.laherramienta.com\/fr\/wp-json\/wp\/v2\/users\/9"}],"replies":[{"embeddable":true,"href":"https:\/\/www.laherramienta.com\/fr\/wp-json\/wp\/v2\/comments?post=27212"}],"version-history":[{"count":19,"href":"https:\/\/www.laherramienta.com\/fr\/wp-json\/wp\/v2\/pages\/27212\/revisions"}],"predecessor-version":[{"id":30746,"href":"https:\/\/www.laherramienta.com\/fr\/wp-json\/wp\/v2\/pages\/27212\/revisions\/30746"}],"wp:attachment":[{"href":"https:\/\/www.laherramienta.com\/fr\/wp-json\/wp\/v2\/media?parent=27212"}],"curies":[{"name":"wp","href":"https:\/\/api.w.org\/{rel}","templated":true}]}}