{"id":27223,"date":"2018-05-25T10:47:24","date_gmt":"2018-05-25T10:47:24","guid":{"rendered":"http:\/\/laherramienta.com\/?page_id=27223"},"modified":"2019-11-29T15:57:29","modified_gmt":"2019-11-29T15:57:29","slug":"les-adhesifs","status":"publish","type":"page","link":"https:\/\/www.laherramienta.com\/fr\/produits\/les-adhesifs\/","title":{"rendered":"Les Adh\u00e9sifs"},"content":{"rendered":"<div class=\"wpb-content-wrapper\"><p>[vc_row][vc_column][vc_tta_tabs style=\u00a0\u00bbmodern\u00a0\u00bb spacing=\u00a0\u00bb15&Prime; gap=\u00a0\u00bb15&Prime; active_section=\u00a0\u00bb1&Prime; pagination_style=\u00a0\u00bbthegem-circle\u00a0\u00bb pagination_color=\u00a0\u00bbmulled-wine\u00a0\u00bb no_fill_content_area=\u00a0\u00bbtrue\u00a0\u00bb][vc_tta_section title=\u00a0\u00bbLoctite\u00a0\u00bb tab_id=\u00a0\u00bb1527249083201-2230c6d2-c85a\u00a0\u00bb][vc_row_inner][vc_column_inner width=\u00a0\u00bb2\/3&Prime;][vc_column_text]<span style=\"color: #103a5d;\">LOCTITE est la marque de Henkel pour les adh\u00e9sifs haute performance, produits d&rsquo;\u00e9tanch\u00e9it\u00e9 et de rev\u00eatements. Con\u00e7ue pour encourager l&rsquo;innovation client, une plus grande fiabilit\u00e9 et des op\u00e9rations de fabrication am\u00e9lior\u00e9es, la large gamme de produits LOCTITE offre des solutions pour les applications industrielles les plus exigeantes.<\/span><\/p>\n<p><strong><span style=\"color: #103a5d;\">Produits LOCTITE :<\/span><\/strong><\/p>\n<ul>\n<li><span style=\"color: #103a5d;\">Adh\u00e9sifs<\/span><\/li>\n<li><span style=\"color: #103a5d;\">Agent de d\u00e9moulage<\/span><\/li>\n<li><span style=\"color: #103a5d;\">Enrobage et encapsulage<\/span><\/li>\n<li><span style=\"color: #103a5d;\">Equipements<\/span><\/li>\n<li><span style=\"color: #103a5d;\">Etanch\u00e9it\u00e9 des plans de joints<\/span><\/li>\n<li><span style=\"color: #103a5d;\">Etanch\u00e9it\u00e9 et freinage des filetages<\/span><\/li>\n<li><span style=\"color: #103a5d;\">Lubrifiants<\/span><\/li>\n<li><span style=\"color: #103a5d;\">Nettoyants<\/span><\/li>\n<li><span style=\"color: #103a5d;\">Produits de collage et d&rsquo;\u00e9tanch\u00e9it\u00e9<\/span><\/li>\n<li><span style=\"color: #103a5d;\">Produits pour potting, enrobage, encapsulation,et moulage<\/span><\/li>\n<li><span style=\"color: #103a5d;\">R\u00e9paration<\/span><\/li>\n<li><span style=\"color: #103a5d;\">Rev\u00eatements<\/span><\/li>\n<li><span style=\"color: #103a5d;\">Traitements de surface<\/span><\/li>\n<\/ul>\n<p><strong><span style=\"color: #103a5d;\">Produits TEROSON :<\/span><\/strong><\/p>\n<p><span style=\"color: #103a5d;\">Les solutions TEROSON permettent \u00e0 nos clients d&rsquo;am\u00e9liorer leurs processus d&rsquo;application et de production, mais \u00e9galement la qualit\u00e9 de leurs produits, pour une meilleure rentabilit\u00e9. Les solutions TEROSON r\u00e9pondent parfaitement aux exigences de nos clients en termes de qualit\u00e9 et de normes mondiales.<\/span><\/p>\n<p><span style=\"color: #103a5d;\">Entretien et r\u00e9paration de v\u00e9hicules, R\u00e9paration du verre et de la carrosserie, rev\u00eatement et \u00e9quipement pour les V\u00e9hicules de tourisme, Bus et poids lourds, Flottes et parcs de v\u00e9hicules, Pi\u00e8ces d\u00e9tach\u00e9es pour les fabricants de v\u00e9hicules agricoles, de chantier et les fabricants d&rsquo;\u00e9quipement d&rsquo;origine en automobiles et de moteurs de faible cylindr\u00e9e<\/span><\/p>\n<p><strong><span style=\"color: #103a5d;\">Carrosserie automobile<\/span><\/strong><br \/>\n<span style=\"color: #103a5d;\">Produits adh\u00e9sifs, d&rsquo;\u00e9tanch\u00e9it\u00e9, de protection et de renforcement des carrosseries et pi\u00e8ces automobiles dans les ateliers de carrosserie, de peinture et de sellerie pour les Voitures (v\u00e9hicules de tourisme, v\u00e9hicules utilitaires l\u00e9gers), V\u00e9hicules utilitaires, Camionnettes et poids lourds, Autocars et autobus, Motos.<\/span><br \/>\n<span style=\"color: #103a5d;\">Pi\u00e8ces automobiles Int\u00e9rieures et Ext\u00e9rieures<\/span><\/p>\n<p><strong><span style=\"color: #103a5d;\">Industrie du montage<\/span><\/strong><br \/>\n<span style=\"color: #103a5d;\">Collage structural, \u00e9tanch\u00e9it\u00e9 et rev\u00eatement industriels pour :<\/span><\/p>\n<p><span style=\"color: #103a5d;\">Les travaux de construction (exemple : \u00e9l\u00e9ments pr\u00e9fabriqu\u00e9s, toitures, fa\u00e7ades, r\u00e9seaux de transport et travaux de g\u00e9nie civil)<\/span><br \/>\n<span style=\"color: #103a5d;\">Les v\u00e9hicules (exemple : v\u00e9hicules routiers\/sp\u00e9cifiques, embarcations, v\u00e9hicules ferroviaires, transport intermodal et pi\u00e8ces d\u00e9tach\u00e9es), L&rsquo;\u00e9lectrique et l&rsquo;optique (exemple : r\u00e9seaux c\u00e2bl\u00e9s, dispositifs \u00e9lectriques, stockage des donn\u00e9es), L&rsquo;ing\u00e9nierie m\u00e9canique (exemple : filtration, traitement de l&rsquo;eau\/de l&rsquo;air, production d&rsquo;\u00e9nergie, outillage, fonderie), L&rsquo;\u00e9lectrom\u00e9nager (exemple : gros ou petit \u00e9lectrom\u00e9nager, chauffage, climatisation, \u00e9quipements sportifs)<\/span><\/p>\n<p><strong><span style=\"color: #103a5d;\">BONDERITE :<\/span><\/strong><\/p>\n<p><span style=\"color: #103a5d;\">Les solutions de traitement BONDERITE s&rsquo;adaptent \u00e0 l&rsquo;\u00e9volution des besoins de nos clients gr\u00e2ce \u00e0 notre expertise technique accessible dans le monde entier dans les secteurs suivants :<\/span><\/p>\n<p><strong><span style=\"color: #103a5d;\">Automobile et m\u00e9taux<\/span><\/strong><br \/>\n<span style=\"color: #103a5d;\">Acier en bobine, Conditionnement en m\u00e9tal, Formage des m\u00e9taux, Pi\u00e8ces automobiles \/ groupe propulseur \/ CVC \/ int\u00e9rieur \/ ext\u00e9rieur \/ ch\u00e2ssis, Carrosserie et assemblage, Carrosserie brute (atelier de peinture et de carrosserie), Voitures (v\u00e9hicules de tourisme, v\u00e9hicules utilitaires l\u00e9gers), Centres de traitement de fabricants d&rsquo;\u00e9quipement d&rsquo;origine, Atelier de sellerie (r\u00e9paration et entretien), V\u00e9hicules utilitaires, Camionettes et poids lourds, Autocars et autobus, Motos<\/span><\/p>\n<p><strong><span style=\"color: #103a5d;\">Secteur A\u00e9rospatial<\/span><\/strong><br \/>\n<span style=\"color: #103a5d;\">Assemblage a\u00e9rospatial, Entretien, r\u00e9paration et r\u00e9vision dans le secteur a\u00e9rospatial<\/span><\/p>\n<p><strong><span style=\"color: #103a5d;\">Industrie g\u00e9n\u00e9rale<\/span><\/strong><br \/>\n<span style=\"color: #103a5d;\">\u00c9lectrom\u00e9nager, V\u00e9hicules agricoles \/ de chantier, V\u00e9hicules sp\u00e9cialis\u00e9s \/ de transport de passagers de grande taille, Industries manufacturi\u00e8res g\u00e9n\u00e9rales, CVC<\/span>[\/vc_column_text][\/vc_column_inner][vc_column_inner width=\u00a0\u00bb1\/3&Prime;][vc_single_image image=\u00a0\u00bb26495&Prime; img_size=\u00a0\u00bbfull\u00a0\u00bb alignment=\u00a0\u00bbright\u00a0\u00bb css=\u00a0\u00bb.vc_custom_1556102977088{margin-top: -30px !important;margin-right: 30px !important;margin-left: 30px !important;}\u00a0\u00bb][vc_single_image image=\u00a0\u00bb26496&Prime; img_size=\u00a0\u00bbfull\u00a0\u00bb alignment=\u00a0\u00bbright\u00a0\u00bb css=\u00a0\u00bb.vc_custom_1556103002873{margin-top: -80px !important;margin-right: 30px !important;margin-left: 30px !important;}\u00a0\u00bb][vc_empty_space height=\u00a0\u00bb40px\u00a0\u00bb][vc_single_image image=\u00a0\u00bb26497&Prime; img_size=\u00a0\u00bbmedium\u00a0\u00bb alignment=\u00a0\u00bbright\u00a0\u00bb css=\u00a0\u00bb.vc_custom_1556102760054{margin: 50px !important;}\u00a0\u00bb][vc_empty_space height=\u00a0\u00bb60px\u00a0\u00bb][vc_single_image image=\u00a0\u00bb26498&Prime; img_size=\u00a0\u00bbmedium\u00a0\u00bb alignment=\u00a0\u00bbright\u00a0\u00bb css=\u00a0\u00bb.vc_custom_1556102574864{margin-top: 40px !important;margin-right: 40px !important;margin-bottom: 40px !important;margin-left: 40px !important;}\u00a0\u00bb][vc_empty_space height=\u00a0\u00bb60px\u00a0\u00bb][vc_single_image image=\u00a0\u00bb26499&Prime; img_size=\u00a0\u00bbmedium\u00a0\u00bb alignment=\u00a0\u00bbright\u00a0\u00bb css=\u00a0\u00bb.vc_custom_1556102549239{margin-top: 40px !important;margin-right: 40px !important;margin-bottom: 40px !important;margin-left: 40px !important;}\u00a0\u00bb][\/vc_column_inner][\/vc_row_inner][\/vc_tta_section][vc_tta_section title=\u00a0\u00bb3M\u00a0\u00bb tab_id=\u00a0\u00bb1527249083210-d825987a-a515&Prime;][vc_row_inner][vc_column_inner width=\u00a0\u00bb2\/3&Prime;][vc_column_text]<span style=\"color: #103a5d;\">La gamme industrielle d&rsquo;adh\u00e9sifs et de rubans offre une large gamme de produits de collage pour toutes les industries, applications et substrats, qui facilitent la r\u00e9solution des d\u00e9fis de montage dans le monde r\u00e9el.<\/span><\/p>\n<p><strong><span style=\"color: #103a5d;\">Adh\u00e9sifs :<\/span><\/strong><\/p>\n<ul>\n<li><span style=\"color: #103a5d;\">Scotch-Weld\u2122 Adh\u00e9sifs estructuraux<\/span><\/li>\n<li><span style=\"color: #103a5d;\">Scotch-Weld\u2122 Adh\u00e9sifs instantan\u00e9s<\/span><\/li>\n<li><span style=\"color: #103a5d;\">Scotch-Weld\u2122 Adh\u00e9sifs ana\u00e9robie<\/span><\/li>\n<li><span style=\"color: #103a5d;\">Scotch-Weld\u2122 Aplicateurs et buses<\/span><\/li>\n<li><span style=\"color: #103a5d;\">Reparateurs de b\u00e9ton<\/span><\/li>\n<li><span style=\"color: #103a5d;\">Scotch-Weld\u2122 Adh\u00e9sifs de polyur\u00e9thane<\/span><\/li>\n<li><span style=\"color: #103a5d;\">Adhesivos Hot Melt en a\u00e9rosol<\/span><\/li>\n<li><span style=\"color: #103a5d;\">Adhesivos Hot Melt, Aplicateurs et accesories<\/span><\/li>\n<li><span style=\"color: #103a5d;\">Adh\u00e9sifs \u00e0 base de solvant et d&rsquo;eau<\/span><\/li>\n<li><span style=\"color: #103a5d;\">Nettoyeurs et lubrifiants<\/span><\/li>\n<li><span style=\"color: #103a5d;\">3Adhesives en a\u00e9rosol<\/span><\/li>\n<li><span style=\"color: #103a5d;\">Adh\u00e9sifs scellants<\/span><\/li>\n<\/ul>\n<p><strong><span style=\"color: #103a5d;\">Rubans adh\u00e9sifs<\/span><\/strong><\/p>\n<ul>\n<li><span style=\"color: #103a5d;\">VHB\u2122 Rubans adh\u00e9sifs colles<\/span><\/li>\n<li><span style=\"color: #103a5d;\">Rubans Extreme<\/span><\/li>\n<li><span style=\"color: #103a5d;\">Rubans mousse double face<\/span><\/li>\n<li><span style=\"color: #103a5d;\">Rubans doubl\u00e9 face<\/span><\/li>\n<li><span style=\"color: #103a5d;\">Rubans ouvrables et refermables<\/span><\/li>\n<li><span style=\"color: #103a5d;\">Rubans double face fins et transferts<\/span><\/li>\n<li><span style=\"color: #103a5d;\">Rubans avec rev\u00eatement<\/span><\/li>\n<li><span style=\"color: #103a5d;\">Aplicateurs indusriels pour rubans \u2013 x-Series<\/span><\/li>\n<\/ul>\n<p><strong><span style=\"color: #103a5d;\">Technologies Speciaux<\/span><\/strong><\/p>\n<ul>\n<li><span style=\"color: #103a5d;\">Rubans r\u00e9utilisables<\/span><\/li>\n<li><span style=\"color: #103a5d;\">Sytheme Hook and Loop<\/span><\/li>\n<li><span style=\"color: #103a5d;\">Rubans mousse une face<\/span><\/li>\n<\/ul>\n<p>[\/vc_column_text][\/vc_column_inner][vc_column_inner width=\u00a0\u00bb1\/3&Prime;][vc_single_image image=\u00a0\u00bb26500&Prime; img_size=\u00a0\u00bbfull\u00a0\u00bb alignment=\u00a0\u00bbright\u00a0\u00bb css=\u00a0\u00bb.vc_custom_1556103830826{margin-top: -30px !important;}\u00a0\u00bb][vc_empty_space][vc_single_image image=\u00a0\u00bb26501&Prime; img_size=\u00a0\u00bbmedium\u00a0\u00bb alignment=\u00a0\u00bbcenter\u00a0\u00bb][vc_empty_space height=\u00a0\u00bb40px\u00a0\u00bb][vc_single_image image=\u00a0\u00bb26502&Prime; img_size=\u00a0\u00bbmedium\u00a0\u00bb alignment=\u00a0\u00bbcenter\u00a0\u00bb][vc_empty_space height=\u00a0\u00bb40px\u00a0\u00bb][vc_single_image image=\u00a0\u00bb26503&Prime; img_size=\u00a0\u00bbmedium\u00a0\u00bb alignment=\u00a0\u00bbcenter\u00a0\u00bb][\/vc_column_inner][\/vc_row_inner][\/vc_tta_section][\/vc_tta_tabs][\/vc_column][\/vc_row][vc_row][vc_column][vc_separator][vc_column_text]<\/p>\n<p style=\"text-align: left;\"><small>Toutes les marques des produits pr\u00e9sent\u00e9s sur ce site appartiennent \u00e0 leurs propri\u00e9taires respectifs. \u00c0 ce titre, ils sont reconnus par La Herramienta Industrial et sont utilis\u00e9s sur ce site des fins d\u00e9claratives seulement.<\/small><\/p>\n<p>[\/vc_column_text][\/vc_column][\/vc_row]<\/p>\n<\/div>","protected":false},"excerpt":{"rendered":"<p>[vc_row][vc_column][vc_tta_tabs style=\u00a0\u00bbmodern\u00a0\u00bb spacing=\u00a0\u00bb15&Prime; gap=\u00a0\u00bb15&Prime; active_section=\u00a0\u00bb1&Prime; pagination_style=\u00a0\u00bbthegem-circle\u00a0\u00bb pagination_color=\u00a0\u00bbmulled-wine\u00a0\u00bb no_fill_content_area=\u00a0\u00bbtrue\u00a0\u00bb][vc_tta_section title=\u00a0\u00bbLoctite\u00a0\u00bb tab_id=\u00a0\u00bb1527249083201-2230c6d2-c85a\u00a0\u00bb][vc_row_inner][vc_column_inner width=\u00a0\u00bb2\/3&Prime;][vc_column_text]LOCTITE est la marque de Henkel pour les adh\u00e9sifs haute performance, produits d&rsquo;\u00e9tanch\u00e9it\u00e9 et de rev\u00eatements. Con\u00e7ue pour encourager l&rsquo;innovation&#8230;<\/p>\n","protected":false},"author":9,"featured_media":0,"parent":27217,"menu_order":0,"comment_status":"closed","ping_status":"closed","template":"","meta":{"footnotes":""},"class_list":["post-27223","page","type-page","status-publish"],"yoast_head":"<!-- This site is optimized with the Yoast SEO plugin v25.1 - https:\/\/yoast.com\/wordpress\/plugins\/seo\/ -->\n<title>Les Adh\u00e9sifs - La Herramienta Industrial<\/title>\n<meta name=\"robots\" content=\"index, follow, max-snippet:-1, max-image-preview:large, max-video-preview:-1\" \/>\n<link rel=\"canonical\" href=\"https:\/\/www.laherramienta.com\/fr\/produits\/les-adhesifs\/\" \/>\n<meta property=\"og:locale\" content=\"fr_FR\" \/>\n<meta property=\"og:type\" content=\"article\" \/>\n<meta property=\"og:title\" content=\"Les Adh\u00e9sifs - La Herramienta Industrial\" \/>\n<meta property=\"og:description\" content=\"[vc_row][vc_column][vc_tta_tabs style=\u00a0\u00bbmodern\u00a0\u00bb spacing=\u00a0\u00bb15&Prime; gap=\u00a0\u00bb15&Prime; active_section=\u00a0\u00bb1&Prime; pagination_style=\u00a0\u00bbthegem-circle\u00a0\u00bb pagination_color=\u00a0\u00bbmulled-wine\u00a0\u00bb no_fill_content_area=\u00a0\u00bbtrue\u00a0\u00bb][vc_tta_section title=\u00a0\u00bbLoctite\u00a0\u00bb tab_id=\u00a0\u00bb1527249083201-2230c6d2-c85a\u00a0\u00bb][vc_row_inner][vc_column_inner width=\u00a0\u00bb2\/3&Prime;][vc_column_text]LOCTITE est la marque de Henkel pour les adh\u00e9sifs haute performance, produits d&rsquo;\u00e9tanch\u00e9it\u00e9 et de rev\u00eatements. Con\u00e7ue pour encourager l&rsquo;innovation...\" \/>\n<meta property=\"og:url\" content=\"https:\/\/www.laherramienta.com\/fr\/produits\/les-adhesifs\/\" \/>\n<meta property=\"og:site_name\" content=\"La Herramienta Industrial\" \/>\n<meta property=\"article:modified_time\" content=\"2019-11-29T15:57:29+00:00\" \/>\n<meta name=\"twitter:card\" content=\"summary_large_image\" \/>\n<meta name=\"twitter:label1\" content=\"Dur\u00e9e de lecture estim\u00e9e\" \/>\n\t<meta name=\"twitter:data1\" content=\"5 minutes\" \/>\n<script type=\"application\/ld+json\" class=\"yoast-schema-graph\">{\"@context\":\"https:\/\/schema.org\",\"@graph\":[{\"@type\":\"WebPage\",\"@id\":\"https:\/\/www.laherramienta.com\/fr\/produits\/les-adhesifs\/\",\"url\":\"https:\/\/www.laherramienta.com\/fr\/produits\/les-adhesifs\/\",\"name\":\"Les Adh\u00e9sifs - La Herramienta Industrial\",\"isPartOf\":{\"@id\":\"https:\/\/www.laherramienta.com\/#website\"},\"datePublished\":\"2018-05-25T10:47:24+00:00\",\"dateModified\":\"2019-11-29T15:57:29+00:00\",\"breadcrumb\":{\"@id\":\"https:\/\/www.laherramienta.com\/fr\/produits\/les-adhesifs\/#breadcrumb\"},\"inLanguage\":\"fr-FR\",\"potentialAction\":[{\"@type\":\"ReadAction\",\"target\":[\"https:\/\/www.laherramienta.com\/fr\/produits\/les-adhesifs\/\"]}]},{\"@type\":\"BreadcrumbList\",\"@id\":\"https:\/\/www.laherramienta.com\/fr\/produits\/les-adhesifs\/#breadcrumb\",\"itemListElement\":[{\"@type\":\"ListItem\",\"position\":1,\"name\":\"Portada\",\"item\":\"https:\/\/www.laherramienta.com\/fr\/\"},{\"@type\":\"ListItem\",\"position\":2,\"name\":\"Produits\",\"item\":\"https:\/\/www.laherramienta.com\/fr\/produits\/\"},{\"@type\":\"ListItem\",\"position\":3,\"name\":\"Les Adh\u00e9sifs\"}]},{\"@type\":\"WebSite\",\"@id\":\"https:\/\/www.laherramienta.com\/#website\",\"url\":\"https:\/\/www.laherramienta.com\/\",\"name\":\"La Herramienta Industrial\",\"description\":\"Maquinaria, grandes equipos y suministro industrial.\",\"publisher\":{\"@id\":\"https:\/\/www.laherramienta.com\/#organization\"},\"potentialAction\":[{\"@type\":\"SearchAction\",\"target\":{\"@type\":\"EntryPoint\",\"urlTemplate\":\"https:\/\/www.laherramienta.com\/?s={search_term_string}\"},\"query-input\":{\"@type\":\"PropertyValueSpecification\",\"valueRequired\":true,\"valueName\":\"search_term_string\"}}],\"inLanguage\":\"fr-FR\"},{\"@type\":\"Organization\",\"@id\":\"https:\/\/www.laherramienta.com\/#organization\",\"name\":\"La Herramienta Industrial\",\"url\":\"https:\/\/www.laherramienta.com\/\",\"logo\":{\"@type\":\"ImageObject\",\"inLanguage\":\"fr-FR\",\"@id\":\"https:\/\/www.laherramienta.com\/#\/schema\/logo\/image\/\",\"url\":\"https:\/\/www.laherramienta.com\/wp-content\/uploads\/2016\/03\/gslhi-150-1-e1491298698248.png\",\"contentUrl\":\"https:\/\/www.laherramienta.com\/wp-content\/uploads\/2016\/03\/gslhi-150-1-e1491298698248.png\",\"width\":100,\"height\":100,\"caption\":\"La Herramienta Industrial\"},\"image\":{\"@id\":\"https:\/\/www.laherramienta.com\/#\/schema\/logo\/image\/\"}}]}<\/script>\n<!-- \/ Yoast SEO plugin. -->","yoast_head_json":{"title":"Les Adh\u00e9sifs - La Herramienta Industrial","robots":{"index":"index","follow":"follow","max-snippet":"max-snippet:-1","max-image-preview":"max-image-preview:large","max-video-preview":"max-video-preview:-1"},"canonical":"https:\/\/www.laherramienta.com\/fr\/produits\/les-adhesifs\/","og_locale":"fr_FR","og_type":"article","og_title":"Les Adh\u00e9sifs - La Herramienta Industrial","og_description":"[vc_row][vc_column][vc_tta_tabs style=\u00a0\u00bbmodern\u00a0\u00bb spacing=\u00a0\u00bb15&Prime; gap=\u00a0\u00bb15&Prime; active_section=\u00a0\u00bb1&Prime; pagination_style=\u00a0\u00bbthegem-circle\u00a0\u00bb pagination_color=\u00a0\u00bbmulled-wine\u00a0\u00bb no_fill_content_area=\u00a0\u00bbtrue\u00a0\u00bb][vc_tta_section title=\u00a0\u00bbLoctite\u00a0\u00bb tab_id=\u00a0\u00bb1527249083201-2230c6d2-c85a\u00a0\u00bb][vc_row_inner][vc_column_inner width=\u00a0\u00bb2\/3&Prime;][vc_column_text]LOCTITE est la marque de Henkel pour les adh\u00e9sifs haute performance, produits d&rsquo;\u00e9tanch\u00e9it\u00e9 et de rev\u00eatements. Con\u00e7ue pour encourager l&rsquo;innovation...","og_url":"https:\/\/www.laherramienta.com\/fr\/produits\/les-adhesifs\/","og_site_name":"La Herramienta Industrial","article_modified_time":"2019-11-29T15:57:29+00:00","twitter_card":"summary_large_image","twitter_misc":{"Dur\u00e9e de lecture estim\u00e9e":"5 minutes"},"schema":{"@context":"https:\/\/schema.org","@graph":[{"@type":"WebPage","@id":"https:\/\/www.laherramienta.com\/fr\/produits\/les-adhesifs\/","url":"https:\/\/www.laherramienta.com\/fr\/produits\/les-adhesifs\/","name":"Les Adh\u00e9sifs - La Herramienta Industrial","isPartOf":{"@id":"https:\/\/www.laherramienta.com\/#website"},"datePublished":"2018-05-25T10:47:24+00:00","dateModified":"2019-11-29T15:57:29+00:00","breadcrumb":{"@id":"https:\/\/www.laherramienta.com\/fr\/produits\/les-adhesifs\/#breadcrumb"},"inLanguage":"fr-FR","potentialAction":[{"@type":"ReadAction","target":["https:\/\/www.laherramienta.com\/fr\/produits\/les-adhesifs\/"]}]},{"@type":"BreadcrumbList","@id":"https:\/\/www.laherramienta.com\/fr\/produits\/les-adhesifs\/#breadcrumb","itemListElement":[{"@type":"ListItem","position":1,"name":"Portada","item":"https:\/\/www.laherramienta.com\/fr\/"},{"@type":"ListItem","position":2,"name":"Produits","item":"https:\/\/www.laherramienta.com\/fr\/produits\/"},{"@type":"ListItem","position":3,"name":"Les Adh\u00e9sifs"}]},{"@type":"WebSite","@id":"https:\/\/www.laherramienta.com\/#website","url":"https:\/\/www.laherramienta.com\/","name":"La Herramienta Industrial","description":"Maquinaria, grandes equipos y suministro industrial.","publisher":{"@id":"https:\/\/www.laherramienta.com\/#organization"},"potentialAction":[{"@type":"SearchAction","target":{"@type":"EntryPoint","urlTemplate":"https:\/\/www.laherramienta.com\/?s={search_term_string}"},"query-input":{"@type":"PropertyValueSpecification","valueRequired":true,"valueName":"search_term_string"}}],"inLanguage":"fr-FR"},{"@type":"Organization","@id":"https:\/\/www.laherramienta.com\/#organization","name":"La Herramienta Industrial","url":"https:\/\/www.laherramienta.com\/","logo":{"@type":"ImageObject","inLanguage":"fr-FR","@id":"https:\/\/www.laherramienta.com\/#\/schema\/logo\/image\/","url":"https:\/\/www.laherramienta.com\/wp-content\/uploads\/2016\/03\/gslhi-150-1-e1491298698248.png","contentUrl":"https:\/\/www.laherramienta.com\/wp-content\/uploads\/2016\/03\/gslhi-150-1-e1491298698248.png","width":100,"height":100,"caption":"La Herramienta Industrial"},"image":{"@id":"https:\/\/www.laherramienta.com\/#\/schema\/logo\/image\/"}}]}},"_links":{"self":[{"href":"https:\/\/www.laherramienta.com\/fr\/wp-json\/wp\/v2\/pages\/27223","targetHints":{"allow":["GET"]}}],"collection":[{"href":"https:\/\/www.laherramienta.com\/fr\/wp-json\/wp\/v2\/pages"}],"about":[{"href":"https:\/\/www.laherramienta.com\/fr\/wp-json\/wp\/v2\/types\/page"}],"author":[{"embeddable":true,"href":"https:\/\/www.laherramienta.com\/fr\/wp-json\/wp\/v2\/users\/9"}],"replies":[{"embeddable":true,"href":"https:\/\/www.laherramienta.com\/fr\/wp-json\/wp\/v2\/comments?post=27223"}],"version-history":[{"count":9,"href":"https:\/\/www.laherramienta.com\/fr\/wp-json\/wp\/v2\/pages\/27223\/revisions"}],"predecessor-version":[{"id":28426,"href":"https:\/\/www.laherramienta.com\/fr\/wp-json\/wp\/v2\/pages\/27223\/revisions\/28426"}],"up":[{"embeddable":true,"href":"https:\/\/www.laherramienta.com\/fr\/wp-json\/wp\/v2\/pages\/27217"}],"wp:attachment":[{"href":"https:\/\/www.laherramienta.com\/fr\/wp-json\/wp\/v2\/media?parent=27223"}],"curies":[{"name":"wp","href":"https:\/\/api.w.org\/{rel}","templated":true}]}}