{"id":27229,"date":"2018-05-25T10:46:41","date_gmt":"2018-05-25T10:46:41","guid":{"rendered":"http:\/\/laherramienta.com\/?page_id=27229"},"modified":"2019-11-29T15:47:21","modified_gmt":"2019-11-29T15:47:21","slug":"bandes-transporteuses","status":"publish","type":"page","link":"https:\/\/www.laherramienta.com\/fr\/produits\/bandes-transporteuses\/","title":{"rendered":"Bandes Transporteuses"},"content":{"rendered":"<div class=\"wpb-content-wrapper\"><p>[vc_row][vc_column][vc_tta_tabs style=\u00a0\u00bbmodern\u00a0\u00bb spacing=\u00a0\u00bb15&Prime; gap=\u00a0\u00bb15&Prime; active_section=\u00a0\u00bb1&Prime; pagination_style=\u00a0\u00bbthegem-circle\u00a0\u00bb pagination_color=\u00a0\u00bbmulled-wine\u00a0\u00bb no_fill_content_area=\u00a0\u00bbtrue\u00a0\u00bb][vc_tta_section title=\u00a0\u00bbMlt\u00a0\u00bb tab_id=\u00a0\u00bb1527249066638-16d5c46f-f26f\u00a0\u00bb][vc_row_inner][vc_column_inner width=\u00a0\u00bb2\/3&Prime;][vc_column_text]<span style=\"color: #103a5d;\">Minet fabrique des agrafes et jonctions, de qualit\u00e9, adapt\u00e9es aux besoins et simples d\u2019utilisation.<\/span><br \/>\n<span style=\"color: #103a5d;\">L\u2019objectif de MLT Minet Lacing Technology est, et sera toujours, celui de ses d\u00e9buts et qui a fait son succ\u00e8s\u00a0\u00bb.<\/span><\/p>\n<p><span style=\"color: #103a5d;\">Clip\u2019N Lock\u00ae est une agrafe plane pour bandes l\u00e9g\u00e8res. Son pas continu assure une bonne tenue des griffes m\u00eame dans les bandes de faible \u00e9paisseur. Sa conception lui conf\u00e8re 2 avantages :<\/span><\/p>\n<ul>\n<li><span style=\"color: #103a5d;\">une double rang\u00e9e de dents pour plus de r\u00e9sistance.<\/span><\/li>\n<li><span style=\"color: #103a5d;\">un design en m\u00e9andre : pas de risque de perdre un \u00e9l\u00e9ment.<\/span><\/li>\n<\/ul>\n<p><span style=\"color: #103a5d;\">L&rsquo;agrafe Self-Lock\u00ae est une agrafe mise au point par Minet Lacing Technology. Son pontet m\u00e9tallique s&rsquo;inscruste dans la bande lors de la fermeture. Il y bloque la griffe \u00e0 l&rsquo;int\u00e9rieur. Son efficacit\u00e9 et sa facilit\u00e9 de pose font de la Self-Lock\u00ae une innovation majeure dans la jonction de bandes transporteuses.<\/span><\/p>\n<p><span style=\"color: #103a5d;\">MLT Minet Lacing Technology a d\u00e9velopp\u00e9 la SUPER-SCREW\u00ae. C\u2019est une jonction souple, en caoutchouc, \u00e0 visser. Elle s&rsquo;installe quelles que soient la configuration de la bande transporteuse, les conditions d&rsquo;acc\u00e8s et les conditions m\u00e9t\u00e9orologiques.<\/span><\/p>\n<p><strong><span style=\"color: #103a5d;\">Le syst\u00e8me de vissage permet de l\u2019installer quelles que soient :<\/span><\/strong><\/p>\n<ul>\n<li><span style=\"color: #103a5d;\">la configuration de la bande transporteuse,<\/span><\/li>\n<li><span style=\"color: #103a5d;\">les conditions d\u2019acc\u00e8s,<\/span><\/li>\n<li><span style=\"color: #103a5d;\">les conditions m\u00e9t\u00e9orologiques.<\/span><\/li>\n<\/ul>\n<p><span style=\"color: #103a5d;\">L&rsquo;agrafe MS est la seule agrafe m\u00e9tallique \u00e0 visser existante.<\/span><br \/>\n<span style=\"color: #103a5d;\">Son installation simple et facile ne n\u00e9cessite aucun appareil de pose sp\u00e9cifique, elless peuvent \u00eatre install\u00e9s avec un tournevis (bact\u00e9ries, \u00e9lectrique, pneumatique)<\/span><\/p>\n<p><span style=\"color: #103a5d;\">FIX\u2019N GO\u00ae est une solution innovante et ra- pide pour r\u00e9parer les d\u00e9chirures ou les dom- mages sur les bandes transporteuses.<\/span><br \/>\n<span style=\"color: #103a5d;\">Compos\u00e9 d\u2019un tissu renforc\u00e9 et d\u2019un caoutchouc ayant un indice d\u2019abrasion tr\u00e8s \u00e9lev\u00e9 de 50 mm3, FIX\u2019N GO\u00ae offre une protection aux frottements et \u00e0 l\u2019usure sup\u00e9rieure \u00e0 celle de votre bande transporteuse d\u2019origine, tout en conservant sa souplesse, sa tenue \u00e0 l\u2019allongement et sa r\u00e9sistance \u00e0 la traction.<\/span>[\/vc_column_text][\/vc_column_inner][vc_column_inner width=\u00a0\u00bb1\/3&Prime;][vc_single_image image=\u00a0\u00bb26371&Prime; img_size=\u00a0\u00bbfull\u00a0\u00bb alignment=\u00a0\u00bbcenter\u00a0\u00bb css=\u00a0\u00bb.vc_custom_1532329398546{margin-top: -50px !important;}\u00a0\u00bb][vc_empty_space height=\u00a0\u00bb60px\u00a0\u00bb][vc_single_image image=\u00a0\u00bb26372&Prime; img_size=\u00a0\u00bbmedium\u00a0\u00bb alignment=\u00a0\u00bbright\u00a0\u00bb][vc_empty_space height=\u00a0\u00bb100px\u00a0\u00bb][vc_single_image image=\u00a0\u00bb26373&Prime; img_size=\u00a0\u00bbmedium\u00a0\u00bb alignment=\u00a0\u00bbright\u00a0\u00bb][\/vc_column_inner][\/vc_row_inner][\/vc_tta_section][vc_tta_section title=\u00a0\u00bbRema Tiptop\u00a0\u00bb tab_id=\u00a0\u00bb1527249066655-81fed0fd-a872&Prime;][vc_row_inner][vc_column_inner width=\u00a0\u00bb2\/3&Prime;][vc_column_text]<span style=\"color: #103a5d;\">Depuis des d\u00e9cennies, REMA TIP TOP propose des solutions compl\u00e8tes \u00e9prouv\u00e9es, certifi\u00e9es et convenues avec chaque client dans les domaines de la protection contre la corrosion et l&rsquo;usure, de l&rsquo;entretien et de la r\u00e9paration des bandes transporteuses ainsi que de la r\u00e9paration des pneus au sein de le secteur automobile.<\/span><\/p>\n<p><strong><span style=\"color: #103a5d;\">Protection contre l&rsquo;usure<\/span><\/strong><br \/>\n<span style=\"color: #103a5d;\">Les mat\u00e9riaux de protection contre l&rsquo;usure REMA TIP TOP et notre exp\u00e9rience garantissent le bon fonctionnement de vos syst\u00e8mes.<\/span><\/p>\n<p><strong><span style=\"color: #103a5d;\">Solutions pour le transport de mat\u00e9riaux<\/span><\/strong><br \/>\n<span style=\"color: #103a5d;\">Les produits et technologies REMA TIP TOP augmentent de mani\u00e8re d\u00e9cisive la dur\u00e9e de vie et l&rsquo;efficacit\u00e9 \u00e9conomique des syst\u00e8mes \u00e0 bande transporteuse.<\/span><\/p>\n<p><strong><span style=\"color: #103a5d;\">Traitement des min\u00e9raux<\/span><\/strong><br \/>\n<span style=\"color: #103a5d;\">Des sp\u00e9cialistes exp\u00e9riment\u00e9s garantissent une planification individuelle sp\u00e9cifique et un ajustement facile du bon \u00e9quipement pour chaque application.<\/span><\/p>\n<p><strong><span style=\"color: #103a5d;\">Convoyeurs DUNLOP et bandes transporteuses<\/span><\/strong><br \/>\n<span style=\"color: #103a5d;\">L&rsquo;acquisition de DUNLOP Belting Products en Afrique du Sud fait de REMA TIP TOP l&rsquo;un des principaux fournisseurs de bandes transporteuses.<\/span><\/p>\n<p><strong><span style=\"color: #103a5d;\">Mat\u00e9riel de r\u00e9paration de pneus et d\u2019automobile<\/span><\/strong><br \/>\n<span style=\"color: #103a5d;\">Tout pour r\u00e9parer les pneus: REMA TIP TOP propose des produits innovants qui facilitent votre travail. REMA TIP TOP, le plus grand fabricant mondial de r\u00e9paration de pneus, propose des produits et des services innovants qui facilitent votre travail. Un programme complet de mat\u00e9riaux de r\u00e9paration de haute qualit\u00e9, d&rsquo;outils de vulcanisation et d&rsquo;\u00e9quipement pour tous les types de pneus et pour presque tous les types de dommages assure une r\u00e9paration durable.<\/span>[\/vc_column_text][\/vc_column_inner][vc_column_inner width=\u00a0\u00bb1\/3&Prime;][vc_single_image image=\u00a0\u00bb26374&Prime; img_size=\u00a0\u00bbfull\u00a0\u00bb alignment=\u00a0\u00bbright\u00a0\u00bb css=\u00a0\u00bb.vc_custom_1528457065452{margin-top: -50px !important;}\u00a0\u00bb][vc_empty_space height=\u00a0\u00bb100px\u00a0\u00bb][vc_single_image image=\u00a0\u00bb26375&Prime; img_size=\u00a0\u00bbmedium\u00a0\u00bb alignment=\u00a0\u00bbright\u00a0\u00bb][vc_empty_space height=\u00a0\u00bb60px\u00a0\u00bb][vc_single_image image=\u00a0\u00bb26376&Prime; img_size=\u00a0\u00bbmedium\u00a0\u00bb alignment=\u00a0\u00bbright\u00a0\u00bb][\/vc_column_inner][\/vc_row_inner][\/vc_tta_section][vc_tta_section title=\u00a0\u00bbFlexco\u00a0\u00bb tab_id=\u00a0\u00bb1527507276686-dcb433c7-85b3&Prime;][vc_row_inner][vc_column_inner width=\u00a0\u00bb2\/3&Prime;][vc_column_text]<span style=\"color: #103a5d;\">Notre gamme compl\u00e8te de bandes transporteuses est con\u00e7ue pour maximiser la productivit\u00e9 et aider \u00e0 maintenir la s\u00e9curit\u00e9 de vos employ\u00e9s. Faites appel \u00e0 Flexco pour tout ce dont votre syst\u00e8me a besoin, qu&rsquo;il s&rsquo;agisse de syst\u00e8mes de nettoyage et d&rsquo;aligneurs de courroies, de clips de ceinture m\u00e9caniques, de jupes, etc.<\/span><\/p>\n<p><strong><span style=\"color: #103a5d;\">Light-Duty Fasteners:<\/span><\/strong><\/p>\n<ul>\n<li><span style=\"color: #103a5d;\">Sistema Alligator\u00ae Ready Set\u2122 2&Prime;-4&Prime; 100-200 1\/16&Prime;-1\/4&Prime;<\/span><\/li>\n<li><span style=\"color: #103a5d;\">ANKER\u00ae Wire Hooks 15\/16 200 0-1\/16&Prime;<\/span><\/li>\n<li><span style=\"color: #103a5d;\">Clipper\u00ae Wire Hook System 15\/16&Prime; 7&Prime; 200 0&Prime;-25\/64&Prime;<\/span><\/li>\n<li><span style=\"color: #103a5d;\">Alligator\u00ae Sistema de Grapas 1&Prime;-14&Prime; 25-200 0&Prime;-1\/2&Prime;<\/span><\/li>\n<li><span style=\"color: #103a5d;\">ANKER\u00ae Laundry Patch Fastener System 15&Prime; 5\/64&Prime;<\/span><\/li>\n<li><span style=\"color: #103a5d;\">Clipper\u00ae G Series\u2122 Lacing 1 3\/5&Prime;-3&Prime; 1\/16&Prime;-13\/16&Prime;<\/span><\/li>\n<li><span style=\"color: #103a5d;\">Clipper\u00ae Laundry Patch Fastener System 15&Prime; 5\/64&Prime;<\/span><\/li>\n<li><span style=\"color: #103a5d;\">Sist\u00e8me Alligator\u00ae d\u2019agraffe en plastique 1 1\/2&Prime;-3&Prime; 40-65 0&Prime;-1\/8&Prime;<\/span><\/li>\n<li><span style=\"color: #103a5d;\">Alligator\u00ae Spiral Lace System 0&Prime;-5\/8&Prime; 50 0&Prime;-1\/4&Prime;<\/span><\/li>\n<li><span style=\"color: #103a5d;\">Alligator\u00ae Syst\u00e8me d\u2019agrafes rivet\u00e9s 3 \u00bd 300 1\/8-7\/32&Prime;15\/64&Prime;<\/span><\/li>\n<li><span style=\"color: #103a5d;\">Alligator\u00ae Syst\u00e8me d\u2019agrafes pour bande en V n\/a\u00a0\u00bb n\/a n\/a\u00a0\u00bb<\/span><\/li>\n<\/ul>\n<p><strong><span style=\"color: #103a5d;\">Heavy-Duty Fasteners<\/span><\/strong><\/p>\n<ul>\n<li><span style=\"color: #103a5d;\">Flexco\u00ae SR\u2122 Syst\u00e8me d\u2019agrafes charni\u00e8re avec rivets 5&Prime;-42&Prime;330-2000 1\/8&Prime;-1&Prime;<\/span><\/li>\n<li><span style=\"color: #103a5d;\">Flexco\u00ae BR\u2122 System\u00e8 de plaque s\u00f3lide rivet\u00e9 14&Prime;-36&Prime; 400-800 7\/32&Prime;-15\/16&Prime;<\/span><\/li>\n<li><span style=\"color: #103a5d;\">Flexco\u00ae Syst\u00e8me de plaque solide viss\u00e9 12&Prime;-48&Prime; 150-7003\/16&Prime;-1 3\/16\u201d<\/span><\/li>\n<li><span style=\"color: #103a5d;\">Flexco\u00ae Bolt Hinged System 6&Prime;-9&Prime; 190-300 1\/4&Prime;-5\/8&Prime;<\/span><\/li>\n<li><span style=\"color: #103a5d;\">Flexco\u00ae Syst\u00e8me d\u2019agrafes 9&Prime;-12&Prime;650-800 7\/32&Prime;-15\/16&Prime;<\/span><\/li>\n<\/ul>\n<p>[\/vc_column_text][\/vc_column_inner][vc_column_inner width=\u00a0\u00bb1\/3&Prime;][vc_single_image image=\u00a0\u00bb26377&Prime; img_size=\u00a0\u00bbfull\u00a0\u00bb alignment=\u00a0\u00bbcenter\u00a0\u00bb css=\u00a0\u00bb.vc_custom_1532329454839{margin-top: -50px !important;}\u00a0\u00bb][vc_empty_space][vc_single_image image=\u00a0\u00bb26378&Prime; img_size=\u00a0\u00bbmedium\u00a0\u00bb alignment=\u00a0\u00bbright\u00a0\u00bb][vc_empty_space][vc_single_image image=\u00a0\u00bb26379&Prime; img_size=\u00a0\u00bbmedium\u00a0\u00bb alignment=\u00a0\u00bbright\u00a0\u00bb][vc_empty_space][vc_single_image image=\u00a0\u00bb26380&Prime; img_size=\u00a0\u00bbmedium\u00a0\u00bb alignment=\u00a0\u00bbright\u00a0\u00bb][vc_empty_space][vc_single_image image=\u00a0\u00bb26381&Prime; img_size=\u00a0\u00bbmedium\u00a0\u00bb alignment=\u00a0\u00bbright\u00a0\u00bb][\/vc_column_inner][\/vc_row_inner][\/vc_tta_section][\/vc_tta_tabs][\/vc_column][\/vc_row][vc_row][vc_column][vc_separator][vc_column_text]<\/p>\n<p style=\"text-align: left;\"><small>Toutes les marques des produits pr\u00e9sent\u00e9s sur ce site appartiennent \u00e0 leurs propri\u00e9taires respectifs. \u00c0 ce titre, ils sont reconnus par La Herramienta Industrial et sont utilis\u00e9s sur ce site des fins d\u00e9claratives seulement.<\/small><\/p>\n<p>[\/vc_column_text][\/vc_column][\/vc_row]<\/p>\n<\/div>","protected":false},"excerpt":{"rendered":"<p>[vc_row][vc_column][vc_tta_tabs style=\u00a0\u00bbmodern\u00a0\u00bb spacing=\u00a0\u00bb15&Prime; gap=\u00a0\u00bb15&Prime; active_section=\u00a0\u00bb1&Prime; pagination_style=\u00a0\u00bbthegem-circle\u00a0\u00bb pagination_color=\u00a0\u00bbmulled-wine\u00a0\u00bb no_fill_content_area=\u00a0\u00bbtrue\u00a0\u00bb][vc_tta_section title=\u00a0\u00bbMlt\u00a0\u00bb tab_id=\u00a0\u00bb1527249066638-16d5c46f-f26f\u00a0\u00bb][vc_row_inner][vc_column_inner width=\u00a0\u00bb2\/3&Prime;][vc_column_text]Minet fabrique des agrafes et jonctions, de qualit\u00e9, adapt\u00e9es aux besoins et simples d\u2019utilisation. L\u2019objectif de MLT Minet Lacing Technology&#8230;<\/p>\n","protected":false},"author":9,"featured_media":0,"parent":27217,"menu_order":0,"comment_status":"closed","ping_status":"closed","template":"","meta":{"footnotes":""},"class_list":["post-27229","page","type-page","status-publish"],"yoast_head":"<!-- This site is optimized with the Yoast SEO plugin v25.1 - https:\/\/yoast.com\/wordpress\/plugins\/seo\/ -->\n<title>Bandes Transporteuses - La Herramienta Industrial<\/title>\n<meta name=\"robots\" content=\"index, follow, max-snippet:-1, max-image-preview:large, max-video-preview:-1\" \/>\n<link rel=\"canonical\" href=\"https:\/\/www.laherramienta.com\/fr\/produits\/bandes-transporteuses\/\" \/>\n<meta property=\"og:locale\" content=\"fr_FR\" \/>\n<meta property=\"og:type\" content=\"article\" \/>\n<meta property=\"og:title\" content=\"Bandes Transporteuses - La Herramienta Industrial\" \/>\n<meta property=\"og:description\" content=\"[vc_row][vc_column][vc_tta_tabs style=\u00a0\u00bbmodern\u00a0\u00bb spacing=\u00a0\u00bb15&Prime; gap=\u00a0\u00bb15&Prime; active_section=\u00a0\u00bb1&Prime; pagination_style=\u00a0\u00bbthegem-circle\u00a0\u00bb pagination_color=\u00a0\u00bbmulled-wine\u00a0\u00bb no_fill_content_area=\u00a0\u00bbtrue\u00a0\u00bb][vc_tta_section title=\u00a0\u00bbMlt\u00a0\u00bb tab_id=\u00a0\u00bb1527249066638-16d5c46f-f26f\u00a0\u00bb][vc_row_inner][vc_column_inner width=\u00a0\u00bb2\/3&Prime;][vc_column_text]Minet fabrique des agrafes et jonctions, de qualit\u00e9, adapt\u00e9es aux besoins et simples d\u2019utilisation. L\u2019objectif de MLT Minet Lacing Technology...\" \/>\n<meta property=\"og:url\" content=\"https:\/\/www.laherramienta.com\/fr\/produits\/bandes-transporteuses\/\" \/>\n<meta property=\"og:site_name\" content=\"La Herramienta Industrial\" \/>\n<meta property=\"article:modified_time\" content=\"2019-11-29T15:47:21+00:00\" \/>\n<meta name=\"twitter:card\" content=\"summary_large_image\" \/>\n<meta name=\"twitter:label1\" content=\"Dur\u00e9e de lecture estim\u00e9e\" \/>\n\t<meta name=\"twitter:data1\" content=\"6 minutes\" \/>\n<script type=\"application\/ld+json\" class=\"yoast-schema-graph\">{\"@context\":\"https:\/\/schema.org\",\"@graph\":[{\"@type\":\"WebPage\",\"@id\":\"https:\/\/www.laherramienta.com\/fr\/produits\/bandes-transporteuses\/\",\"url\":\"https:\/\/www.laherramienta.com\/fr\/produits\/bandes-transporteuses\/\",\"name\":\"Bandes Transporteuses - La Herramienta Industrial\",\"isPartOf\":{\"@id\":\"https:\/\/www.laherramienta.com\/#website\"},\"datePublished\":\"2018-05-25T10:46:41+00:00\",\"dateModified\":\"2019-11-29T15:47:21+00:00\",\"breadcrumb\":{\"@id\":\"https:\/\/www.laherramienta.com\/fr\/produits\/bandes-transporteuses\/#breadcrumb\"},\"inLanguage\":\"fr-FR\",\"potentialAction\":[{\"@type\":\"ReadAction\",\"target\":[\"https:\/\/www.laherramienta.com\/fr\/produits\/bandes-transporteuses\/\"]}]},{\"@type\":\"BreadcrumbList\",\"@id\":\"https:\/\/www.laherramienta.com\/fr\/produits\/bandes-transporteuses\/#breadcrumb\",\"itemListElement\":[{\"@type\":\"ListItem\",\"position\":1,\"name\":\"Portada\",\"item\":\"https:\/\/www.laherramienta.com\/fr\/\"},{\"@type\":\"ListItem\",\"position\":2,\"name\":\"Produits\",\"item\":\"https:\/\/www.laherramienta.com\/fr\/produits\/\"},{\"@type\":\"ListItem\",\"position\":3,\"name\":\"Bandes Transporteuses\"}]},{\"@type\":\"WebSite\",\"@id\":\"https:\/\/www.laherramienta.com\/#website\",\"url\":\"https:\/\/www.laherramienta.com\/\",\"name\":\"La Herramienta Industrial\",\"description\":\"Maquinaria, grandes equipos y suministro industrial.\",\"publisher\":{\"@id\":\"https:\/\/www.laherramienta.com\/#organization\"},\"potentialAction\":[{\"@type\":\"SearchAction\",\"target\":{\"@type\":\"EntryPoint\",\"urlTemplate\":\"https:\/\/www.laherramienta.com\/?s={search_term_string}\"},\"query-input\":{\"@type\":\"PropertyValueSpecification\",\"valueRequired\":true,\"valueName\":\"search_term_string\"}}],\"inLanguage\":\"fr-FR\"},{\"@type\":\"Organization\",\"@id\":\"https:\/\/www.laherramienta.com\/#organization\",\"name\":\"La Herramienta Industrial\",\"url\":\"https:\/\/www.laherramienta.com\/\",\"logo\":{\"@type\":\"ImageObject\",\"inLanguage\":\"fr-FR\",\"@id\":\"https:\/\/www.laherramienta.com\/#\/schema\/logo\/image\/\",\"url\":\"https:\/\/www.laherramienta.com\/wp-content\/uploads\/2016\/03\/gslhi-150-1-e1491298698248.png\",\"contentUrl\":\"https:\/\/www.laherramienta.com\/wp-content\/uploads\/2016\/03\/gslhi-150-1-e1491298698248.png\",\"width\":100,\"height\":100,\"caption\":\"La Herramienta Industrial\"},\"image\":{\"@id\":\"https:\/\/www.laherramienta.com\/#\/schema\/logo\/image\/\"}}]}<\/script>\n<!-- \/ Yoast SEO plugin. -->","yoast_head_json":{"title":"Bandes Transporteuses - La Herramienta Industrial","robots":{"index":"index","follow":"follow","max-snippet":"max-snippet:-1","max-image-preview":"max-image-preview:large","max-video-preview":"max-video-preview:-1"},"canonical":"https:\/\/www.laherramienta.com\/fr\/produits\/bandes-transporteuses\/","og_locale":"fr_FR","og_type":"article","og_title":"Bandes Transporteuses - La Herramienta Industrial","og_description":"[vc_row][vc_column][vc_tta_tabs style=\u00a0\u00bbmodern\u00a0\u00bb spacing=\u00a0\u00bb15&Prime; gap=\u00a0\u00bb15&Prime; active_section=\u00a0\u00bb1&Prime; pagination_style=\u00a0\u00bbthegem-circle\u00a0\u00bb pagination_color=\u00a0\u00bbmulled-wine\u00a0\u00bb no_fill_content_area=\u00a0\u00bbtrue\u00a0\u00bb][vc_tta_section title=\u00a0\u00bbMlt\u00a0\u00bb tab_id=\u00a0\u00bb1527249066638-16d5c46f-f26f\u00a0\u00bb][vc_row_inner][vc_column_inner width=\u00a0\u00bb2\/3&Prime;][vc_column_text]Minet fabrique des agrafes et jonctions, de qualit\u00e9, adapt\u00e9es aux besoins et simples d\u2019utilisation. L\u2019objectif de MLT Minet Lacing Technology...","og_url":"https:\/\/www.laherramienta.com\/fr\/produits\/bandes-transporteuses\/","og_site_name":"La Herramienta Industrial","article_modified_time":"2019-11-29T15:47:21+00:00","twitter_card":"summary_large_image","twitter_misc":{"Dur\u00e9e de lecture estim\u00e9e":"6 minutes"},"schema":{"@context":"https:\/\/schema.org","@graph":[{"@type":"WebPage","@id":"https:\/\/www.laherramienta.com\/fr\/produits\/bandes-transporteuses\/","url":"https:\/\/www.laherramienta.com\/fr\/produits\/bandes-transporteuses\/","name":"Bandes Transporteuses - La Herramienta Industrial","isPartOf":{"@id":"https:\/\/www.laherramienta.com\/#website"},"datePublished":"2018-05-25T10:46:41+00:00","dateModified":"2019-11-29T15:47:21+00:00","breadcrumb":{"@id":"https:\/\/www.laherramienta.com\/fr\/produits\/bandes-transporteuses\/#breadcrumb"},"inLanguage":"fr-FR","potentialAction":[{"@type":"ReadAction","target":["https:\/\/www.laherramienta.com\/fr\/produits\/bandes-transporteuses\/"]}]},{"@type":"BreadcrumbList","@id":"https:\/\/www.laherramienta.com\/fr\/produits\/bandes-transporteuses\/#breadcrumb","itemListElement":[{"@type":"ListItem","position":1,"name":"Portada","item":"https:\/\/www.laherramienta.com\/fr\/"},{"@type":"ListItem","position":2,"name":"Produits","item":"https:\/\/www.laherramienta.com\/fr\/produits\/"},{"@type":"ListItem","position":3,"name":"Bandes Transporteuses"}]},{"@type":"WebSite","@id":"https:\/\/www.laherramienta.com\/#website","url":"https:\/\/www.laherramienta.com\/","name":"La Herramienta Industrial","description":"Maquinaria, grandes equipos y suministro industrial.","publisher":{"@id":"https:\/\/www.laherramienta.com\/#organization"},"potentialAction":[{"@type":"SearchAction","target":{"@type":"EntryPoint","urlTemplate":"https:\/\/www.laherramienta.com\/?s={search_term_string}"},"query-input":{"@type":"PropertyValueSpecification","valueRequired":true,"valueName":"search_term_string"}}],"inLanguage":"fr-FR"},{"@type":"Organization","@id":"https:\/\/www.laherramienta.com\/#organization","name":"La Herramienta Industrial","url":"https:\/\/www.laherramienta.com\/","logo":{"@type":"ImageObject","inLanguage":"fr-FR","@id":"https:\/\/www.laherramienta.com\/#\/schema\/logo\/image\/","url":"https:\/\/www.laherramienta.com\/wp-content\/uploads\/2016\/03\/gslhi-150-1-e1491298698248.png","contentUrl":"https:\/\/www.laherramienta.com\/wp-content\/uploads\/2016\/03\/gslhi-150-1-e1491298698248.png","width":100,"height":100,"caption":"La Herramienta Industrial"},"image":{"@id":"https:\/\/www.laherramienta.com\/#\/schema\/logo\/image\/"}}]}},"_links":{"self":[{"href":"https:\/\/www.laherramienta.com\/fr\/wp-json\/wp\/v2\/pages\/27229","targetHints":{"allow":["GET"]}}],"collection":[{"href":"https:\/\/www.laherramienta.com\/fr\/wp-json\/wp\/v2\/pages"}],"about":[{"href":"https:\/\/www.laherramienta.com\/fr\/wp-json\/wp\/v2\/types\/page"}],"author":[{"embeddable":true,"href":"https:\/\/www.laherramienta.com\/fr\/wp-json\/wp\/v2\/users\/9"}],"replies":[{"embeddable":true,"href":"https:\/\/www.laherramienta.com\/fr\/wp-json\/wp\/v2\/comments?post=27229"}],"version-history":[{"count":8,"href":"https:\/\/www.laherramienta.com\/fr\/wp-json\/wp\/v2\/pages\/27229\/revisions"}],"predecessor-version":[{"id":28420,"href":"https:\/\/www.laherramienta.com\/fr\/wp-json\/wp\/v2\/pages\/27229\/revisions\/28420"}],"up":[{"embeddable":true,"href":"https:\/\/www.laherramienta.com\/fr\/wp-json\/wp\/v2\/pages\/27217"}],"wp:attachment":[{"href":"https:\/\/www.laherramienta.com\/fr\/wp-json\/wp\/v2\/media?parent=27229"}],"curies":[{"name":"wp","href":"https:\/\/api.w.org\/{rel}","templated":true}]}}