{"id":27257,"date":"2017-10-24T09:11:04","date_gmt":"2017-10-24T09:11:04","guid":{"rendered":"http:\/\/laherramienta.com\/?page_id=27257"},"modified":"2022-01-19T08:52:37","modified_gmt":"2022-01-19T08:52:37","slug":"clients","status":"publish","type":"page","link":"https:\/\/www.laherramienta.com\/fr\/clients\/","title":{"rendered":"Clients"},"content":{"rendered":"<div class=\"wpb-content-wrapper\"><p>[vc_row css_animation=\u00a0\u00bbfadeInLeft\u00a0\u00bb][vc_column]<div class=\"clearboth\"><\/div><div id=\"thegem-divider-6a03e1e821cfe\" class=\"gem-divider   gem-divider-style-2\" style=\"border-color: #445673;\" ><\/div>[vc_empty_space height=\u00a0\u00bb10px\u00a0\u00bb][\/vc_column][\/vc_row][vc_row][vc_column width=\u00a0\u00bb1\/2&Prime;][vc_single_image image=\u00a0\u00bb25649&Prime; img_size=\u00a0\u00bbfull\u00a0\u00bb][vc_empty_space height=\u00a0\u00bb10px\u00a0\u00bb][vc_column_text]<\/p>\n<h2><span style=\"color: #445673;\">Clients<\/span><\/h2>\n<p>[\/vc_column_text][vc_empty_space height=\u00a0\u00bb10px\u00a0\u00bb][vc_column_text]Nos clients sont dans le monde entier. En Europe nous sommes un fournisseur leader pour des pointes entreprises dans le domaine industriel. En Afrique nous fournissons un support \u00e0 plusieurs des plus grandes exploitations miners du monde, \u00e0 Cuba nous avons pr\u00e9sence dans les principals entreprises du domaine industriel, nous sommes aussi en \u00c9quateur, Namibie\u2026[\/vc_column_text][vc_empty_space height=\u00a0\u00bb10px\u00a0\u00bb][\/vc_column][vc_column width=\u00a0\u00bb1\/2&Prime;][vc_empty_space height=\u00a0\u00bb10px\u00a0\u00bb][vc_column_text]<\/p>\n<h6><span style=\"color: #445673;\">Notre Garantie de Qualit\u00e9<\/span><\/h6>\n<p>[\/vc_column_text]<div class=\"diagram-item\"><div class=\"diagram-wrapper style-2\"><div class=\"lazy-loading lazy-loading-not-hide\" data-ll-item-delay=\"0\" > <div class=\"digram-line-box lazy-loading-item\" data-ll-effect=\"action\" data-ll-action-func=\"thegem_start_line_digram\"> <div class=\"skill-element\"> <div class=\"skill-title\">Sp\u00e9cialisation <\/div> <div class=\"clearfix\"> <div style=\"color:#00bcd4\" class=\"skill-amount\">0%<\/div> <div class=\"skill-line\"><div data-amount=\"100\" style=\"width: 0; background: #00bcd4;\"><\/div><\/div> <\/div> <\/div> <div class=\"skill-element\"> <div class=\"skill-title\">Capacit\u00e9 du personnel <\/div> <div class=\"clearfix\"> <div style=\"color:#31b69f\" class=\"skill-amount\">0%<\/div> <div class=\"skill-line\"><div data-amount=\"98\" style=\"width: 0; background: #31b69f;\"><\/div><\/div> <\/div> <\/div> <div class=\"skill-element\"> <div class=\"skill-title\">l\u2019am\u00e9lioration continue <\/div> <div class=\"clearfix\"> <div style=\"color:#7e74d3\" class=\"skill-amount\">0%<\/div> <div class=\"skill-line\"><div data-amount=\"98\" style=\"width: 0; background: #7e74d3;\"><\/div><\/div> <\/div> <\/div> <\/div> <\/div><\/div><\/div>[vc_empty_space height=\u00a0\u00bb15px\u00a0\u00bb]<div class=\"clearboth\"><\/div><div id=\"thegem-divider-6a03e1e822221\" class=\"gem-divider   gem-divider-style-2\" style=\"border-color: #445673;\" ><\/div>[vc_empty_space height=\u00a0\u00bb20px\u00a0\u00bb][vc_column_text]Nous non seulement vendons et fournissons, mais aussi nous nous occupons de la logistique et nous arrivons o\u00f9 les conditions sont tr\u00e8s difficiles. Dans La Herramienta Industrial nous sommes leader mondial en approvisionnement de fourniture industrielle.<br \/>\nAujourd\u2019hui, elles sont plus de 100 les grandes entreprises industrielles de diff\u00e9rents pays qui ont plac\u00e9 leur confiance dans aucune de nos entreprises, que ce soit dans <strong>La Herramienta Industrial<\/strong>, <a href=\"https:\/\/pertesa.com\/\" target=\"_blank\" rel=\"noopener noreferrer\"><span style=\"color: #445673;\"><strong>Pertesa<\/strong><\/span><\/a>, ou <a href=\"http:\/\/www.laherramientaexpress.com\/\" target=\"_blank\" rel=\"noopener noreferrer\"><span style=\"color: #445673;\"><strong>La Herramienta Express<\/strong><\/span><\/a>. Ici vous pouvez consulter quelques de nos plus importants clients, dans certains cas, en atteindre un chiffre d&rsquo;affaires de plusieurs millions d&rsquo;euros et en maintient une relation de confiance de plus de 10 ans.[\/vc_column_text][\/vc_column][\/vc_row][vc_row css_animation=\u00a0\u00bbappear\u00a0\u00bb][vc_column]<div class=\"clearboth\"><\/div><div id=\"thegem-divider-6a03e1e822245\" class=\"gem-divider   gem-divider-style-2\" style=\"border-color: #445673;\" ><\/div>[vc_empty_space height=\u00a0\u00bb30px\u00a0\u00bb][\/vc_column][\/vc_row][vc_row][vc_column css=\u00a0\u00bb.vc_custom_1508835359925{margin-top: -50px !important;}\u00a0\u00bb][vc_empty_space height=\u00a0\u00bb25px\u00a0\u00bb][vc_column_text]<\/p>\n<h5 style=\"text-align: left;\"><span style=\"color: #445673;\">Quelques de nos clients<\/span><\/h5>\n<p>[\/vc_column_text][vc_empty_space height=\u00a0\u00bb10px\u00a0\u00bb]<div class=\"preloader\"><div class=\"preloader-spin\"><\/div><\/div><div class=\"gem-clients gem-clients-type-carousel-grid \" data-autoscroll=\"0\"><div class=\"gem-clients-slide\"><div class=\"gem-clients-slide-inner clearfix\"> <div id=\"post-25060\" class=\"gem-client-item post-25060 thegem_client type-thegem_client status-publish has-post-thumbnail\" style=\"width: 16.666666666667%;\" > <a href=\"http:\/\/www.adif.es\/\" target=\"_blank\" class=\"gscale\"> <img width=\"400\" height=\"400\" src=\"https:\/\/www.laherramienta.com\/wp-content\/uploads\/2017\/10\/Adifc-thegem-person.png\" class=\"img-responsive wp-post-image\" alt=\"Adifc\" \/>\t<\/a> <\/div> <div id=\"post-25062\" class=\"gem-client-item post-25062 thegem_client type-thegem_client status-publish has-post-thumbnail\" style=\"width: 16.666666666667%;\" > <a href=\"http:\/\/www.aena.es\/\" target=\"_blank\" class=\"gscale\"> <img width=\"400\" height=\"400\" src=\"https:\/\/www.laherramienta.com\/wp-content\/uploads\/2017\/10\/aena-thegem-person.png\" class=\"img-responsive wp-post-image\" alt=\"Aena\" \/>\t<\/a> <\/div> <div id=\"post-25064\" class=\"gem-client-item post-25064 thegem_client type-thegem_client status-publish has-post-thumbnail\" style=\"width: 16.666666666667%;\" > <a href=\"http:\/\/www.indracompany.com\/\" target=\"_blank\" class=\"gscale\"> <img width=\"400\" height=\"400\" src=\"https:\/\/www.laherramienta.com\/wp-content\/uploads\/2017\/10\/indra-thegem-person.png\" class=\"img-responsive wp-post-image\" alt=\"Indra\" \/>\t<\/a> <\/div> <div id=\"post-25066\" class=\"gem-client-item post-25066 thegem_client type-thegem_client status-publish has-post-thumbnail\" style=\"width: 16.666666666667%;\" > <a href=\"http:\/\/www.kinross.com\/\" target=\"_blank\" class=\"gscale\"> <img width=\"400\" height=\"400\" src=\"https:\/\/www.laherramienta.com\/wp-content\/uploads\/2017\/10\/kinross-thegem-person.png\" class=\"img-responsive wp-post-image\" alt=\"Kinross\" \/>\t<\/a> <\/div> <div id=\"post-25068\" class=\"gem-client-item post-25068 thegem_client type-thegem_client status-publish has-post-thumbnail\" style=\"width: 16.666666666667%;\" > <a href=\"https:\/\/www.michelin.com\/\" target=\"_blank\" class=\"gscale\"> <img width=\"400\" height=\"400\" src=\"https:\/\/www.laherramienta.com\/wp-content\/uploads\/2017\/10\/michelin-thegem-person.png\" class=\"img-responsive wp-post-image\" alt=\"Michelin\" \/>\t<\/a> <\/div> <div id=\"post-25070\" class=\"gem-client-item post-25070 thegem_client type-thegem_client status-publish has-post-thumbnail\" style=\"width: 16.666666666667%;\" > <a href=\"https:\/\/www.repsol.es\/\" target=\"_blank\" class=\"gscale\"> <img width=\"400\" height=\"400\" src=\"https:\/\/www.laherramienta.com\/wp-content\/uploads\/2017\/10\/repsol-thegem-person.png\" class=\"img-responsive wp-post-image\" alt=\"Repsol\" \/>\t<\/a> <\/div> <div id=\"post-25072\" class=\"gem-client-item post-25072 thegem_client type-thegem_client status-publish has-post-thumbnail\" style=\"width: 16.666666666667%;\" > <span href=\"#\" target=\"_self\" class=\"gscale\"> <img width=\"400\" height=\"400\" src=\"https:\/\/www.laherramienta.com\/wp-content\/uploads\/2017\/10\/total-thegem-person.png\" class=\"img-responsive wp-post-image\" alt=\"Total\" \/>\t<\/span> <\/div> <div id=\"post-25145\" class=\"gem-client-item post-25145 thegem_client type-thegem_client status-publish has-post-thumbnail\" style=\"width: 16.666666666667%;\" > <span href=\"#\" target=\"_self\" class=\"gscale\"> <img width=\"400\" height=\"400\" src=\"https:\/\/www.laherramienta.com\/wp-content\/uploads\/2017\/10\/nestle-thegem-person.png\" class=\"img-responsive wp-post-image\" alt=\"nestle\" \/>\t<\/span> <\/div> <div id=\"post-25146\" class=\"gem-client-item post-25146 thegem_client type-thegem_client status-publish has-post-thumbnail\" style=\"width: 16.666666666667%;\" > <span href=\"#\" target=\"_self\" class=\"gscale\"> <img width=\"400\" height=\"400\" src=\"https:\/\/www.laherramienta.com\/wp-content\/uploads\/2017\/10\/tullow-thegem-person.png\" class=\"img-responsive wp-post-image\" alt=\"tullow\" \/>\t<\/span> <\/div> <div id=\"post-25149\" class=\"gem-client-item post-25149 thegem_client type-thegem_client status-publish has-post-thumbnail\" style=\"width: 16.666666666667%;\" > <span href=\"#\" target=\"_self\" class=\"gscale\"> <img width=\"400\" height=\"400\" src=\"https:\/\/www.laherramienta.com\/wp-content\/uploads\/2017\/10\/telefonica-thegem-person.png\" class=\"img-responsive wp-post-image\" alt=\"telef\u00f3nica\" \/>\t<\/span> <\/div><\/div><\/div><\/div>[vc_empty_space height=\u00a0\u00bb10px\u00a0\u00bb][\/vc_column][\/vc_row][vc_row css_animation=\u00a0\u00bbappear\u00a0\u00bb][vc_column]<div   class=\"gem-quote gem-quote-style-2\" ><blockquote  ><strong>Tout produit dont vous avez besoin: nous l&rsquo;avons, nous vous conseillons et nous le garantissons.<\/strong><\/blockquote><\/div>[\/vc_column][\/vc_row][vc_row full_width=\u00a0\u00bbstretch_row_content\u00a0\u00bb][vc_column][vc_separator][vc_column_text]<\/p>\n<p style=\"text-align: center;\"><small>Toutes les marques et les logos des produits pr\u00e9sent\u00e9s sur ce site appartiennent \u00e0 leurs propri\u00e9taires respectifs. \u00c0 ce titre, ils sont reconnus par l&rsquo;outil industriel et sont utilis\u00e9s sur ce site des fins d\u00e9claratives seulement.<\/small><\/p>\n<p>[\/vc_column_text][\/vc_column][\/vc_row]<\/p>\n<\/div>","protected":false},"excerpt":{"rendered":"<p>[vc_row css_animation=\u00a0\u00bbfadeInLeft\u00a0\u00bb][vc_column][vc_empty_space height=\u00a0\u00bb10px\u00a0\u00bb][\/vc_column][\/vc_row][vc_row][vc_column width=\u00a0\u00bb1\/2&Prime;][vc_single_image image=\u00a0\u00bb25649&Prime; img_size=\u00a0\u00bbfull\u00a0\u00bb][vc_empty_space height=\u00a0\u00bb10px\u00a0\u00bb][vc_column_text] Clients [\/vc_column_text][vc_empty_space height=\u00a0\u00bb10px\u00a0\u00bb][vc_column_text]Nos clients sont dans le monde entier. En Europe nous sommes un fournisseur leader pour des pointes entreprises dans le domaine&#8230;<\/p>\n","protected":false},"author":9,"featured_media":0,"parent":0,"menu_order":1,"comment_status":"closed","ping_status":"closed","template":"","meta":{"footnotes":""},"class_list":["post-27257","page","type-page","status-publish"],"yoast_head":"<!-- This site is optimized with the Yoast SEO plugin v25.1 - https:\/\/yoast.com\/wordpress\/plugins\/seo\/ -->\n<title>Clients - La Herramienta Industrial<\/title>\n<meta name=\"robots\" content=\"index, follow, max-snippet:-1, max-image-preview:large, max-video-preview:-1\" \/>\n<link rel=\"canonical\" href=\"https:\/\/www.laherramienta.com\/fr\/clients\/\" \/>\n<meta property=\"og:locale\" content=\"fr_FR\" \/>\n<meta property=\"og:type\" content=\"article\" \/>\n<meta property=\"og:title\" content=\"Clients - La Herramienta Industrial\" \/>\n<meta property=\"og:description\" content=\"[vc_row css_animation=\u00a0\u00bbfadeInLeft\u00a0\u00bb][vc_column][vc_empty_space height=\u00a0\u00bb10px\u00a0\u00bb][\/vc_column][\/vc_row][vc_row][vc_column width=\u00a0\u00bb1\/2&Prime;][vc_single_image image=\u00a0\u00bb25649&Prime; img_size=\u00a0\u00bbfull\u00a0\u00bb][vc_empty_space height=\u00a0\u00bb10px\u00a0\u00bb][vc_column_text] Clients [\/vc_column_text][vc_empty_space height=\u00a0\u00bb10px\u00a0\u00bb][vc_column_text]Nos clients sont dans le monde entier. En Europe nous sommes un fournisseur leader pour des pointes entreprises dans le domaine...\" \/>\n<meta property=\"og:url\" content=\"https:\/\/www.laherramienta.com\/fr\/clients\/\" \/>\n<meta property=\"og:site_name\" content=\"La Herramienta Industrial\" \/>\n<meta property=\"article:modified_time\" content=\"2022-01-19T08:52:37+00:00\" \/>\n<meta name=\"twitter:card\" content=\"summary_large_image\" \/>\n<meta name=\"twitter:label1\" content=\"Dur\u00e9e de lecture estim\u00e9e\" \/>\n\t<meta name=\"twitter:data1\" content=\"2 minutes\" \/>\n<script type=\"application\/ld+json\" class=\"yoast-schema-graph\">{\"@context\":\"https:\/\/schema.org\",\"@graph\":[{\"@type\":\"WebPage\",\"@id\":\"https:\/\/www.laherramienta.com\/fr\/clients\/\",\"url\":\"https:\/\/www.laherramienta.com\/fr\/clients\/\",\"name\":\"Clients - La Herramienta Industrial\",\"isPartOf\":{\"@id\":\"https:\/\/www.laherramienta.com\/#website\"},\"datePublished\":\"2017-10-24T09:11:04+00:00\",\"dateModified\":\"2022-01-19T08:52:37+00:00\",\"breadcrumb\":{\"@id\":\"https:\/\/www.laherramienta.com\/fr\/clients\/#breadcrumb\"},\"inLanguage\":\"fr-FR\",\"potentialAction\":[{\"@type\":\"ReadAction\",\"target\":[\"https:\/\/www.laherramienta.com\/fr\/clients\/\"]}]},{\"@type\":\"BreadcrumbList\",\"@id\":\"https:\/\/www.laherramienta.com\/fr\/clients\/#breadcrumb\",\"itemListElement\":[{\"@type\":\"ListItem\",\"position\":1,\"name\":\"Portada\",\"item\":\"https:\/\/www.laherramienta.com\/fr\/\"},{\"@type\":\"ListItem\",\"position\":2,\"name\":\"Clients\"}]},{\"@type\":\"WebSite\",\"@id\":\"https:\/\/www.laherramienta.com\/#website\",\"url\":\"https:\/\/www.laherramienta.com\/\",\"name\":\"La Herramienta Industrial\",\"description\":\"Maquinaria, grandes equipos y suministro industrial.\",\"publisher\":{\"@id\":\"https:\/\/www.laherramienta.com\/#organization\"},\"potentialAction\":[{\"@type\":\"SearchAction\",\"target\":{\"@type\":\"EntryPoint\",\"urlTemplate\":\"https:\/\/www.laherramienta.com\/?s={search_term_string}\"},\"query-input\":{\"@type\":\"PropertyValueSpecification\",\"valueRequired\":true,\"valueName\":\"search_term_string\"}}],\"inLanguage\":\"fr-FR\"},{\"@type\":\"Organization\",\"@id\":\"https:\/\/www.laherramienta.com\/#organization\",\"name\":\"La Herramienta Industrial\",\"url\":\"https:\/\/www.laherramienta.com\/\",\"logo\":{\"@type\":\"ImageObject\",\"inLanguage\":\"fr-FR\",\"@id\":\"https:\/\/www.laherramienta.com\/#\/schema\/logo\/image\/\",\"url\":\"https:\/\/www.laherramienta.com\/wp-content\/uploads\/2016\/03\/gslhi-150-1-e1491298698248.png\",\"contentUrl\":\"https:\/\/www.laherramienta.com\/wp-content\/uploads\/2016\/03\/gslhi-150-1-e1491298698248.png\",\"width\":100,\"height\":100,\"caption\":\"La Herramienta Industrial\"},\"image\":{\"@id\":\"https:\/\/www.laherramienta.com\/#\/schema\/logo\/image\/\"}}]}<\/script>\n<!-- \/ Yoast SEO plugin. -->","yoast_head_json":{"title":"Clients - La Herramienta Industrial","robots":{"index":"index","follow":"follow","max-snippet":"max-snippet:-1","max-image-preview":"max-image-preview:large","max-video-preview":"max-video-preview:-1"},"canonical":"https:\/\/www.laherramienta.com\/fr\/clients\/","og_locale":"fr_FR","og_type":"article","og_title":"Clients - La Herramienta Industrial","og_description":"[vc_row css_animation=\u00a0\u00bbfadeInLeft\u00a0\u00bb][vc_column][vc_empty_space height=\u00a0\u00bb10px\u00a0\u00bb][\/vc_column][\/vc_row][vc_row][vc_column width=\u00a0\u00bb1\/2&Prime;][vc_single_image image=\u00a0\u00bb25649&Prime; img_size=\u00a0\u00bbfull\u00a0\u00bb][vc_empty_space height=\u00a0\u00bb10px\u00a0\u00bb][vc_column_text] Clients [\/vc_column_text][vc_empty_space height=\u00a0\u00bb10px\u00a0\u00bb][vc_column_text]Nos clients sont dans le monde entier. En Europe nous sommes un fournisseur leader pour des pointes entreprises dans le domaine...","og_url":"https:\/\/www.laherramienta.com\/fr\/clients\/","og_site_name":"La Herramienta Industrial","article_modified_time":"2022-01-19T08:52:37+00:00","twitter_card":"summary_large_image","twitter_misc":{"Dur\u00e9e de lecture estim\u00e9e":"2 minutes"},"schema":{"@context":"https:\/\/schema.org","@graph":[{"@type":"WebPage","@id":"https:\/\/www.laherramienta.com\/fr\/clients\/","url":"https:\/\/www.laherramienta.com\/fr\/clients\/","name":"Clients - La Herramienta Industrial","isPartOf":{"@id":"https:\/\/www.laherramienta.com\/#website"},"datePublished":"2017-10-24T09:11:04+00:00","dateModified":"2022-01-19T08:52:37+00:00","breadcrumb":{"@id":"https:\/\/www.laherramienta.com\/fr\/clients\/#breadcrumb"},"inLanguage":"fr-FR","potentialAction":[{"@type":"ReadAction","target":["https:\/\/www.laherramienta.com\/fr\/clients\/"]}]},{"@type":"BreadcrumbList","@id":"https:\/\/www.laherramienta.com\/fr\/clients\/#breadcrumb","itemListElement":[{"@type":"ListItem","position":1,"name":"Portada","item":"https:\/\/www.laherramienta.com\/fr\/"},{"@type":"ListItem","position":2,"name":"Clients"}]},{"@type":"WebSite","@id":"https:\/\/www.laherramienta.com\/#website","url":"https:\/\/www.laherramienta.com\/","name":"La Herramienta Industrial","description":"Maquinaria, grandes equipos y suministro industrial.","publisher":{"@id":"https:\/\/www.laherramienta.com\/#organization"},"potentialAction":[{"@type":"SearchAction","target":{"@type":"EntryPoint","urlTemplate":"https:\/\/www.laherramienta.com\/?s={search_term_string}"},"query-input":{"@type":"PropertyValueSpecification","valueRequired":true,"valueName":"search_term_string"}}],"inLanguage":"fr-FR"},{"@type":"Organization","@id":"https:\/\/www.laherramienta.com\/#organization","name":"La Herramienta Industrial","url":"https:\/\/www.laherramienta.com\/","logo":{"@type":"ImageObject","inLanguage":"fr-FR","@id":"https:\/\/www.laherramienta.com\/#\/schema\/logo\/image\/","url":"https:\/\/www.laherramienta.com\/wp-content\/uploads\/2016\/03\/gslhi-150-1-e1491298698248.png","contentUrl":"https:\/\/www.laherramienta.com\/wp-content\/uploads\/2016\/03\/gslhi-150-1-e1491298698248.png","width":100,"height":100,"caption":"La Herramienta Industrial"},"image":{"@id":"https:\/\/www.laherramienta.com\/#\/schema\/logo\/image\/"}}]}},"_links":{"self":[{"href":"https:\/\/www.laherramienta.com\/fr\/wp-json\/wp\/v2\/pages\/27257","targetHints":{"allow":["GET"]}}],"collection":[{"href":"https:\/\/www.laherramienta.com\/fr\/wp-json\/wp\/v2\/pages"}],"about":[{"href":"https:\/\/www.laherramienta.com\/fr\/wp-json\/wp\/v2\/types\/page"}],"author":[{"embeddable":true,"href":"https:\/\/www.laherramienta.com\/fr\/wp-json\/wp\/v2\/users\/9"}],"replies":[{"embeddable":true,"href":"https:\/\/www.laherramienta.com\/fr\/wp-json\/wp\/v2\/comments?post=27257"}],"version-history":[{"count":10,"href":"https:\/\/www.laherramienta.com\/fr\/wp-json\/wp\/v2\/pages\/27257\/revisions"}],"predecessor-version":[{"id":29052,"href":"https:\/\/www.laherramienta.com\/fr\/wp-json\/wp\/v2\/pages\/27257\/revisions\/29052"}],"wp:attachment":[{"href":"https:\/\/www.laherramienta.com\/fr\/wp-json\/wp\/v2\/media?parent=27257"}],"curies":[{"name":"wp","href":"https:\/\/api.w.org\/{rel}","templated":true}]}}