{"id":27355,"date":"2018-05-25T11:10:25","date_gmt":"2018-05-25T11:10:25","guid":{"rendered":"http:\/\/laherramienta.com\/?page_id=27355"},"modified":"2019-11-29T16:07:49","modified_gmt":"2019-11-29T16:07:49","slug":"scellement-et-emballage","status":"publish","type":"page","link":"https:\/\/www.laherramienta.com\/fr\/produits\/scellement-et-emballage\/","title":{"rendered":"Scellement et Emballage"},"content":{"rendered":"<div class=\"wpb-content-wrapper\"><p>[vc_row][vc_column][vc_tta_tabs style=\u00a0\u00bbmodern\u00a0\u00bb spacing=\u00a0\u00bb15&Prime; gap=\u00a0\u00bb15&Prime; active_section=\u00a0\u00bb1&Prime; pagination_style=\u00a0\u00bbthegem-circle\u00a0\u00bb pagination_color=\u00a0\u00bbmulled-wine\u00a0\u00bb no_fill_content_area=\u00a0\u00bbtrue\u00a0\u00bb][vc_tta_section title=\u00a0\u00bbJames Walker\u00a0\u00bb tab_id=\u00a0\u00bb1527249100086-4e686c9f-8683&Prime;][vc_row_inner][vc_column_inner width=\u00a0\u00bb2\/3&Prime;][vc_column_text]<span style=\"color: #103a5d;\">James Walker est une organisation mondiale dynamique, qui fournit dans pratiquement tous les secteurs de l&rsquo;industrie une vaste gamme de produits haute performance pour l&rsquo;\u00e9tanch\u00e9it\u00e9, ainsi que les services qui y sont associ\u00e9s.<\/span><\/p>\n<p><span style=\"color: #103a5d;\">Nos activit\u00e9s vont de la recherche et le d\u00e9veloppement, l&rsquo;application du produit, la fabrication et l&rsquo;approvisionnement, \u00e0 la surveillance des installations, la maintenance sur place et la remise \u00e0 neuf de l&rsquo;\u00e9tanch\u00e9it\u00e9.<\/span><\/p>\n<p><span style=\"color: #103a5d;\">Notre connaissance approfondie des installations et des processus industriels utilis\u00e9s par nos clients dans le monde entier nous permet de r\u00e9soudre leurs probl\u00e8mes d&rsquo;\u00e9tanch\u00e9it\u00e9 avec des syst\u00e8mes optimis\u00e9s et con\u00e7us pour minimiser le co\u00fbt de la valeur d&rsquo;usage.<\/span><\/p>\n<p><span style=\"color: #103a5d;\"><strong>Produit d&rsquo;ing\u00e9nierie :<\/strong><\/span><\/p>\n<ul>\n<li><span style=\"color: #103a5d;\">Produits d\u2019\u00e9tanch\u00e9it\u00e9 hydrauliques.<\/span><\/li>\n<li><span style=\"color: #103a5d;\">Joints toriques.<\/span><\/li>\n<li><span style=\"color: #103a5d;\">Joints en feuilles et joints d\u00e9coup\u00e9s.<\/span><\/li>\n<li><span style=\"color: #103a5d;\">Joints m\u00e9talliques et joints annulaires.<\/span><\/li>\n<li><span style=\"color: #103a5d;\">Tresses pour pompes et vannes.<\/span><\/li>\n<li><span style=\"color: #103a5d;\">Joints \u00e0 l\u00e8vre rotatifs.<\/span><\/li>\n<li><span style=\"color: #103a5d;\">Pi\u00e8ces moul\u00e9es en Elastom\u00e8res hautes performances.<\/span><\/li>\n<li><span style=\"color: #103a5d;\">Plastiques techniques.<\/span><\/li>\n<li><span style=\"color: #103a5d;\">Compensateurs de dilatation et soufflets de protection.<\/span><\/li>\n<li><span style=\"color: #103a5d;\">Support de tuyauterie.<\/span><\/li>\n<li><span style=\"color: #103a5d;\">Patins antivibratoires pour machines.<\/span><\/li>\n<li><span style=\"color: #103a5d;\">Rev\u00eatement de sol antid\u00e9rapant de s\u00e9curit\u00e9.<\/span><\/li>\n<li><span style=\"color: #103a5d;\">Technologie du boulonnage.<\/span><\/li>\n<li><span style=\"color: #103a5d;\">Service de joints d\u00e9coup\u00e9s.<\/span><\/li>\n<li><span style=\"color: #103a5d;\">Entretien et reconditionnement sur site.<\/span><\/li>\n<li><span style=\"color: #103a5d;\">Industrie mini\u00e8re.<\/span><\/li>\n<li><span style=\"color: #103a5d;\">Garnitures de presse-\u00e9toupe r\u00e9sistantes \u00e0 l\u2019abrasion.<\/span><\/li>\n<li><span style=\"color: #103a5d;\">Garnitures en \u00e9lastom\u00e8re pour les syst\u00e8mes de manutention de min\u00e9raux.<\/span><\/li>\n<li><span style=\"color: #103a5d;\">Joints m\u00e9talliques, joints en feuilles et joints plats d\u00e9coup\u00e9s.<\/span><\/li>\n<li><span style=\"color: #103a5d;\">Technologie du boulonnage.<\/span><\/li>\n<li><span style=\"color: #103a5d;\">Composants d\u2019\u00e9tanch\u00e9it\u00e9 hydraulique.<\/span><\/li>\n<li><span style=\"color: #103a5d;\">Joints \u00e0 l\u00e8vre radiaux Walkersele.<\/span><\/li>\n<li><span style=\"color: #103a5d;\">Produits pour p\u00e9trole et gaz.<\/span><\/li>\n<li><span style=\"color: #103a5d;\">Joints annulaires API.<\/span><\/li>\n<li><span style=\"color: #103a5d;\">Produits d\u2019att\u00e9nuation des vibrations.<\/span><\/li>\n<li><span style=\"color: #103a5d;\">Tresses pour vannes et pompes.<\/span><\/li>\n<li><span style=\"color: #103a5d;\">Joints haute performance pour les applications destin\u00e9es.<\/span><\/li>\n<li><span style=\"color: #103a5d;\">Plastiques techniques.<\/span><\/li>\n<li><span style=\"color: #103a5d;\">Soufflets et compensateurs de dilatation.<\/span><\/li>\n<li><span style=\"color: #103a5d;\">Services de Maintenance industrielle.<\/span><\/li>\n<li><span style=\"color: #103a5d;\">Elastom\u00e8res r\u00e9sistant \u00e0 la DRG.<\/span><\/li>\n<li><span style=\"color: #103a5d;\">Usinage des m\u00e9taux &#8211; Composants haute pr\u00e9cision.<\/span><\/li>\n<li><span style=\"color: #103a5d;\">Technologie du boulonnage.<\/span><\/li>\n<li><span style=\"color: #103a5d;\">Produits pour Chimie et p\u00e9trochimie.<\/span><\/li>\n<li><span style=\"color: #103a5d;\">Joints annulaires API.<\/span><\/li>\n<li><span style=\"color: #103a5d;\">Produits d\u2019att\u00e9nuation des vibrations.<\/span><\/li>\n<li><span style=\"color: #103a5d;\">Tresses pour vannes et pompes.<\/span><\/li>\n<li><span style=\"color: #103a5d;\">Joints haute performance pour les applications destin\u00e9es.<\/span><\/li>\n<li><span style=\"color: #103a5d;\">Plastiques techniques.<\/span><\/li>\n<li><span style=\"color: #103a5d;\">Soufflets et compensateurs de dilatation.<\/span><\/li>\n<li><span style=\"color: #103a5d;\">Services de Maintenance industrielle.<\/span><\/li>\n<li><span style=\"color: #103a5d;\">Elastom\u00e8res r\u00e9sistant \u00e0 la DRG.<\/span><\/li>\n<li><span style=\"color: #103a5d;\">Usinage des m\u00e9taux &#8211; Composants haute pr\u00e9cision.<\/span><\/li>\n<li><span style=\"color: #103a5d;\">Technologie du boulonnage.<\/span><\/li>\n<li><span style=\"color: #103a5d;\">Produits pour la construction.<\/span><\/li>\n<li><span style=\"color: #103a5d;\">Appuis structuraux d\u2019une tr\u00e8s grande fiabilit\u00e9 pour toutes les charges.<\/span><\/li>\n<li><span style=\"color: #103a5d;\">Plaques de glissement.<\/span><\/li>\n<li><span style=\"color: #103a5d;\">Syst\u00e8mes d\u2019att\u00e9nuation du bruit et des vibrations pour b\u00e2timents et structures.<\/span><\/li>\n<li><span style=\"color: #103a5d;\">Rev\u00eatements de sol.<\/span><\/li>\n<li><span style=\"color: #103a5d;\">Joints pour tunneliers.<\/span><\/li>\n<\/ul>\n<p>[\/vc_column_text][\/vc_column_inner][vc_column_inner width=\u00a0\u00bb1\/3&Prime;][vc_single_image image=\u00a0\u00bb26461&Prime; img_size=\u00a0\u00bbfull\u00a0\u00bb alignment=\u00a0\u00bbcenter\u00a0\u00bb css=\u00a0\u00bb.vc_custom_1557138368327{margin-top: -30px !important;}\u00a0\u00bb][vc_empty_space][vc_single_image image=\u00a0\u00bb26462&Prime; img_size=\u00a0\u00bbmedium\u00a0\u00bb alignment=\u00a0\u00bbcenter\u00a0\u00bb][vc_empty_space height=\u00a0\u00bb52px\u00a0\u00bb][vc_single_image image=\u00a0\u00bb26463&Prime; img_size=\u00a0\u00bbmedium\u00a0\u00bb alignment=\u00a0\u00bbcenter\u00a0\u00bb][vc_empty_space height=\u00a0\u00bb52px\u00a0\u00bb][vc_single_image image=\u00a0\u00bb26464&Prime; img_size=\u00a0\u00bbmedium\u00a0\u00bb alignment=\u00a0\u00bbcenter\u00a0\u00bb][vc_empty_space][vc_single_image image=\u00a0\u00bb26465&Prime; img_size=\u00a0\u00bbmedium\u00a0\u00bb alignment=\u00a0\u00bbcenter\u00a0\u00bb][vc_empty_space height=\u00a0\u00bb52px\u00a0\u00bb][vc_single_image image=\u00a0\u00bb26466&Prime; img_size=\u00a0\u00bbmedium\u00a0\u00bb alignment=\u00a0\u00bbcenter\u00a0\u00bb][vc_empty_space height=\u00a0\u00bb52px\u00a0\u00bb][vc_single_image image=\u00a0\u00bb26467&Prime; img_size=\u00a0\u00bbmedium\u00a0\u00bb alignment=\u00a0\u00bbcenter\u00a0\u00bb][\/vc_column_inner][\/vc_row_inner][\/vc_tta_section][vc_tta_section title=\u00a0\u00bbKlinger\u00a0\u00bb tab_id=\u00a0\u00bb1527249100097-3c6c1fcd-ca60&Prime;][vc_row_inner][vc_column_inner width=\u00a0\u00bb2\/3&Prime;][vc_column_text]<span style=\"color: #103a5d;\">Leader incontest\u00e9 des joints et mat\u00e9riaux d\u2019\u00e9tanch\u00e9it\u00e9 adapt\u00e9s aux contraintes les plus exigeantes, KLINGER est une r\u00e9f\u00e9rence de qualit\u00e9 et d\u2019innovation. KLINGER est fabricant et distributeur des produits d\u2019\u00e9tanch\u00e9it\u00e9 suivants :<\/span><\/p>\n<ul>\n<li><span style=\"color: #103a5d;\">KLINGER\u00ae top-sil-ML1<\/span><\/li>\n<li><span style=\"color: #103a5d;\">KLINGER\u00ae top-graph 2000<\/span><\/li>\n<li><span style=\"color: #103a5d;\">KLINGERSIL\u00ae C-4500<\/span><\/li>\n<li><span style=\"color: #103a5d;\">KLINGERSIL\u00ae C-4509<\/span><\/li>\n<li><span style=\"color: #103a5d;\">KLINGERSIL\u00ae C-4430<\/span><\/li>\n<li><span style=\"color: #103a5d;\">KLINGERSIL\u00ae C-4438<\/span><\/li>\n<li><span style=\"color: #103a5d;\">KLINGERSIL\u00ae C-4400<\/span><\/li>\n<li><span style=\"color: #103a5d;\">KLINGERSIL\u00ae C-44GW<\/span><\/li>\n<li><span style=\"color: #103a5d;\">KLINGERSIL\u00ae C-4324<\/span><\/li>\n<li><span style=\"color: #103a5d;\">KLINGER\u00ae Sil-802<\/span><\/li>\n<li><span style=\"color: #103a5d;\">KLINGERSIL\u00ae C-8200.<\/span><\/li>\n<\/ul>\n<p><strong><span style=\"color: #103a5d;\">Une r\u00e9volution technologique pour une \u00e9tanch\u00e9it\u00e9 in\u00e9gal\u00e9e :<\/span><\/strong><br \/>\n<span style=\"color: #103a5d;\">Con\u00e7u et d\u00e9velopp\u00e9 par le leader mondial de l\u2019\u00e9tanch\u00e9it\u00e9 statique, KLINGER\u00ae Quantum r\u00e9pond parfaitement aux diff\u00e9rents param\u00e8tres qui influent sur la vie du joint d\u2019\u00e9tanch\u00e9it\u00e9 et apporte une r\u00e9elle valeur ajout\u00e9e au coeur de votre proccess :<\/span><\/p>\n<ul>\n<li><span style=\"color: #103a5d;\">Fluide: + grande plage d\u2019utilisation<\/span><\/li>\n<li><span style=\"color: #103a5d;\">Pression: + de r\u00e9sistance aux variations de pressions<\/span><\/li>\n<li><span style=\"color: #103a5d;\">Temp\u00e9rature: + de flexibilit\u00e9 aux temp\u00e9ratures \u00e9lev\u00e9es<\/span><\/li>\n<li><span style=\"color: #103a5d;\">Brides: + d\u2019adaptabilit\u00e9 aux brides<\/span><\/li>\n<li><span style=\"color: #103a5d;\">Boulonnerie: + grande plage de serrage<\/span><\/li>\n<li><span style=\"color: #103a5d;\">Contr\u00f4le process: + de facilit\u00e9 au montage non contr\u00f4l\u00e9<\/span><\/li>\n<\/ul>\n<p><span style=\"color: #103a5d;\">KLINGER \u00ae Quantum est le premier mat\u00e9riau de joints renforc\u00e9s fibres au monde utilisant uniquement un liant un HNBR avec un proc\u00e9d\u00e9 de fabrication original sp\u00e9cialement d\u00e9velopp\u00e9. KLINGER \u00ae Quantum offre un niveau de flexibilit\u00e9 sous hautes temp\u00e9ratures jusqu\u2019alors inconnu, une r\u00e9sistance chimique accrue, ainsi qu\u2019une plus large gamme d\u2019applications que n\u2019importe quel autre mat\u00e9riau de joint renforc\u00e9 fibres. Aujourd\u2019hui, le KLINGER \u00ae Quantum r\u00e9pond durablement aux exigences nouvelles en terme de niveau d\u2019\u00e9tanch\u00e9it\u00e9 et de respect de l\u2019environnement, comme aucun autre mat\u00e9riau de joint renforc\u00e9 de fibres actuellement disponible.<\/span><\/p>\n<p><span style=\"color: #103a5d;\">Joints m\u00e9talliques \/ caoutchouc Klinger.<\/span><\/p>\n<p><span style=\"color: #103a5d;\"><strong>Protecteurs de bride.<\/strong><\/span><\/p>\n<p><span style=\"color: #103a5d;\">Les dispositifs de s\u00e9curit\u00e9 sont con\u00e7us pour emp\u00eacher les catastrophes de fuites de produits toxiques, dangereux, d&rsquo;explosifs, etc. Ces fuites dans les syst\u00e8mes de tuyauterie peuvent \u00eatre des fluides chimiques agressifs, des vapeurs, etc., qui peuvent blesser les travailleurs ou causer des d\u00e9sastres environnementaux. Ou m\u00eame, en cas d&rsquo;inflammabilit\u00e9, provoquer des incendies. Les protecteurs de bride sont conformes aux r\u00e9glementations concernant les aliments, \u00e9tablies par des agences telles que OSHA, EPA, SOLAS, ABS et DNV. Fabriqu\u00e9s avec des fibres r\u00e9sistant aux agressions chimiques, aux UV, \u00e0 l&rsquo;usure environnementale, etc., ils sont disponibles en Teflon\u00ae, Polypropyl\u00e8ne, PVC et Poly\u00e9thyl\u00e8ne. Les mod\u00e8les opaques contiennent un indicateur de pH qui refl\u00e9tera l&rsquo;existence de fuites en changeant imm\u00e9diatement de couleur: rouge si acide ou vert si alcalin. Le t\u00e9moin peut \u00eatre remplac\u00e9 pour r\u00e9utiliser le protecteur. Les protecteurs sont faciles et rapides \u00e0 installer par n&rsquo;importe qui. Nous avons des protecteurs selon les normes ANSI, DIN, PN, BS, JIS et KS. Nous pouvons \u00e9galement concevoir la bonne solution pour n&rsquo;importe quel diam\u00e8tre ou dimension demand\u00e9e.<\/span><\/p>\n<p><span style=\"color: #103a5d;\"><strong>Emballages de compression :<\/strong><\/span><br \/>\n<span style=\"color: #103a5d;\">Les garnitures de compression sont utilis\u00e9es pour fournir une fonction d&rsquo;\u00e9tanch\u00e9it\u00e9 efficace dans les applications de pompes \u00e0 pistons, rotatives et \u00e0 piston. Les garnitures de compression Klinger sont produites en utilisant des mati\u00e8res premi\u00e8res de la plus haute qualit\u00e9 et sont disponibles dans une large gamme de combinaisons pour convenir \u00e0 de nombreuses applications de service. Les garnitures de compression Klinger vont des garnitures traditionnelles \u00e9conomiques aux qualit\u00e9s PTFE de haute qualit\u00e9, qui utilisent les derni\u00e8res technologies pour produire un produit qui r\u00e9pond aux exigences les plus \u00e9lev\u00e9es d&rsquo;un syst\u00e8me de traitement des fluides moderne.<\/span><\/p>\n<ul>\n<li><span style=\"color: #103a5d;\">Emballages en graphite<\/span><\/li>\n<li><span style=\"color: #103a5d;\">Emballages en PTFE<\/span><\/li>\n<li><span style=\"color: #103a5d;\">Emballages en fibres synth\u00e9tiques<\/span><\/li>\n<li><span style=\"color: #103a5d;\">Emballages hybrides<\/span><\/li>\n<li><span style=\"color: #103a5d;\">Mat\u00e9riaux d&#8217;emballage traditionnels<\/span><\/li>\n<\/ul>\n<p>[\/vc_column_text][\/vc_column_inner][vc_column_inner width=\u00a0\u00bb1\/3&Prime;][vc_single_image image=\u00a0\u00bb26468&Prime; img_size=\u00a0\u00bbfull\u00a0\u00bb alignment=\u00a0\u00bbcenter\u00a0\u00bb][vc_empty_space height=\u00a0\u00bb120px\u00a0\u00bb][vc_single_image image=\u00a0\u00bb26469&Prime; img_size=\u00a0\u00bbmedium\u00a0\u00bb alignment=\u00a0\u00bbcenter\u00a0\u00bb][vc_empty_space height=\u00a0\u00bb100px\u00a0\u00bb][vc_single_image image=\u00a0\u00bb26470&Prime; img_size=\u00a0\u00bbmedium\u00a0\u00bb alignment=\u00a0\u00bbcenter\u00a0\u00bb][vc_empty_space height=\u00a0\u00bb100px\u00a0\u00bb][vc_single_image image=\u00a0\u00bb26471&Prime; img_size=\u00a0\u00bbmedium\u00a0\u00bb alignment=\u00a0\u00bbcenter\u00a0\u00bb][vc_empty_space height=\u00a0\u00bb100px\u00a0\u00bb][vc_single_image image=\u00a0\u00bb26472&Prime; img_size=\u00a0\u00bbmedium\u00a0\u00bb alignment=\u00a0\u00bbcenter\u00a0\u00bb][vc_empty_space height=\u00a0\u00bb100px\u00a0\u00bb][vc_single_image image=\u00a0\u00bb26473&Prime; img_size=\u00a0\u00bbmedium\u00a0\u00bb alignment=\u00a0\u00bbcenter\u00a0\u00bb][\/vc_column_inner][\/vc_row_inner][\/vc_tta_section][\/vc_tta_tabs][\/vc_column][\/vc_row][vc_row][vc_column][vc_separator][vc_column_text]<\/p>\n<p style=\"text-align: left;\"><small>Toutes les marques des produits pr\u00e9sent\u00e9s sur ce site appartiennent \u00e0 leurs propri\u00e9taires respectifs. \u00c0 ce titre, ils sont reconnus par La Herramienta Industrial et sont utilis\u00e9s sur ce site des fins d\u00e9claratives seulement.<\/small><\/p>\n<p>[\/vc_column_text][\/vc_column][\/vc_row]<\/p>\n<\/div>","protected":false},"excerpt":{"rendered":"<p>[vc_row][vc_column][vc_tta_tabs style=\u00a0\u00bbmodern\u00a0\u00bb spacing=\u00a0\u00bb15&Prime; gap=\u00a0\u00bb15&Prime; active_section=\u00a0\u00bb1&Prime; pagination_style=\u00a0\u00bbthegem-circle\u00a0\u00bb pagination_color=\u00a0\u00bbmulled-wine\u00a0\u00bb no_fill_content_area=\u00a0\u00bbtrue\u00a0\u00bb][vc_tta_section title=\u00a0\u00bbJames Walker\u00a0\u00bb tab_id=\u00a0\u00bb1527249100086-4e686c9f-8683&Prime;][vc_row_inner][vc_column_inner width=\u00a0\u00bb2\/3&Prime;][vc_column_text]James Walker est une organisation mondiale dynamique, qui fournit dans pratiquement tous les secteurs de l&rsquo;industrie une vaste gamme&#8230;<\/p>\n","protected":false},"author":9,"featured_media":0,"parent":27217,"menu_order":0,"comment_status":"closed","ping_status":"closed","template":"","meta":{"footnotes":""},"class_list":["post-27355","page","type-page","status-publish"],"yoast_head":"<!-- This site is optimized with the Yoast SEO plugin v25.1 - https:\/\/yoast.com\/wordpress\/plugins\/seo\/ -->\n<title>Scellement et Emballage - La Herramienta Industrial<\/title>\n<meta name=\"robots\" content=\"index, follow, max-snippet:-1, max-image-preview:large, max-video-preview:-1\" \/>\n<link rel=\"canonical\" href=\"https:\/\/www.laherramienta.com\/fr\/produits\/scellement-et-emballage\/\" \/>\n<meta property=\"og:locale\" content=\"fr_FR\" \/>\n<meta property=\"og:type\" content=\"article\" \/>\n<meta property=\"og:title\" content=\"Scellement et Emballage - La Herramienta Industrial\" \/>\n<meta property=\"og:description\" content=\"[vc_row][vc_column][vc_tta_tabs style=\u00a0\u00bbmodern\u00a0\u00bb spacing=\u00a0\u00bb15&Prime; gap=\u00a0\u00bb15&Prime; active_section=\u00a0\u00bb1&Prime; pagination_style=\u00a0\u00bbthegem-circle\u00a0\u00bb pagination_color=\u00a0\u00bbmulled-wine\u00a0\u00bb no_fill_content_area=\u00a0\u00bbtrue\u00a0\u00bb][vc_tta_section title=\u00a0\u00bbJames Walker\u00a0\u00bb tab_id=\u00a0\u00bb1527249100086-4e686c9f-8683&Prime;][vc_row_inner][vc_column_inner width=\u00a0\u00bb2\/3&Prime;][vc_column_text]James Walker est une organisation mondiale dynamique, qui fournit dans pratiquement tous les secteurs de l&rsquo;industrie une vaste gamme...\" \/>\n<meta property=\"og:url\" content=\"https:\/\/www.laherramienta.com\/fr\/produits\/scellement-et-emballage\/\" \/>\n<meta property=\"og:site_name\" content=\"La Herramienta Industrial\" \/>\n<meta property=\"article:modified_time\" content=\"2019-11-29T16:07:49+00:00\" \/>\n<meta name=\"twitter:card\" content=\"summary_large_image\" \/>\n<meta name=\"twitter:label1\" content=\"Dur\u00e9e de lecture estim\u00e9e\" \/>\n\t<meta name=\"twitter:data1\" content=\"7 minutes\" \/>\n<script type=\"application\/ld+json\" class=\"yoast-schema-graph\">{\"@context\":\"https:\/\/schema.org\",\"@graph\":[{\"@type\":\"WebPage\",\"@id\":\"https:\/\/www.laherramienta.com\/fr\/produits\/scellement-et-emballage\/\",\"url\":\"https:\/\/www.laherramienta.com\/fr\/produits\/scellement-et-emballage\/\",\"name\":\"Scellement et Emballage - La Herramienta Industrial\",\"isPartOf\":{\"@id\":\"https:\/\/www.laherramienta.com\/#website\"},\"datePublished\":\"2018-05-25T11:10:25+00:00\",\"dateModified\":\"2019-11-29T16:07:49+00:00\",\"breadcrumb\":{\"@id\":\"https:\/\/www.laherramienta.com\/fr\/produits\/scellement-et-emballage\/#breadcrumb\"},\"inLanguage\":\"fr-FR\",\"potentialAction\":[{\"@type\":\"ReadAction\",\"target\":[\"https:\/\/www.laherramienta.com\/fr\/produits\/scellement-et-emballage\/\"]}]},{\"@type\":\"BreadcrumbList\",\"@id\":\"https:\/\/www.laherramienta.com\/fr\/produits\/scellement-et-emballage\/#breadcrumb\",\"itemListElement\":[{\"@type\":\"ListItem\",\"position\":1,\"name\":\"Portada\",\"item\":\"https:\/\/www.laherramienta.com\/fr\/\"},{\"@type\":\"ListItem\",\"position\":2,\"name\":\"Produits\",\"item\":\"https:\/\/www.laherramienta.com\/fr\/produits\/\"},{\"@type\":\"ListItem\",\"position\":3,\"name\":\"Scellement et Emballage\"}]},{\"@type\":\"WebSite\",\"@id\":\"https:\/\/www.laherramienta.com\/#website\",\"url\":\"https:\/\/www.laherramienta.com\/\",\"name\":\"La Herramienta Industrial\",\"description\":\"Maquinaria, grandes equipos y suministro industrial.\",\"publisher\":{\"@id\":\"https:\/\/www.laherramienta.com\/#organization\"},\"potentialAction\":[{\"@type\":\"SearchAction\",\"target\":{\"@type\":\"EntryPoint\",\"urlTemplate\":\"https:\/\/www.laherramienta.com\/?s={search_term_string}\"},\"query-input\":{\"@type\":\"PropertyValueSpecification\",\"valueRequired\":true,\"valueName\":\"search_term_string\"}}],\"inLanguage\":\"fr-FR\"},{\"@type\":\"Organization\",\"@id\":\"https:\/\/www.laherramienta.com\/#organization\",\"name\":\"La Herramienta Industrial\",\"url\":\"https:\/\/www.laherramienta.com\/\",\"logo\":{\"@type\":\"ImageObject\",\"inLanguage\":\"fr-FR\",\"@id\":\"https:\/\/www.laherramienta.com\/#\/schema\/logo\/image\/\",\"url\":\"https:\/\/www.laherramienta.com\/wp-content\/uploads\/2016\/03\/gslhi-150-1-e1491298698248.png\",\"contentUrl\":\"https:\/\/www.laherramienta.com\/wp-content\/uploads\/2016\/03\/gslhi-150-1-e1491298698248.png\",\"width\":100,\"height\":100,\"caption\":\"La Herramienta Industrial\"},\"image\":{\"@id\":\"https:\/\/www.laherramienta.com\/#\/schema\/logo\/image\/\"}}]}<\/script>\n<!-- \/ Yoast SEO plugin. -->","yoast_head_json":{"title":"Scellement et Emballage - La Herramienta Industrial","robots":{"index":"index","follow":"follow","max-snippet":"max-snippet:-1","max-image-preview":"max-image-preview:large","max-video-preview":"max-video-preview:-1"},"canonical":"https:\/\/www.laherramienta.com\/fr\/produits\/scellement-et-emballage\/","og_locale":"fr_FR","og_type":"article","og_title":"Scellement et Emballage - La Herramienta Industrial","og_description":"[vc_row][vc_column][vc_tta_tabs style=\u00a0\u00bbmodern\u00a0\u00bb spacing=\u00a0\u00bb15&Prime; gap=\u00a0\u00bb15&Prime; active_section=\u00a0\u00bb1&Prime; pagination_style=\u00a0\u00bbthegem-circle\u00a0\u00bb pagination_color=\u00a0\u00bbmulled-wine\u00a0\u00bb no_fill_content_area=\u00a0\u00bbtrue\u00a0\u00bb][vc_tta_section title=\u00a0\u00bbJames Walker\u00a0\u00bb tab_id=\u00a0\u00bb1527249100086-4e686c9f-8683&Prime;][vc_row_inner][vc_column_inner width=\u00a0\u00bb2\/3&Prime;][vc_column_text]James Walker est une organisation mondiale dynamique, qui fournit dans pratiquement tous les secteurs de l&rsquo;industrie une vaste gamme...","og_url":"https:\/\/www.laherramienta.com\/fr\/produits\/scellement-et-emballage\/","og_site_name":"La Herramienta Industrial","article_modified_time":"2019-11-29T16:07:49+00:00","twitter_card":"summary_large_image","twitter_misc":{"Dur\u00e9e de lecture estim\u00e9e":"7 minutes"},"schema":{"@context":"https:\/\/schema.org","@graph":[{"@type":"WebPage","@id":"https:\/\/www.laherramienta.com\/fr\/produits\/scellement-et-emballage\/","url":"https:\/\/www.laherramienta.com\/fr\/produits\/scellement-et-emballage\/","name":"Scellement et Emballage - La Herramienta Industrial","isPartOf":{"@id":"https:\/\/www.laherramienta.com\/#website"},"datePublished":"2018-05-25T11:10:25+00:00","dateModified":"2019-11-29T16:07:49+00:00","breadcrumb":{"@id":"https:\/\/www.laherramienta.com\/fr\/produits\/scellement-et-emballage\/#breadcrumb"},"inLanguage":"fr-FR","potentialAction":[{"@type":"ReadAction","target":["https:\/\/www.laherramienta.com\/fr\/produits\/scellement-et-emballage\/"]}]},{"@type":"BreadcrumbList","@id":"https:\/\/www.laherramienta.com\/fr\/produits\/scellement-et-emballage\/#breadcrumb","itemListElement":[{"@type":"ListItem","position":1,"name":"Portada","item":"https:\/\/www.laherramienta.com\/fr\/"},{"@type":"ListItem","position":2,"name":"Produits","item":"https:\/\/www.laherramienta.com\/fr\/produits\/"},{"@type":"ListItem","position":3,"name":"Scellement et Emballage"}]},{"@type":"WebSite","@id":"https:\/\/www.laherramienta.com\/#website","url":"https:\/\/www.laherramienta.com\/","name":"La Herramienta Industrial","description":"Maquinaria, grandes equipos y suministro industrial.","publisher":{"@id":"https:\/\/www.laherramienta.com\/#organization"},"potentialAction":[{"@type":"SearchAction","target":{"@type":"EntryPoint","urlTemplate":"https:\/\/www.laherramienta.com\/?s={search_term_string}"},"query-input":{"@type":"PropertyValueSpecification","valueRequired":true,"valueName":"search_term_string"}}],"inLanguage":"fr-FR"},{"@type":"Organization","@id":"https:\/\/www.laherramienta.com\/#organization","name":"La Herramienta Industrial","url":"https:\/\/www.laherramienta.com\/","logo":{"@type":"ImageObject","inLanguage":"fr-FR","@id":"https:\/\/www.laherramienta.com\/#\/schema\/logo\/image\/","url":"https:\/\/www.laherramienta.com\/wp-content\/uploads\/2016\/03\/gslhi-150-1-e1491298698248.png","contentUrl":"https:\/\/www.laherramienta.com\/wp-content\/uploads\/2016\/03\/gslhi-150-1-e1491298698248.png","width":100,"height":100,"caption":"La Herramienta Industrial"},"image":{"@id":"https:\/\/www.laherramienta.com\/#\/schema\/logo\/image\/"}}]}},"_links":{"self":[{"href":"https:\/\/www.laherramienta.com\/fr\/wp-json\/wp\/v2\/pages\/27355","targetHints":{"allow":["GET"]}}],"collection":[{"href":"https:\/\/www.laherramienta.com\/fr\/wp-json\/wp\/v2\/pages"}],"about":[{"href":"https:\/\/www.laherramienta.com\/fr\/wp-json\/wp\/v2\/types\/page"}],"author":[{"embeddable":true,"href":"https:\/\/www.laherramienta.com\/fr\/wp-json\/wp\/v2\/users\/9"}],"replies":[{"embeddable":true,"href":"https:\/\/www.laherramienta.com\/fr\/wp-json\/wp\/v2\/comments?post=27355"}],"version-history":[{"count":8,"href":"https:\/\/www.laherramienta.com\/fr\/wp-json\/wp\/v2\/pages\/27355\/revisions"}],"predecessor-version":[{"id":28436,"href":"https:\/\/www.laherramienta.com\/fr\/wp-json\/wp\/v2\/pages\/27355\/revisions\/28436"}],"up":[{"embeddable":true,"href":"https:\/\/www.laherramienta.com\/fr\/wp-json\/wp\/v2\/pages\/27217"}],"wp:attachment":[{"href":"https:\/\/www.laherramienta.com\/fr\/wp-json\/wp\/v2\/media?parent=27355"}],"curies":[{"name":"wp","href":"https:\/\/api.w.org\/{rel}","templated":true}]}}