{"id":27386,"date":"2017-10-10T06:00:52","date_gmt":"2017-10-10T06:00:52","guid":{"rendered":"http:\/\/laherramienta.com\/?page_id=27386"},"modified":"2020-01-22T10:02:36","modified_gmt":"2020-01-22T10:02:36","slug":"secteurs","status":"publish","type":"page","link":"https:\/\/www.laherramienta.com\/fr\/secteurs\/","title":{"rendered":"Secteurs"},"content":{"rendered":"<div class=\"wpb-content-wrapper\"><p>[vc_row css=\u00a0\u00bb.vc_custom_1508942860278{margin-top: 90px !important;}\u00a0\u00bb][vc_column width=\u00a0\u00bb1\/4&Prime; css=\u00a0\u00bb.vc_custom_1487160252676{padding-right: -20px !important;}\u00a0\u00bb][vc_single_image image=\u00a0\u00bb25619&Prime; img_size=\u00a0\u00bbfull\u00a0\u00bb css_animation=\u00a0\u00bbslideInUp\u00a0\u00bb][\/vc_column][vc_column width=\u00a0\u00bb1\/4&Prime; css=\u00a0\u00bb.vc_custom_1487160355951{margin-left: -40px !important;}\u00a0\u00bb][vc_column_text css=\u00a0\u00bb.vc_custom_1571924578355{padding-left: -40px !important;}\u00a0\u00bb]<\/p>\n<h5><span style=\"color: #445673;\"><strong>Secteur Industrial<\/strong><\/span><\/h5>\n<p><span style=\"color: #445673;\">Plus de 80 ans dans le secteur, nous sommes leaders dans la fourniture industrielle.<\/span>[\/vc_column_text]<style type=\"text\/css\">.thegem-button-69e19afb1dd232677 .gem-button svg {fill: #445673;}.thegem-button-69e19afb1dd232677 .gem-button:hover svg {fill: #ffffff;}<\/style><div class=\"gem-button-container gem-button-position-inline thegem-button-69e19afb1dd232677    \"  ><a class=\"gem-button gem-button-size-small gem-button-style-outline gem-button-text-weight-normal gem-button-border-2 gem-button-no-uppercase\" data-ll-effect=\"drop-right-without-wrap\" style=\"border-radius: 3px;border-color: #445673;color: #445673;\" onmouseleave=\"this.style.borderColor='#445673';this.style.backgroundColor='transparent';this.style.color='#445673';\" onmouseenter=\"this.style.backgroundColor='#445673';this.style.color='#ffffff';\" href=\"http:\/\/laherramienta.com\/fr\/secteurs\/secteur-industriel\/\" target=\"_self\">Savoir plus<\/a><\/div> [\/vc_column][vc_column width=\u00a0\u00bb1\/4&Prime;][vc_single_image image=\u00a0\u00bb25620&Prime; img_size=\u00a0\u00bbfull\u00a0\u00bb css_animation=\u00a0\u00bbslideInUp\u00a0\u00bb][\/vc_column][vc_column width=\u00a0\u00bb1\/4&Prime; css=\u00a0\u00bb.vc_custom_1487160454858{margin-left: -40px !important;}\u00a0\u00bb][vc_column_text css=\u00a0\u00bb.vc_custom_1571927062534{padding-left: -40px !important;}\u00a0\u00bb]<\/p>\n<h5><span style=\"color: #445673;\"><strong>Exploitation Mini\u00e8re<\/strong><\/span><\/h5>\n<p><span style=\"color: #445673;\">Clients sur les trois continents et les exploitations plus grands du monde.<\/span>[\/vc_column_text]<style type=\"text\/css\">.thegem-button-69e19afb1dde2633 .gem-button svg {fill: #445673;}.thegem-button-69e19afb1dde2633 .gem-button:hover svg {fill: #ffffff;}<\/style><div class=\"gem-button-container gem-button-position-inline thegem-button-69e19afb1dde2633    \"  ><a class=\"gem-button gem-button-size-small gem-button-style-outline gem-button-text-weight-normal gem-button-border-2 gem-button-no-uppercase\" data-ll-effect=\"drop-right-without-wrap\" style=\"border-radius: 3px;border-color: #445673;color: #445673;\" onmouseleave=\"this.style.borderColor='#445673';this.style.backgroundColor='transparent';this.style.color='#445673';\" onmouseenter=\"this.style.backgroundColor='#445673';this.style.color='#ffffff';\" href=\"http:\/\/laherramienta.com\/fr\/secteurs\/exploitation-miniere\/\" target=\"_self\">Savoir plus<\/a><\/div> [\/vc_column][\/vc_row][vc_row][vc_column][vc_empty_space][\/vc_column][\/vc_row][vc_row][vc_column width=\u00a0\u00bb1\/4&Prime; css=\u00a0\u00bb.vc_custom_1487160252676{padding-right: -20px !important;}\u00a0\u00bb][vc_single_image image=\u00a0\u00bb25621&Prime; img_size=\u00a0\u00bbfull\u00a0\u00bb css_animation=\u00a0\u00bbslideInUp\u00a0\u00bb][\/vc_column][vc_column width=\u00a0\u00bb1\/4&Prime; css=\u00a0\u00bb.vc_custom_1487160355951{margin-left: -40px !important;}\u00a0\u00bb][vc_column_text css=\u00a0\u00bb.vc_custom_1571926921697{padding-left: -40px !important;}\u00a0\u00bb]<\/p>\n<h5><span style=\"color: #445673;\">Industrie P\u00e9troli\u00e8re<\/span><\/h5>\n<p>Nous sommes pr\u00e9sents dans plusieurs entreprises p\u00e9trolif\u00e8res et des entreprises annexes.[\/vc_column_text]<style type=\"text\/css\">.thegem-button-69e19afb1de585154 .gem-button svg {fill: #445673;}.thegem-button-69e19afb1de585154 .gem-button:hover svg {fill: #ffffff;}<\/style><div class=\"gem-button-container gem-button-position-inline thegem-button-69e19afb1de585154    \"  ><a class=\"gem-button gem-button-size-small gem-button-style-outline gem-button-text-weight-normal gem-button-border-2 gem-button-no-uppercase\" data-ll-effect=\"drop-right-without-wrap\" style=\"border-radius: 3px;border-color: #445673;color: #445673;\" onmouseleave=\"this.style.borderColor='#445673';this.style.backgroundColor='transparent';this.style.color='#445673';\" onmouseenter=\"this.style.backgroundColor='#445673';this.style.color='#ffffff';\" href=\"http:\/\/laherramienta.com\/fr\/secteurs\/industrie-petroliere\/\" target=\"_self\">Savoir plus<\/a><\/div> [\/vc_column][vc_column width=\u00a0\u00bb1\/4&Prime;][vc_single_image image=\u00a0\u00bb25622&Prime; img_size=\u00a0\u00bbfull\u00a0\u00bb css_animation=\u00a0\u00bbslideInUp\u00a0\u00bb][\/vc_column][vc_column width=\u00a0\u00bb1\/4&Prime; css=\u00a0\u00bb.vc_custom_1487160454858{margin-left: -40px !important;}\u00a0\u00bb][vc_column_text css=\u00a0\u00bb.vc_custom_1571927090896{padding-left: -40px !important;}\u00a0\u00bb]<\/p>\n<h5><span style=\"color: #445673;\">Secteur \u00c9lectrique<\/span><\/h5>\n<p>Nous avons un vaste catalogue que couvre une large gamme de fournitures.[\/vc_column_text]<style type=\"text\/css\">.thegem-button-69e19afb1dec27722 .gem-button svg {fill: #445673;}.thegem-button-69e19afb1dec27722 .gem-button:hover svg {fill: #ffffff;}<\/style><div class=\"gem-button-container gem-button-position-inline thegem-button-69e19afb1dec27722    \"  ><a class=\"gem-button gem-button-size-small gem-button-style-outline gem-button-text-weight-normal gem-button-border-2 gem-button-no-uppercase\" data-ll-effect=\"drop-right-without-wrap\" style=\"border-radius: 3px;border-color: #445673;color: #445673;\" onmouseleave=\"this.style.borderColor='#445673';this.style.backgroundColor='transparent';this.style.color='#445673';\" onmouseenter=\"this.style.backgroundColor='#445673';this.style.color='#ffffff';\" href=\"http:\/\/laherramienta.com\/fr\/secteurs\/secteur-electrique\/\" target=\"_self\">Savoir plus<\/a><\/div> [\/vc_column][\/vc_row][vc_row][vc_column][vc_empty_space][\/vc_column][\/vc_row][vc_row][vc_column width=\u00a0\u00bb1\/4&Prime; css=\u00a0\u00bb.vc_custom_1487160252676{padding-right: -20px !important;}\u00a0\u00bb][vc_single_image image=\u00a0\u00bb25623&Prime; img_size=\u00a0\u00bbfull\u00a0\u00bb css_animation=\u00a0\u00bbslideInUp\u00a0\u00bb][\/vc_column][vc_column width=\u00a0\u00bb1\/4&Prime; css=\u00a0\u00bb.vc_custom_1487160355951{margin-left: -40px !important;}\u00a0\u00bb][vc_column_text css=\u00a0\u00bb.vc_custom_1571926978171{padding-left: -40px !important;}\u00a0\u00bb]<\/p>\n<h5><span style=\"color: #445673;\">Raffineries<\/span><\/h5>\n<p>Nous travaillons avec les pluses grandes raffineries du monde: qualit\u00e9, efient et s\u00e9curit\u00e9.[\/vc_column_text]<style type=\"text\/css\">.thegem-button-69e19afb1df226197 .gem-button svg {fill: #445673;}.thegem-button-69e19afb1df226197 .gem-button:hover svg {fill: #ffffff;}<\/style><div class=\"gem-button-container gem-button-position-inline thegem-button-69e19afb1df226197    \"  ><a class=\"gem-button gem-button-size-small gem-button-style-outline gem-button-text-weight-normal gem-button-border-2 gem-button-no-uppercase\" data-ll-effect=\"drop-right-without-wrap\" style=\"border-radius: 3px;border-color: #445673;color: #445673;\" onmouseleave=\"this.style.borderColor='#445673';this.style.backgroundColor='transparent';this.style.color='#445673';\" onmouseenter=\"this.style.backgroundColor='#445673';this.style.color='#ffffff';\" href=\"http:\/\/laherramienta.com\/fr\/secteurs\/raffineries\/\" target=\"_self\">Savoir plus<\/a><\/div> [\/vc_column][vc_column width=\u00a0\u00bb1\/4&Prime;][vc_single_image image=\u00a0\u00bb25624&Prime; img_size=\u00a0\u00bbfull\u00a0\u00bb css_animation=\u00a0\u00bbslideInUp\u00a0\u00bb][\/vc_column][vc_column width=\u00a0\u00bb1\/4&Prime; css=\u00a0\u00bb.vc_custom_1487160454858{margin-left: -40px !important;}\u00a0\u00bb][vc_column_text css=\u00a0\u00bb.vc_custom_1572452781063{padding-left: -40px !important;}\u00a0\u00bb]<\/p>\n<h5><span style=\"color: #445673;\">\u00c9quipement de Laboratoire<\/span><\/h5>\n<p>Produits de haute technologie pour le secteur pharmaceutique, industriel, chimique\u2026[\/vc_column_text]<style type=\"text\/css\">.thegem-button-69e19afb1df81564 .gem-button svg {fill: #445673;}.thegem-button-69e19afb1df81564 .gem-button:hover svg {fill: #ffffff;}<\/style><div class=\"gem-button-container gem-button-position-inline thegem-button-69e19afb1df81564    \"  ><a class=\"gem-button gem-button-size-small gem-button-style-outline gem-button-text-weight-normal gem-button-border-2 gem-button-no-uppercase\" data-ll-effect=\"drop-right-without-wrap\" style=\"border-radius: 3px;border-color: #445673;color: #445673;\" onmouseleave=\"this.style.borderColor='#445673';this.style.backgroundColor='transparent';this.style.color='#445673';\" onmouseenter=\"this.style.backgroundColor='#445673';this.style.color='#ffffff';\" href=\"http:\/\/laherramienta.com\/fr\/secteurs\/equipement-de-laboratoire\/\" target=\"_self\">Savoir plus<\/a><\/div> [\/vc_column][\/vc_row][vc_row][vc_column][vc_empty_space][\/vc_column][\/vc_row][vc_row][vc_column width=\u00a0\u00bb1\/4&Prime; css=\u00a0\u00bb.vc_custom_1487160252676{padding-right: -20px !important;}\u00a0\u00bb][vc_single_image image=\u00a0\u00bb25625&Prime; img_size=\u00a0\u00bbfull\u00a0\u00bb css_animation=\u00a0\u00bbslideInUp\u00a0\u00bb][\/vc_column][vc_column width=\u00a0\u00bb1\/4&Prime; css=\u00a0\u00bb.vc_custom_1487160355951{margin-left: -40px !important;}\u00a0\u00bb][vc_column_text css=\u00a0\u00bb.vc_custom_1571927011008{padding-left: -40px !important;}\u00a0\u00bb]<\/p>\n<h5><span style=\"color: #445673;\">Travaux Publics<\/span><\/h5>\n<p>Fourniture des machines, des outils, des pi\u00e8ces de rechange et des \u00e9quipements.[\/vc_column_text]<style type=\"text\/css\">.thegem-button-69e19afb1dfdf5074 .gem-button svg {fill: #445673;}.thegem-button-69e19afb1dfdf5074 .gem-button:hover svg {fill: #ffffff;}<\/style><div class=\"gem-button-container gem-button-position-inline thegem-button-69e19afb1dfdf5074    \"  ><a class=\"gem-button gem-button-size-small gem-button-style-outline gem-button-text-weight-normal gem-button-border-2 gem-button-no-uppercase\" data-ll-effect=\"drop-right-without-wrap\" style=\"border-radius: 3px;border-color: #445673;color: #445673;\" onmouseleave=\"this.style.borderColor='#445673';this.style.backgroundColor='transparent';this.style.color='#445673';\" onmouseenter=\"this.style.backgroundColor='#445673';this.style.color='#ffffff';\" href=\"http:\/\/laherramienta.com\/fr\/secteurs\/travaux-public\/\" target=\"_self\">Savoir plus<\/a><\/div> [\/vc_column][vc_column width=\u00a0\u00bb1\/4&Prime;][vc_single_image image=\u00a0\u00bb25626&Prime; img_size=\u00a0\u00bbfull\u00a0\u00bb css_animation=\u00a0\u00bbslideInUp\u00a0\u00bb][\/vc_column][vc_column width=\u00a0\u00bb1\/4&Prime; css=\u00a0\u00bb.vc_custom_1487160454858{margin-left: -40px !important;}\u00a0\u00bb][vc_column_text css=\u00a0\u00bb.vc_custom_1571927166637{padding-left: -40px !important;}\u00a0\u00bb]<\/p>\n<h5><span style=\"color: #445673;\">\u00c9quipement de Protection<\/span><\/h5>\n<p>Une de nos soci\u00e9t\u00e9s est un leader dans ce secteur. Catalogue complet et exp\u00e9rience.[\/vc_column_text]<style type=\"text\/css\">.thegem-button-69e19afb1e0433085 .gem-button svg {fill: #445673;}.thegem-button-69e19afb1e0433085 .gem-button:hover svg {fill: #ffffff;}<\/style><div class=\"gem-button-container gem-button-position-inline thegem-button-69e19afb1e0433085    \"  ><a class=\"gem-button gem-button-size-small gem-button-style-outline gem-button-text-weight-normal gem-button-border-2 gem-button-no-uppercase\" data-ll-effect=\"drop-right-without-wrap\" style=\"border-radius: 3px;border-color: #445673;color: #445673;\" onmouseleave=\"this.style.borderColor='#445673';this.style.backgroundColor='transparent';this.style.color='#445673';\" onmouseenter=\"this.style.backgroundColor='#445673';this.style.color='#ffffff';\" href=\"http:\/\/laherramienta.com\/fr\/secteurs\/equipement-de-protection\/\" target=\"_self\">Savoir plus<\/a><\/div> [\/vc_column][\/vc_row]<\/p>\n<\/div>","protected":false},"excerpt":{"rendered":"<p>[vc_row css=\u00a0\u00bb.vc_custom_1508942860278{margin-top: 90px !important;}\u00a0\u00bb][vc_column width=\u00a0\u00bb1\/4&Prime; css=\u00a0\u00bb.vc_custom_1487160252676{padding-right: -20px !important;}\u00a0\u00bb][vc_single_image image=\u00a0\u00bb25619&Prime; img_size=\u00a0\u00bbfull\u00a0\u00bb css_animation=\u00a0\u00bbslideInUp\u00a0\u00bb][\/vc_column][vc_column width=\u00a0\u00bb1\/4&Prime; css=\u00a0\u00bb.vc_custom_1487160355951{margin-left: -40px !important;}\u00a0\u00bb][vc_column_text css=\u00a0\u00bb.vc_custom_1571924578355{padding-left: -40px !important;}\u00a0\u00bb] Secteur Industrial Plus de 80 ans dans le secteur, nous sommes leaders&#8230;<\/p>\n","protected":false},"author":9,"featured_media":0,"parent":0,"menu_order":0,"comment_status":"closed","ping_status":"closed","template":"","meta":{"footnotes":""},"class_list":["post-27386","page","type-page","status-publish"],"yoast_head":"<!-- This site is optimized with the Yoast SEO plugin v25.1 - https:\/\/yoast.com\/wordpress\/plugins\/seo\/ -->\n<title>Secteurs - La Herramienta Industrial<\/title>\n<meta name=\"robots\" content=\"index, follow, max-snippet:-1, max-image-preview:large, max-video-preview:-1\" \/>\n<link rel=\"canonical\" href=\"https:\/\/www.laherramienta.com\/fr\/secteurs\/\" \/>\n<meta property=\"og:locale\" content=\"fr_FR\" \/>\n<meta property=\"og:type\" content=\"article\" \/>\n<meta property=\"og:title\" content=\"Secteurs - La Herramienta Industrial\" \/>\n<meta property=\"og:description\" content=\"[vc_row css=\u00a0\u00bb.vc_custom_1508942860278{margin-top: 90px !important;}\u00a0\u00bb][vc_column width=\u00a0\u00bb1\/4&Prime; css=\u00a0\u00bb.vc_custom_1487160252676{padding-right: -20px !important;}\u00a0\u00bb][vc_single_image image=\u00a0\u00bb25619&Prime; img_size=\u00a0\u00bbfull\u00a0\u00bb css_animation=\u00a0\u00bbslideInUp\u00a0\u00bb][\/vc_column][vc_column width=\u00a0\u00bb1\/4&Prime; css=\u00a0\u00bb.vc_custom_1487160355951{margin-left: -40px !important;}\u00a0\u00bb][vc_column_text css=\u00a0\u00bb.vc_custom_1571924578355{padding-left: -40px !important;}\u00a0\u00bb] Secteur Industrial Plus de 80 ans dans le secteur, nous sommes leaders...\" \/>\n<meta property=\"og:url\" content=\"https:\/\/www.laherramienta.com\/fr\/secteurs\/\" \/>\n<meta property=\"og:site_name\" content=\"La Herramienta Industrial\" \/>\n<meta property=\"article:modified_time\" content=\"2020-01-22T10:02:36+00:00\" \/>\n<meta name=\"twitter:card\" content=\"summary_large_image\" \/>\n<meta name=\"twitter:label1\" content=\"Dur\u00e9e de lecture estim\u00e9e\" \/>\n\t<meta name=\"twitter:data1\" content=\"4 minutes\" \/>\n<script type=\"application\/ld+json\" class=\"yoast-schema-graph\">{\"@context\":\"https:\/\/schema.org\",\"@graph\":[{\"@type\":\"WebPage\",\"@id\":\"https:\/\/www.laherramienta.com\/fr\/secteurs\/\",\"url\":\"https:\/\/www.laherramienta.com\/fr\/secteurs\/\",\"name\":\"Secteurs - La Herramienta Industrial\",\"isPartOf\":{\"@id\":\"https:\/\/www.laherramienta.com\/#website\"},\"datePublished\":\"2017-10-10T06:00:52+00:00\",\"dateModified\":\"2020-01-22T10:02:36+00:00\",\"breadcrumb\":{\"@id\":\"https:\/\/www.laherramienta.com\/fr\/secteurs\/#breadcrumb\"},\"inLanguage\":\"fr-FR\",\"potentialAction\":[{\"@type\":\"ReadAction\",\"target\":[\"https:\/\/www.laherramienta.com\/fr\/secteurs\/\"]}]},{\"@type\":\"BreadcrumbList\",\"@id\":\"https:\/\/www.laherramienta.com\/fr\/secteurs\/#breadcrumb\",\"itemListElement\":[{\"@type\":\"ListItem\",\"position\":1,\"name\":\"Portada\",\"item\":\"https:\/\/www.laherramienta.com\/fr\/\"},{\"@type\":\"ListItem\",\"position\":2,\"name\":\"Secteurs\"}]},{\"@type\":\"WebSite\",\"@id\":\"https:\/\/www.laherramienta.com\/#website\",\"url\":\"https:\/\/www.laherramienta.com\/\",\"name\":\"La Herramienta Industrial\",\"description\":\"Maquinaria, grandes equipos y suministro industrial.\",\"publisher\":{\"@id\":\"https:\/\/www.laherramienta.com\/#organization\"},\"potentialAction\":[{\"@type\":\"SearchAction\",\"target\":{\"@type\":\"EntryPoint\",\"urlTemplate\":\"https:\/\/www.laherramienta.com\/?s={search_term_string}\"},\"query-input\":{\"@type\":\"PropertyValueSpecification\",\"valueRequired\":true,\"valueName\":\"search_term_string\"}}],\"inLanguage\":\"fr-FR\"},{\"@type\":\"Organization\",\"@id\":\"https:\/\/www.laherramienta.com\/#organization\",\"name\":\"La Herramienta Industrial\",\"url\":\"https:\/\/www.laherramienta.com\/\",\"logo\":{\"@type\":\"ImageObject\",\"inLanguage\":\"fr-FR\",\"@id\":\"https:\/\/www.laherramienta.com\/#\/schema\/logo\/image\/\",\"url\":\"https:\/\/www.laherramienta.com\/wp-content\/uploads\/2016\/03\/gslhi-150-1-e1491298698248.png\",\"contentUrl\":\"https:\/\/www.laherramienta.com\/wp-content\/uploads\/2016\/03\/gslhi-150-1-e1491298698248.png\",\"width\":100,\"height\":100,\"caption\":\"La Herramienta Industrial\"},\"image\":{\"@id\":\"https:\/\/www.laherramienta.com\/#\/schema\/logo\/image\/\"}}]}<\/script>\n<!-- \/ Yoast SEO plugin. -->","yoast_head_json":{"title":"Secteurs - La Herramienta Industrial","robots":{"index":"index","follow":"follow","max-snippet":"max-snippet:-1","max-image-preview":"max-image-preview:large","max-video-preview":"max-video-preview:-1"},"canonical":"https:\/\/www.laherramienta.com\/fr\/secteurs\/","og_locale":"fr_FR","og_type":"article","og_title":"Secteurs - La Herramienta Industrial","og_description":"[vc_row css=\u00a0\u00bb.vc_custom_1508942860278{margin-top: 90px !important;}\u00a0\u00bb][vc_column width=\u00a0\u00bb1\/4&Prime; css=\u00a0\u00bb.vc_custom_1487160252676{padding-right: -20px !important;}\u00a0\u00bb][vc_single_image image=\u00a0\u00bb25619&Prime; img_size=\u00a0\u00bbfull\u00a0\u00bb css_animation=\u00a0\u00bbslideInUp\u00a0\u00bb][\/vc_column][vc_column width=\u00a0\u00bb1\/4&Prime; css=\u00a0\u00bb.vc_custom_1487160355951{margin-left: -40px !important;}\u00a0\u00bb][vc_column_text css=\u00a0\u00bb.vc_custom_1571924578355{padding-left: -40px !important;}\u00a0\u00bb] Secteur Industrial Plus de 80 ans dans le secteur, nous sommes leaders...","og_url":"https:\/\/www.laherramienta.com\/fr\/secteurs\/","og_site_name":"La Herramienta Industrial","article_modified_time":"2020-01-22T10:02:36+00:00","twitter_card":"summary_large_image","twitter_misc":{"Dur\u00e9e de lecture estim\u00e9e":"4 minutes"},"schema":{"@context":"https:\/\/schema.org","@graph":[{"@type":"WebPage","@id":"https:\/\/www.laherramienta.com\/fr\/secteurs\/","url":"https:\/\/www.laherramienta.com\/fr\/secteurs\/","name":"Secteurs - La Herramienta Industrial","isPartOf":{"@id":"https:\/\/www.laherramienta.com\/#website"},"datePublished":"2017-10-10T06:00:52+00:00","dateModified":"2020-01-22T10:02:36+00:00","breadcrumb":{"@id":"https:\/\/www.laherramienta.com\/fr\/secteurs\/#breadcrumb"},"inLanguage":"fr-FR","potentialAction":[{"@type":"ReadAction","target":["https:\/\/www.laherramienta.com\/fr\/secteurs\/"]}]},{"@type":"BreadcrumbList","@id":"https:\/\/www.laherramienta.com\/fr\/secteurs\/#breadcrumb","itemListElement":[{"@type":"ListItem","position":1,"name":"Portada","item":"https:\/\/www.laherramienta.com\/fr\/"},{"@type":"ListItem","position":2,"name":"Secteurs"}]},{"@type":"WebSite","@id":"https:\/\/www.laherramienta.com\/#website","url":"https:\/\/www.laherramienta.com\/","name":"La Herramienta Industrial","description":"Maquinaria, grandes equipos y suministro industrial.","publisher":{"@id":"https:\/\/www.laherramienta.com\/#organization"},"potentialAction":[{"@type":"SearchAction","target":{"@type":"EntryPoint","urlTemplate":"https:\/\/www.laherramienta.com\/?s={search_term_string}"},"query-input":{"@type":"PropertyValueSpecification","valueRequired":true,"valueName":"search_term_string"}}],"inLanguage":"fr-FR"},{"@type":"Organization","@id":"https:\/\/www.laherramienta.com\/#organization","name":"La Herramienta Industrial","url":"https:\/\/www.laherramienta.com\/","logo":{"@type":"ImageObject","inLanguage":"fr-FR","@id":"https:\/\/www.laherramienta.com\/#\/schema\/logo\/image\/","url":"https:\/\/www.laherramienta.com\/wp-content\/uploads\/2016\/03\/gslhi-150-1-e1491298698248.png","contentUrl":"https:\/\/www.laherramienta.com\/wp-content\/uploads\/2016\/03\/gslhi-150-1-e1491298698248.png","width":100,"height":100,"caption":"La Herramienta Industrial"},"image":{"@id":"https:\/\/www.laherramienta.com\/#\/schema\/logo\/image\/"}}]}},"_links":{"self":[{"href":"https:\/\/www.laherramienta.com\/fr\/wp-json\/wp\/v2\/pages\/27386","targetHints":{"allow":["GET"]}}],"collection":[{"href":"https:\/\/www.laherramienta.com\/fr\/wp-json\/wp\/v2\/pages"}],"about":[{"href":"https:\/\/www.laherramienta.com\/fr\/wp-json\/wp\/v2\/types\/page"}],"author":[{"embeddable":true,"href":"https:\/\/www.laherramienta.com\/fr\/wp-json\/wp\/v2\/users\/9"}],"replies":[{"embeddable":true,"href":"https:\/\/www.laherramienta.com\/fr\/wp-json\/wp\/v2\/comments?post=27386"}],"version-history":[{"count":8,"href":"https:\/\/www.laherramienta.com\/fr\/wp-json\/wp\/v2\/pages\/27386\/revisions"}],"predecessor-version":[{"id":27843,"href":"https:\/\/www.laherramienta.com\/fr\/wp-json\/wp\/v2\/pages\/27386\/revisions\/27843"}],"wp:attachment":[{"href":"https:\/\/www.laherramienta.com\/fr\/wp-json\/wp\/v2\/media?parent=27386"}],"curies":[{"name":"wp","href":"https:\/\/api.w.org\/{rel}","templated":true}]}}