{"id":29680,"date":"2023-12-28T10:40:36","date_gmt":"2023-12-28T10:40:36","guid":{"rendered":"https:\/\/www.laherramienta.com\/?page_id=29680"},"modified":"2023-12-29T12:05:15","modified_gmt":"2023-12-29T12:05:15","slug":"batiments-modulaires","status":"publish","type":"page","link":"https:\/\/www.laherramienta.com\/fr\/produits\/batiments-modulaires\/","title":{"rendered":"B\u00e2timents Modulaires"},"content":{"rendered":"<div class=\"wpb-content-wrapper\"><p>[vc_row][vc_column][vc_tta_tabs style=\u00a0\u00bbmodern\u00a0\u00bb spacing=\u00a0\u00bb15&Prime; gap=\u00a0\u00bb15&Prime; active_section=\u00a0\u00bb1&Prime; pagination_style=\u00a0\u00bbthegem-circle\u00a0\u00bb pagination_color=\u00a0\u00bbmulled-wine\u00a0\u00bb css_animation=\u00a0\u00bbnone\u00a0\u00bb no_fill_content_area=\u00a0\u00bbtrue\u00a0\u00bb][vc_tta_section title=\u00a0\u00bbKaeser\u00a0\u00bb tab_id=\u00a0\u00bb1527171752719-f30d864f-84d8&Prime;][vc_row_inner][vc_column_inner width=\u00a0\u00bb2\/3&Prime;][vc_empty_space][vc_column_text]<\/p>\n<h5><span style=\"color: #103a5d;\">Qu&rsquo;est-ce qu&rsquo;un b\u00e2timent modulaire ?<\/span><\/h5>\n<p><span style=\"color: #103a5d;\">Les b\u00e2timents modulaires sont une approche de la construction qui utilise des modules pr\u00e9fabriqu\u00e9s fabriqu\u00e9s dans des environnements contr\u00f4l\u00e9s, ce qui permet une plus grande pr\u00e9cision et une meilleure qualit\u00e9 par rapport aux m\u00e9thodes traditionnelles. Ces modules, qui peuvent \u00eatre des unit\u00e9s d&rsquo;habitation, des bureaux ou des espaces commerciaux, sont assembl\u00e9s sur place pour cr\u00e9er une structure compl\u00e8te.<\/span><\/p>\n<h5><span style=\"color: #103a5d;\">Avantages de la construction modulaire :<\/span><\/h5>\n<ul>\n<li><span style=\"color: #103a5d;\"><strong>Efficacit\u00e9 en termes de temps :<\/strong> la construction modulaire r\u00e9duit consid\u00e9rablement le temps n\u00e9cessaire \u00e0 la r\u00e9alisation d&rsquo;un projet. La fabrication simultan\u00e9e des modules et la pr\u00e9paration du site acc\u00e9l\u00e8rent le processus global, ce qui permet de raccourcir les d\u00e9lais d&rsquo;ex\u00e9cution.<\/span><\/li>\n<li><span style=\"color: #103a5d;\"><strong>Durabilit\u00e9 :<\/strong> en minimisant les d\u00e9chets de construction et en optimisant l&rsquo;utilisation des ressources, les b\u00e2timents modulaires constituent une option \u00e9cologique. En outre, la possibilit\u00e9 de d\u00e9placer et de r\u00e9utiliser les modules contribue \u00e0 la durabilit\u00e9 \u00e0 long terme.<\/span><\/li>\n<li><span style=\"color: #103a5d;\"><strong>Contr\u00f4le des co\u00fbts :<\/strong> la pr\u00e9fabrication dans des environnements contr\u00f4l\u00e9s permet une gestion plus pr\u00e9cise des co\u00fbts, en \u00e9vitant les impr\u00e9vus sur le site de construction. Il en r\u00e9sulte des budgets plus pr\u00e9visibles et, dans de nombreux cas, des \u00e9conomies significatives.<\/span><\/li>\n<li><span style=\"color: #103a5d;\"><strong>Flexibilit\u00e9 de la conception :<\/strong> la polyvalence des b\u00e2timents modulaires permet une grande vari\u00e9t\u00e9 de conceptions personnalis\u00e9es. Qu&rsquo;il s&rsquo;agisse de structures r\u00e9sidentielles ou de complexes commerciaux, l&rsquo;adaptabilit\u00e9 est l&rsquo;un des principaux atouts de cette m\u00e9thode.<\/span><\/li>\n<li><span style=\"color: #103a5d;\"><strong>Assurance qualit\u00e9 :<\/strong> parce qu&rsquo;ils sont fabriqu\u00e9s dans des conditions contr\u00f4l\u00e9es, les modules r\u00e9pondent \u00e0 des normes de qualit\u00e9 rigoureuses. Cela se traduit par une construction plus solide et plus durable.<\/span><\/li>\n<\/ul>\n<h5><span style=\"color: #103a5d;\">Nos services :<\/span><\/h5>\n<p><span style=\"color: #103a5d;\">\u00c0 La Herramienta Industrial, en contact direct avec le fabricant, nous sommes sp\u00e9cialis\u00e9s dans la planification, la conception, l&rsquo;ex\u00e9cution et la commercialisation de projets de construction modulaire. Nous disposons d&rsquo;une \u00e9quipe de professionnels techniques qui se consacrent \u00e0 offrir des solutions personnalis\u00e9es, garantissant ainsi la satisfaction de nos clients.<\/span>[\/vc_column_text][\/vc_column_inner][vc_column_inner width=\u00a0\u00bb1\/3&Prime;][vc_single_image image=\u00a0\u00bb29711&Prime; img_size=\u00a0\u00bbfull\u00a0\u00bb alignment=\u00a0\u00bbright\u00a0\u00bb css=\u00a0\u00bb.vc_custom_1703848590858{margin-top: -30px !important;}\u00a0\u00bb][vc_single_image image=\u00a0\u00bb29792&Prime; img_size=\u00a0\u00bblarge\u00a0\u00bb add_caption=\u00a0\u00bbyes\u00a0\u00bb alignment=\u00a0\u00bbright\u00a0\u00bb][vc_empty_space height=\u00a0\u00bb10px\u00a0\u00bb][vc_single_image image=\u00a0\u00bb29783&Prime; img_size=\u00a0\u00bblarge\u00a0\u00bb add_caption=\u00a0\u00bbyes\u00a0\u00bb alignment=\u00a0\u00bbright\u00a0\u00bb][vc_empty_space height=\u00a0\u00bb10px\u00a0\u00bb][vc_single_image image=\u00a0\u00bb29786&Prime; img_size=\u00a0\u00bblarge\u00a0\u00bb add_caption=\u00a0\u00bbyes\u00a0\u00bb alignment=\u00a0\u00bbright\u00a0\u00bb][vc_empty_space height=\u00a0\u00bb10px\u00a0\u00bb][vc_single_image image=\u00a0\u00bb29789&Prime; img_size=\u00a0\u00bblarge\u00a0\u00bb add_caption=\u00a0\u00bbyes\u00a0\u00bb alignment=\u00a0\u00bbright\u00a0\u00bb][\/vc_column_inner][\/vc_row_inner][\/vc_tta_section][\/vc_tta_tabs][\/vc_column][\/vc_row][vc_row][vc_column][vc_separator][vc_column_text]<\/p>\n<p style=\"text-align: left;\"><small>Toutes les marques des produits pr\u00e9sent\u00e9s sur ce site appartiennent \u00e0 leurs propri\u00e9taires respectifs. \u00c0 ce titre, ils sont reconnus par La Herramienta Industrial et sont utilis\u00e9s sur ce site des fins d\u00e9claratives seulement.<\/small><\/p>\n<p>[\/vc_column_text][\/vc_column][\/vc_row]<\/p>\n<\/div>","protected":false},"excerpt":{"rendered":"<p>[vc_row][vc_column][vc_tta_tabs style=\u00a0\u00bbmodern\u00a0\u00bb spacing=\u00a0\u00bb15&Prime; gap=\u00a0\u00bb15&Prime; active_section=\u00a0\u00bb1&Prime; pagination_style=\u00a0\u00bbthegem-circle\u00a0\u00bb pagination_color=\u00a0\u00bbmulled-wine\u00a0\u00bb css_animation=\u00a0\u00bbnone\u00a0\u00bb no_fill_content_area=\u00a0\u00bbtrue\u00a0\u00bb][vc_tta_section title=\u00a0\u00bbKaeser\u00a0\u00bb tab_id=\u00a0\u00bb1527171752719-f30d864f-84d8&Prime;][vc_row_inner][vc_column_inner width=\u00a0\u00bb2\/3&Prime;][vc_empty_space][vc_column_text] Qu&rsquo;est-ce qu&rsquo;un b\u00e2timent modulaire ? Les b\u00e2timents modulaires sont une approche de la construction qui utilise des modules&#8230;<\/p>\n","protected":false},"author":9,"featured_media":0,"parent":27217,"menu_order":0,"comment_status":"closed","ping_status":"closed","template":"","meta":{"footnotes":""},"class_list":["post-29680","page","type-page","status-publish"],"yoast_head":"<!-- This site is optimized with the Yoast SEO plugin v25.1 - https:\/\/yoast.com\/wordpress\/plugins\/seo\/ -->\n<title>B\u00e2timents Modulaires - La Herramienta Industrial<\/title>\n<meta name=\"description\" content=\"Compresseurs \u00e0 air, piston, vis \u00e0 injection d&#039;huile, stationnaire \u00e0 vis rotative. Cylindres \u00e0 tige. Traitement de l&#039;air. R\u00e9seaux d&#039;air comprim\u00e9, etc.\" \/>\n<meta name=\"robots\" content=\"index, follow, max-snippet:-1, max-image-preview:large, max-video-preview:-1\" \/>\n<link rel=\"canonical\" href=\"https:\/\/www.laherramienta.com\/fr\/produits\/batiments-modulaires\/\" \/>\n<meta property=\"og:locale\" content=\"fr_FR\" \/>\n<meta property=\"og:type\" content=\"article\" \/>\n<meta property=\"og:title\" content=\"B\u00e2timents Modulaires - La Herramienta Industrial\" \/>\n<meta property=\"og:description\" content=\"Compresseurs \u00e0 air, piston, vis \u00e0 injection d&#039;huile, stationnaire \u00e0 vis rotative. Cylindres \u00e0 tige. Traitement de l&#039;air. R\u00e9seaux d&#039;air comprim\u00e9, etc.\" \/>\n<meta property=\"og:url\" content=\"https:\/\/www.laherramienta.com\/fr\/produits\/batiments-modulaires\/\" \/>\n<meta property=\"og:site_name\" content=\"La Herramienta Industrial\" \/>\n<meta property=\"article:modified_time\" content=\"2023-12-29T12:05:15+00:00\" \/>\n<meta name=\"twitter:card\" content=\"summary_large_image\" \/>\n<meta name=\"twitter:label1\" content=\"Dur\u00e9e de lecture estim\u00e9e\" \/>\n\t<meta name=\"twitter:data1\" content=\"3 minutes\" \/>\n<script type=\"application\/ld+json\" class=\"yoast-schema-graph\">{\"@context\":\"https:\/\/schema.org\",\"@graph\":[{\"@type\":\"WebPage\",\"@id\":\"https:\/\/www.laherramienta.com\/fr\/produits\/batiments-modulaires\/\",\"url\":\"https:\/\/www.laherramienta.com\/fr\/produits\/batiments-modulaires\/\",\"name\":\"B\u00e2timents Modulaires - La Herramienta Industrial\",\"isPartOf\":{\"@id\":\"https:\/\/www.laherramienta.com\/#website\"},\"datePublished\":\"2023-12-28T10:40:36+00:00\",\"dateModified\":\"2023-12-29T12:05:15+00:00\",\"description\":\"Compresseurs \u00e0 air, piston, vis \u00e0 injection d'huile, stationnaire \u00e0 vis rotative. Cylindres \u00e0 tige. Traitement de l'air. R\u00e9seaux d'air comprim\u00e9, etc.\",\"breadcrumb\":{\"@id\":\"https:\/\/www.laherramienta.com\/fr\/produits\/batiments-modulaires\/#breadcrumb\"},\"inLanguage\":\"fr-FR\",\"potentialAction\":[{\"@type\":\"ReadAction\",\"target\":[\"https:\/\/www.laherramienta.com\/fr\/produits\/batiments-modulaires\/\"]}]},{\"@type\":\"BreadcrumbList\",\"@id\":\"https:\/\/www.laherramienta.com\/fr\/produits\/batiments-modulaires\/#breadcrumb\",\"itemListElement\":[{\"@type\":\"ListItem\",\"position\":1,\"name\":\"Portada\",\"item\":\"https:\/\/www.laherramienta.com\/fr\/\"},{\"@type\":\"ListItem\",\"position\":2,\"name\":\"Produits\",\"item\":\"https:\/\/www.laherramienta.com\/fr\/produits\/\"},{\"@type\":\"ListItem\",\"position\":3,\"name\":\"B\u00e2timents Modulaires\"}]},{\"@type\":\"WebSite\",\"@id\":\"https:\/\/www.laherramienta.com\/#website\",\"url\":\"https:\/\/www.laherramienta.com\/\",\"name\":\"La Herramienta Industrial\",\"description\":\"Maquinaria, grandes equipos y suministro industrial.\",\"publisher\":{\"@id\":\"https:\/\/www.laherramienta.com\/#organization\"},\"potentialAction\":[{\"@type\":\"SearchAction\",\"target\":{\"@type\":\"EntryPoint\",\"urlTemplate\":\"https:\/\/www.laherramienta.com\/?s={search_term_string}\"},\"query-input\":{\"@type\":\"PropertyValueSpecification\",\"valueRequired\":true,\"valueName\":\"search_term_string\"}}],\"inLanguage\":\"fr-FR\"},{\"@type\":\"Organization\",\"@id\":\"https:\/\/www.laherramienta.com\/#organization\",\"name\":\"La Herramienta Industrial\",\"url\":\"https:\/\/www.laherramienta.com\/\",\"logo\":{\"@type\":\"ImageObject\",\"inLanguage\":\"fr-FR\",\"@id\":\"https:\/\/www.laherramienta.com\/#\/schema\/logo\/image\/\",\"url\":\"https:\/\/www.laherramienta.com\/wp-content\/uploads\/2016\/03\/gslhi-150-1-e1491298698248.png\",\"contentUrl\":\"https:\/\/www.laherramienta.com\/wp-content\/uploads\/2016\/03\/gslhi-150-1-e1491298698248.png\",\"width\":100,\"height\":100,\"caption\":\"La Herramienta Industrial\"},\"image\":{\"@id\":\"https:\/\/www.laherramienta.com\/#\/schema\/logo\/image\/\"}}]}<\/script>\n<!-- \/ Yoast SEO plugin. -->","yoast_head_json":{"title":"B\u00e2timents Modulaires - La Herramienta Industrial","description":"Compresseurs \u00e0 air, piston, vis \u00e0 injection d'huile, stationnaire \u00e0 vis rotative. Cylindres \u00e0 tige. Traitement de l'air. R\u00e9seaux d'air comprim\u00e9, etc.","robots":{"index":"index","follow":"follow","max-snippet":"max-snippet:-1","max-image-preview":"max-image-preview:large","max-video-preview":"max-video-preview:-1"},"canonical":"https:\/\/www.laherramienta.com\/fr\/produits\/batiments-modulaires\/","og_locale":"fr_FR","og_type":"article","og_title":"B\u00e2timents Modulaires - La Herramienta Industrial","og_description":"Compresseurs \u00e0 air, piston, vis \u00e0 injection d'huile, stationnaire \u00e0 vis rotative. Cylindres \u00e0 tige. Traitement de l'air. R\u00e9seaux d'air comprim\u00e9, etc.","og_url":"https:\/\/www.laherramienta.com\/fr\/produits\/batiments-modulaires\/","og_site_name":"La Herramienta Industrial","article_modified_time":"2023-12-29T12:05:15+00:00","twitter_card":"summary_large_image","twitter_misc":{"Dur\u00e9e de lecture estim\u00e9e":"3 minutes"},"schema":{"@context":"https:\/\/schema.org","@graph":[{"@type":"WebPage","@id":"https:\/\/www.laherramienta.com\/fr\/produits\/batiments-modulaires\/","url":"https:\/\/www.laherramienta.com\/fr\/produits\/batiments-modulaires\/","name":"B\u00e2timents Modulaires - La Herramienta Industrial","isPartOf":{"@id":"https:\/\/www.laherramienta.com\/#website"},"datePublished":"2023-12-28T10:40:36+00:00","dateModified":"2023-12-29T12:05:15+00:00","description":"Compresseurs \u00e0 air, piston, vis \u00e0 injection d'huile, stationnaire \u00e0 vis rotative. Cylindres \u00e0 tige. Traitement de l'air. R\u00e9seaux d'air comprim\u00e9, etc.","breadcrumb":{"@id":"https:\/\/www.laherramienta.com\/fr\/produits\/batiments-modulaires\/#breadcrumb"},"inLanguage":"fr-FR","potentialAction":[{"@type":"ReadAction","target":["https:\/\/www.laherramienta.com\/fr\/produits\/batiments-modulaires\/"]}]},{"@type":"BreadcrumbList","@id":"https:\/\/www.laherramienta.com\/fr\/produits\/batiments-modulaires\/#breadcrumb","itemListElement":[{"@type":"ListItem","position":1,"name":"Portada","item":"https:\/\/www.laherramienta.com\/fr\/"},{"@type":"ListItem","position":2,"name":"Produits","item":"https:\/\/www.laherramienta.com\/fr\/produits\/"},{"@type":"ListItem","position":3,"name":"B\u00e2timents Modulaires"}]},{"@type":"WebSite","@id":"https:\/\/www.laherramienta.com\/#website","url":"https:\/\/www.laherramienta.com\/","name":"La Herramienta Industrial","description":"Maquinaria, grandes equipos y suministro industrial.","publisher":{"@id":"https:\/\/www.laherramienta.com\/#organization"},"potentialAction":[{"@type":"SearchAction","target":{"@type":"EntryPoint","urlTemplate":"https:\/\/www.laherramienta.com\/?s={search_term_string}"},"query-input":{"@type":"PropertyValueSpecification","valueRequired":true,"valueName":"search_term_string"}}],"inLanguage":"fr-FR"},{"@type":"Organization","@id":"https:\/\/www.laherramienta.com\/#organization","name":"La Herramienta Industrial","url":"https:\/\/www.laherramienta.com\/","logo":{"@type":"ImageObject","inLanguage":"fr-FR","@id":"https:\/\/www.laherramienta.com\/#\/schema\/logo\/image\/","url":"https:\/\/www.laherramienta.com\/wp-content\/uploads\/2016\/03\/gslhi-150-1-e1491298698248.png","contentUrl":"https:\/\/www.laherramienta.com\/wp-content\/uploads\/2016\/03\/gslhi-150-1-e1491298698248.png","width":100,"height":100,"caption":"La Herramienta Industrial"},"image":{"@id":"https:\/\/www.laherramienta.com\/#\/schema\/logo\/image\/"}}]}},"_links":{"self":[{"href":"https:\/\/www.laherramienta.com\/fr\/wp-json\/wp\/v2\/pages\/29680","targetHints":{"allow":["GET"]}}],"collection":[{"href":"https:\/\/www.laherramienta.com\/fr\/wp-json\/wp\/v2\/pages"}],"about":[{"href":"https:\/\/www.laherramienta.com\/fr\/wp-json\/wp\/v2\/types\/page"}],"author":[{"embeddable":true,"href":"https:\/\/www.laherramienta.com\/fr\/wp-json\/wp\/v2\/users\/9"}],"replies":[{"embeddable":true,"href":"https:\/\/www.laherramienta.com\/fr\/wp-json\/wp\/v2\/comments?post=29680"}],"version-history":[{"count":4,"href":"https:\/\/www.laherramienta.com\/fr\/wp-json\/wp\/v2\/pages\/29680\/revisions"}],"predecessor-version":[{"id":29796,"href":"https:\/\/www.laherramienta.com\/fr\/wp-json\/wp\/v2\/pages\/29680\/revisions\/29796"}],"up":[{"embeddable":true,"href":"https:\/\/www.laherramienta.com\/fr\/wp-json\/wp\/v2\/pages\/27217"}],"wp:attachment":[{"href":"https:\/\/www.laherramienta.com\/fr\/wp-json\/wp\/v2\/media?parent=29680"}],"curies":[{"name":"wp","href":"https:\/\/api.w.org\/{rel}","templated":true}]}}