{"id":30222,"date":"2026-01-19T12:22:15","date_gmt":"2026-01-19T12:22:15","guid":{"rendered":"https:\/\/www.laherramienta.com\/?page_id=30222"},"modified":"2026-01-19T12:22:03","modified_gmt":"2026-01-19T12:22:03","slug":"grands-sacs","status":"publish","type":"page","link":"https:\/\/www.laherramienta.com\/fr\/produits\/grands-sacs\/","title":{"rendered":"Grands Sacs"},"content":{"rendered":"<div class=\"wpb-content-wrapper\"><p>[vc_row][vc_column][vc_tta_tabs style=\u00a0\u00bbmodern\u00a0\u00bb spacing=\u00a0\u00bb15&Prime; gap=\u00a0\u00bb15&Prime; active_section=\u00a0\u00bb1&Prime; pagination_style=\u00a0\u00bbthegem-circle\u00a0\u00bb pagination_color=\u00a0\u00bbmulled-wine\u00a0\u00bb no_fill_content_area=\u00a0\u00bbtrue\u00a0\u00bb][vc_tta_section title=\u00a0\u00bbUmasree Texplast\u00a0\u00bb tab_id=\u00a0\u00bb1527249118840-be67dd2e-67ac\u00a0\u00bb][vc_row_inner][vc_column_inner width=\u00a0\u00bb2\/3&Prime;][vc_column_text css=\u00a0\u00bb\u00a0\u00bb]Les sacs FICB (Flexible Intermediate Bulk Container), \u00e9galement appel\u00e9s Big Bags, sacs jumbo ou sacs en vrac, sont l&rsquo;un des types d&#8217;emballage les plus rentables pour le stockage et le transport d&rsquo;une large gamme de mat\u00e9riaux, tels que les produits chimiques, les aliments, les m\u00e9taux, etc. Fabriqu\u00e9s \u00e0 partir de tissu tubulaire ou plat, ces sacs ont une grande capacit\u00e9 de stockage. Ils sont con\u00e7us sur mesure selon les exigences du client, ce qui permet d&rsquo;offrir une large gamme de sacs parmi lesquels choisir.<\/p>\n<p>La gamme de sacs FIBC que nous proposons est la suivante :<\/p>\n<h3>Sacs standard<\/h3>\n<p>Ils comprennent des sacs pour la construction, des sacs pour le levage dans les tunnels, des sacs avec des boucles aux coins et aux coins crois\u00e9s, avec plusieurs options de fixation en haut et en bas. Con\u00e7us pour transporter des charges comprises entre 500 et 2 000 kg, avec un coefficient de s\u00e9curit\u00e9 de 5:1\/6:1, ces sacs offrent un meilleur stockage et un meilleur transport que les sacs tiss\u00e9s traditionnels.<\/p>\n<p>Les sacs pour la construction sont principalement utilis\u00e9s pour stocker des mat\u00e9riaux de construction tels que le gravier, le sable, la pierre, etc. Ils ont une partie sup\u00e9rieure ouverte et une partie inf\u00e9rieure plate. Les sacs \u00e0 levage de type tunnel sont une version am\u00e9lior\u00e9e des sacs de construction qui permettent de r\u00e9duire les co\u00fbts de main-d&rsquo;\u0153uvre et le temps de remplissage des sacs. Les sacs standard peuvent \u00e9galement \u00eatre utilis\u00e9s pour le stockage de produits chimiques, alimentaires et pharmaceutiques.<\/p>\n<p>Les options disponibles sont les suivantes :<\/p>\n<ul>\n<li>Plage SWL : 500 kg \u00e0 2000 kg.<\/li>\n<li>S.F.: 5:1, 6:1.<\/li>\n<li>Tissu : enduit\/non enduit.<\/li>\n<li>Rev\u00eatement : tubulaire\/fa\u00e7onn\u00e9.<\/li>\n<li>Impression en 4 couleurs.<\/li>\n<li>Plusieurs options de construction sup\u00e9rieure et inf\u00e9rieure.<\/li>\n<\/ul>\n<h3>Sacs Q\/sacs avec d\u00e9flecteurs<\/h3>\n<p>La conception des sacs Q consiste \u00e0 coudre des d\u00e9flecteurs en polypropyl\u00e8ne aux quatre coins du sac FIBC. Ainsi, lorsque le sac est rempli, les d\u00e9flecteurs emp\u00eachent les c\u00f4t\u00e9s de se bomber ou de s&rsquo;affaisser pendant le stockage ou le transport, ce qui conf\u00e8re aux sacs une forme droite.<\/p>\n<p>Les sacs Q offrent de nombreux avantages aux clients :<\/p>\n<ul>\n<li>30 % de mati\u00e8re en plus par sac par rapport aux FIBC standard.<\/li>\n<li>Meilleure utilisation et optimisation de l&rsquo;espace de stockage disponible.<\/li>\n<li>Reste dans les dimensions de la palette lorsqu&rsquo;il est plein.<\/li>\n<\/ul>\n<p>Les sacs \u00e0 d\u00e9flecteurs sont utilis\u00e9s dans les industries alimentaire, chimique et pharmaceutique.<\/p>\n<h3>Sacs certifi\u00e9s par l&rsquo;ONU<\/h3>\n<p>Ils sont con\u00e7us pour transporter des produits dangereux et leur utilisation est r\u00e9glement\u00e9e par l&rsquo;Association des Nations Unies, commun\u00e9ment appel\u00e9e le Livre orange. <a href=\"https:\/\/unece.org\/es\/rev-17-2011\" target=\"_blank\" rel=\"noopener\">Livre orange<\/a>.<\/p>\n<p>Il existe quatre types de GRVS pour marchandises dangereuses fabriqu\u00e9s en plastique tiss\u00e9 :<\/p>\n<ul>\n<li>13 H 1 : plastique tiss\u00e9 sans rev\u00eatement et sans doublure int\u00e9rieure.<\/li>\n<li>13 H 2 : plastique tiss\u00e9, rev\u00eatu et sans doublure int\u00e9rieure.<\/li>\n<li>13 H 3 : plastique tiss\u00e9, sans rev\u00eatement et avec doublure int\u00e9rieure.<\/li>\n<li>13 H 4 : plastique tiss\u00e9, rev\u00eatu et avec doublure int\u00e9rieure.<\/li>\n<\/ul>\n<h3>Sacs ventil\u00e9s<\/h3>\n<p>Ils sont sp\u00e9cialement con\u00e7us pour stocker des aliments. Le tissu ventil\u00e9 permet \u00e0 l&rsquo;air de circuler \u00e0 l&rsquo;int\u00e9rieur du sac, ce qui \u00e9vite la d\u00e9t\u00e9rioration due \u00e0 l&rsquo;accumulation d&rsquo;humidit\u00e9 et de moisissure..<\/p>\n<p>Les options disponibles sont les suivantes :<\/p>\n<ul>\n<li>Plage SWL : 500 kg \u00e0 2000 kg.<\/li>\n<li>S.F.: 5:1, 6:1.<\/li>\n<li>Sacs avec code UN.<\/li>\n<li>Tissu : sans rev\u00eatement.<\/li>\n<li>Doublure : tubulaire\/form\u00e9e.<\/li>\n<li>Impression en 4 couleurs.<\/li>\n<\/ul>\n<p>[\/vc_column_text][\/vc_column_inner][vc_column_inner width=\u00a0\u00bb1\/3&Prime;][vc_single_image image=\u00a0\u00bb30231&Prime; img_size=\u00a0\u00bblarge\u00a0\u00bb alignment=\u00a0\u00bbcenter\u00a0\u00bb css=\u00a0\u00bb.vc_custom_1768557334606{margin-right: 95px !important;margin-left: 95px !important;}\u00a0\u00bb][vc_empty_space height=\u00a0\u00bb80px\u00a0\u00bb][vc_single_image image=\u00a0\u00bb30383&Prime; img_size=\u00a0\u00bbfull\u00a0\u00bb alignment=\u00a0\u00bbcenter\u00a0\u00bb css=\u00a0\u00bb.vc_custom_1768478952687{margin-right: 40px !important;margin-left: 40px !important;}\u00a0\u00bb][vc_empty_space height=\u00a0\u00bb90px\u00a0\u00bb][vc_single_image image=\u00a0\u00bb30376&Prime; img_size=\u00a0\u00bbfull\u00a0\u00bb alignment=\u00a0\u00bbcenter\u00a0\u00bb css=\u00a0\u00bb.vc_custom_1768478830463{margin-right: 40px !important;margin-left: 40px !important;}\u00a0\u00bb][vc_empty_space height=\u00a0\u00bb90px\u00a0\u00bb][vc_single_image image=\u00a0\u00bb30379&Prime; img_size=\u00a0\u00bbfull\u00a0\u00bb alignment=\u00a0\u00bbcenter\u00a0\u00bb css=\u00a0\u00bb.vc_custom_1768478850421{margin-right: 40px !important;margin-left: 40px !important;}\u00a0\u00bb][\/vc_column_inner][\/vc_row_inner][\/vc_tta_section][\/vc_tta_tabs][\/vc_column][\/vc_row][vc_row][vc_column][vc_separator][vc_column_text css=\u00a0\u00bb\u00a0\u00bb]<\/p>\n<p style=\"text-align: left;\"><small>Toutes les marques commerciales des produits pr\u00e9sent\u00e9s sur ce site appartiennent \u00e0 leurs propri\u00e9taires respectifs. Elles sont reconnues comme telles par La Herramienta Industrial et sont utilis\u00e9es sur ce site web \u00e0 titre indicatif uniquement.<\/small><\/p>\n<p>[\/vc_column_text][\/vc_column][\/vc_row]<\/p>\n<\/div>","protected":false},"excerpt":{"rendered":"<p>[vc_row][vc_column][vc_tta_tabs style=\u00a0\u00bbmodern\u00a0\u00bb spacing=\u00a0\u00bb15&Prime; gap=\u00a0\u00bb15&Prime; active_section=\u00a0\u00bb1&Prime; pagination_style=\u00a0\u00bbthegem-circle\u00a0\u00bb pagination_color=\u00a0\u00bbmulled-wine\u00a0\u00bb no_fill_content_area=\u00a0\u00bbtrue\u00a0\u00bb][vc_tta_section title=\u00a0\u00bbUmasree Texplast\u00a0\u00bb tab_id=\u00a0\u00bb1527249118840-be67dd2e-67ac\u00a0\u00bb][vc_row_inner][vc_column_inner width=\u00a0\u00bb2\/3&Prime;][vc_column_text css=\u00a0\u00bb\u00a0\u00bb]Les sacs FICB (Flexible Intermediate Bulk Container), \u00e9galement appel\u00e9s Big Bags, sacs jumbo ou sacs en vrac, sont&#8230;<\/p>\n","protected":false},"author":9,"featured_media":0,"parent":27217,"menu_order":0,"comment_status":"closed","ping_status":"closed","template":"","meta":{"footnotes":""},"class_list":["post-30222","page","type-page","status-publish"],"yoast_head":"<!-- This site is optimized with the Yoast SEO plugin v25.1 - https:\/\/yoast.com\/wordpress\/plugins\/seo\/ -->\n<title>Grands Sacs - La Herramienta Industrial<\/title>\n<meta name=\"description\" content=\"Les sacs Big Bags sont l&#039;un des types d&#039;emballage les plus rentables pour le stockage et le transport d&#039;une large gamme de mat\u00e9riaux.\" \/>\n<meta name=\"robots\" content=\"index, follow, max-snippet:-1, max-image-preview:large, max-video-preview:-1\" \/>\n<link rel=\"canonical\" href=\"https:\/\/www.laherramienta.com\/fr\/produits\/grands-sacs\/\" \/>\n<meta property=\"og:locale\" content=\"fr_FR\" \/>\n<meta property=\"og:type\" content=\"article\" \/>\n<meta property=\"og:title\" content=\"Grands Sacs - La Herramienta Industrial\" \/>\n<meta property=\"og:description\" content=\"Les sacs Big Bags sont l&#039;un des types d&#039;emballage les plus rentables pour le stockage et le transport d&#039;une large gamme de mat\u00e9riaux.\" \/>\n<meta property=\"og:url\" content=\"https:\/\/www.laherramienta.com\/fr\/produits\/grands-sacs\/\" \/>\n<meta property=\"og:site_name\" content=\"La Herramienta Industrial\" \/>\n<meta name=\"twitter:card\" content=\"summary_large_image\" \/>\n<meta name=\"twitter:label1\" content=\"Dur\u00e9e de lecture estim\u00e9e\" \/>\n\t<meta name=\"twitter:data1\" content=\"3 minutes\" \/>\n<script type=\"application\/ld+json\" class=\"yoast-schema-graph\">{\"@context\":\"https:\/\/schema.org\",\"@graph\":[{\"@type\":\"WebPage\",\"@id\":\"https:\/\/www.laherramienta.com\/fr\/produits\/grands-sacs\/\",\"url\":\"https:\/\/www.laherramienta.com\/fr\/produits\/grands-sacs\/\",\"name\":\"Grands Sacs - La Herramienta Industrial\",\"isPartOf\":{\"@id\":\"https:\/\/www.laherramienta.com\/#website\"},\"datePublished\":\"2026-01-19T12:22:15+00:00\",\"description\":\"Les sacs Big Bags sont l'un des types d'emballage les plus rentables pour le stockage et le transport d'une large gamme de mat\u00e9riaux.\",\"breadcrumb\":{\"@id\":\"https:\/\/www.laherramienta.com\/fr\/produits\/grands-sacs\/#breadcrumb\"},\"inLanguage\":\"fr-FR\",\"potentialAction\":[{\"@type\":\"ReadAction\",\"target\":[\"https:\/\/www.laherramienta.com\/fr\/produits\/grands-sacs\/\"]}]},{\"@type\":\"BreadcrumbList\",\"@id\":\"https:\/\/www.laherramienta.com\/fr\/produits\/grands-sacs\/#breadcrumb\",\"itemListElement\":[{\"@type\":\"ListItem\",\"position\":1,\"name\":\"Portada\",\"item\":\"https:\/\/www.laherramienta.com\/fr\/\"},{\"@type\":\"ListItem\",\"position\":2,\"name\":\"Produits\",\"item\":\"https:\/\/www.laherramienta.com\/fr\/produits\/\"},{\"@type\":\"ListItem\",\"position\":3,\"name\":\"Grands Sacs\"}]},{\"@type\":\"WebSite\",\"@id\":\"https:\/\/www.laherramienta.com\/#website\",\"url\":\"https:\/\/www.laherramienta.com\/\",\"name\":\"La Herramienta Industrial\",\"description\":\"Maquinaria, grandes equipos y suministro industrial.\",\"publisher\":{\"@id\":\"https:\/\/www.laherramienta.com\/#organization\"},\"potentialAction\":[{\"@type\":\"SearchAction\",\"target\":{\"@type\":\"EntryPoint\",\"urlTemplate\":\"https:\/\/www.laherramienta.com\/?s={search_term_string}\"},\"query-input\":{\"@type\":\"PropertyValueSpecification\",\"valueRequired\":true,\"valueName\":\"search_term_string\"}}],\"inLanguage\":\"fr-FR\"},{\"@type\":\"Organization\",\"@id\":\"https:\/\/www.laherramienta.com\/#organization\",\"name\":\"La Herramienta Industrial\",\"url\":\"https:\/\/www.laherramienta.com\/\",\"logo\":{\"@type\":\"ImageObject\",\"inLanguage\":\"fr-FR\",\"@id\":\"https:\/\/www.laherramienta.com\/#\/schema\/logo\/image\/\",\"url\":\"https:\/\/www.laherramienta.com\/wp-content\/uploads\/2016\/03\/gslhi-150-1-e1491298698248.png\",\"contentUrl\":\"https:\/\/www.laherramienta.com\/wp-content\/uploads\/2016\/03\/gslhi-150-1-e1491298698248.png\",\"width\":100,\"height\":100,\"caption\":\"La Herramienta Industrial\"},\"image\":{\"@id\":\"https:\/\/www.laherramienta.com\/#\/schema\/logo\/image\/\"}}]}<\/script>\n<!-- \/ Yoast SEO plugin. -->","yoast_head_json":{"title":"Grands Sacs - La Herramienta Industrial","description":"Les sacs Big Bags sont l'un des types d'emballage les plus rentables pour le stockage et le transport d'une large gamme de mat\u00e9riaux.","robots":{"index":"index","follow":"follow","max-snippet":"max-snippet:-1","max-image-preview":"max-image-preview:large","max-video-preview":"max-video-preview:-1"},"canonical":"https:\/\/www.laherramienta.com\/fr\/produits\/grands-sacs\/","og_locale":"fr_FR","og_type":"article","og_title":"Grands Sacs - La Herramienta Industrial","og_description":"Les sacs Big Bags sont l'un des types d'emballage les plus rentables pour le stockage et le transport d'une large gamme de mat\u00e9riaux.","og_url":"https:\/\/www.laherramienta.com\/fr\/produits\/grands-sacs\/","og_site_name":"La Herramienta Industrial","twitter_card":"summary_large_image","twitter_misc":{"Dur\u00e9e de lecture estim\u00e9e":"3 minutes"},"schema":{"@context":"https:\/\/schema.org","@graph":[{"@type":"WebPage","@id":"https:\/\/www.laherramienta.com\/fr\/produits\/grands-sacs\/","url":"https:\/\/www.laherramienta.com\/fr\/produits\/grands-sacs\/","name":"Grands Sacs - La Herramienta Industrial","isPartOf":{"@id":"https:\/\/www.laherramienta.com\/#website"},"datePublished":"2026-01-19T12:22:15+00:00","description":"Les sacs Big Bags sont l'un des types d'emballage les plus rentables pour le stockage et le transport d'une large gamme de mat\u00e9riaux.","breadcrumb":{"@id":"https:\/\/www.laherramienta.com\/fr\/produits\/grands-sacs\/#breadcrumb"},"inLanguage":"fr-FR","potentialAction":[{"@type":"ReadAction","target":["https:\/\/www.laherramienta.com\/fr\/produits\/grands-sacs\/"]}]},{"@type":"BreadcrumbList","@id":"https:\/\/www.laherramienta.com\/fr\/produits\/grands-sacs\/#breadcrumb","itemListElement":[{"@type":"ListItem","position":1,"name":"Portada","item":"https:\/\/www.laherramienta.com\/fr\/"},{"@type":"ListItem","position":2,"name":"Produits","item":"https:\/\/www.laherramienta.com\/fr\/produits\/"},{"@type":"ListItem","position":3,"name":"Grands Sacs"}]},{"@type":"WebSite","@id":"https:\/\/www.laherramienta.com\/#website","url":"https:\/\/www.laherramienta.com\/","name":"La Herramienta Industrial","description":"Maquinaria, grandes equipos y suministro industrial.","publisher":{"@id":"https:\/\/www.laherramienta.com\/#organization"},"potentialAction":[{"@type":"SearchAction","target":{"@type":"EntryPoint","urlTemplate":"https:\/\/www.laherramienta.com\/?s={search_term_string}"},"query-input":{"@type":"PropertyValueSpecification","valueRequired":true,"valueName":"search_term_string"}}],"inLanguage":"fr-FR"},{"@type":"Organization","@id":"https:\/\/www.laherramienta.com\/#organization","name":"La Herramienta Industrial","url":"https:\/\/www.laherramienta.com\/","logo":{"@type":"ImageObject","inLanguage":"fr-FR","@id":"https:\/\/www.laherramienta.com\/#\/schema\/logo\/image\/","url":"https:\/\/www.laherramienta.com\/wp-content\/uploads\/2016\/03\/gslhi-150-1-e1491298698248.png","contentUrl":"https:\/\/www.laherramienta.com\/wp-content\/uploads\/2016\/03\/gslhi-150-1-e1491298698248.png","width":100,"height":100,"caption":"La Herramienta Industrial"},"image":{"@id":"https:\/\/www.laherramienta.com\/#\/schema\/logo\/image\/"}}]}},"_links":{"self":[{"href":"https:\/\/www.laherramienta.com\/fr\/wp-json\/wp\/v2\/pages\/30222","targetHints":{"allow":["GET"]}}],"collection":[{"href":"https:\/\/www.laherramienta.com\/fr\/wp-json\/wp\/v2\/pages"}],"about":[{"href":"https:\/\/www.laherramienta.com\/fr\/wp-json\/wp\/v2\/types\/page"}],"author":[{"embeddable":true,"href":"https:\/\/www.laherramienta.com\/fr\/wp-json\/wp\/v2\/users\/9"}],"replies":[{"embeddable":true,"href":"https:\/\/www.laherramienta.com\/fr\/wp-json\/wp\/v2\/comments?post=30222"}],"version-history":[{"count":3,"href":"https:\/\/www.laherramienta.com\/fr\/wp-json\/wp\/v2\/pages\/30222\/revisions"}],"predecessor-version":[{"id":30653,"href":"https:\/\/www.laherramienta.com\/fr\/wp-json\/wp\/v2\/pages\/30222\/revisions\/30653"}],"up":[{"embeddable":true,"href":"https:\/\/www.laherramienta.com\/fr\/wp-json\/wp\/v2\/pages\/27217"}],"wp:attachment":[{"href":"https:\/\/www.laherramienta.com\/fr\/wp-json\/wp\/v2\/media?parent=30222"}],"curies":[{"name":"wp","href":"https:\/\/api.w.org\/{rel}","templated":true}]}}